{"id":7537,"date":"2022-01-30T16:04:38","date_gmt":"2022-01-30T16:04:38","guid":{"rendered":"https:\/\/fxcess-com.wp-dev.int.theitops.net\/?page_id=7537"},"modified":"2025-07-04T09:57:26","modified_gmt":"2025-07-04T09:57:26","slug":"commodities-spreads-classic","status":"publish","type":"page","link":"https:\/\/www.fxcess-id.com\/fr\/markets\/commodities-spreads-classic\/","title":{"rendered":"Commodities Spreads Classic"},"content":{"rendered":"<div data-elementor-type=\"wp-page\" data-elementor-id=\"7537\" class=\"elementor elementor-7537\" data-elementor-post-type=\"page\">\n\t\t\t\t\t\t<section class=\"elementor-section elementor-top-section elementor-element elementor-element-d7cacbd elementor-section-boxed elementor-section-height-default elementor-section-height-default\" data-id=\"d7cacbd\" data-element_type=\"section\" data-e-type=\"section\">\n\t\t\t\t\t\t<div class=\"elementor-container elementor-column-gap-no\">\n\t\t\t\t\t<div class=\"elementor-column elementor-col-100 elementor-top-column elementor-element elementor-element-0004bc1\" data-id=\"0004bc1\" data-element_type=\"column\" data-e-type=\"column\">\n\t\t\t<div class=\"elementor-widget-wrap elementor-element-populated\">\n\t\t\t\t\t\t<div class=\"elementor-element elementor-element-caac003 elementor-widget elementor-widget-heading\" data-id=\"caac003\" data-element_type=\"widget\" data-e-type=\"widget\" data-widget_type=\"heading.default\">\n\t\t\t\t\t<h1 class=\"elementor-heading-title elementor-size-default\">Fxcess Spreads<\/h1>\t\t\t\t<\/div>\n\t\t\t\t<div class=\"elementor-element elementor-element-26b13fd elementor-widget elementor-widget-text-editor\" data-id=\"26b13fd\" data-element_type=\"widget\" data-e-type=\"widget\" data-widget_type=\"text-editor.default\">\n\t\t\t\t\t\t\t\t\tNos spreads serr\u00e9s et notre ex\u00e9cution rapide du march\u00e9 vous offrent le privil\u00e8ge de contr\u00f4ler vos trades, quel que soit l'instrument que vous choisissez.\u202fAyez l'avantage sur la concurrence et le confort d'appliquer la strat\u00e9gie de trading de votre choix.\t\t\t\t\t\t\t\t<\/div>\n\t\t\t\t<div class=\"elementor-element elementor-element-1d8aade elementor-align-center elementor-widget elementor-widget-button\" data-id=\"1d8aade\" data-element_type=\"widget\" data-e-type=\"widget\" data-settings=\"{&quot;_animation&quot;:&quot;none&quot;}\" data-widget_type=\"button.default\">\n\t\t\t\t\t\t\t\t\t\t<a class=\"elementor-button elementor-button-link elementor-size-sm\" href=\"https:\/\/my.fxcess.com\/registration?flowkey=trading\" target=\"_blank\">\n\t\t\t\t\t\t<span class=\"elementor-button-content-wrapper\">\n\t\t\t\t\t\t\t\t\t<span class=\"elementor-button-text\">Ouvrir un compte<\/span>\n\t\t\t\t\t<\/span>\n\t\t\t\t\t<\/a>\n\t\t\t\t\t\t\t\t<\/div>\n\t\t\t\t\t<\/div>\n\t\t<\/div>\n\t\t\t\t\t<\/div>\n\t\t<\/section>\n\t\t\t\t<section class=\"elementor-section elementor-top-section elementor-element elementor-element-310c5cc elementor-section-boxed elementor-section-height-default elementor-section-height-default\" data-id=\"310c5cc\" data-element_type=\"section\" data-e-type=\"section\" id=\"instruments_table_container\" data-settings=\"{&quot;background_background&quot;:&quot;classic&quot;}\">\n\t\t\t\t\t\t<div class=\"elementor-container elementor-column-gap-no\">\n\t\t\t\t\t<div class=\"elementor-column elementor-col-100 elementor-top-column elementor-element elementor-element-3375d49\" data-id=\"3375d49\" data-element_type=\"column\" data-e-type=\"column\" data-settings=\"{&quot;background_background&quot;:&quot;classic&quot;}\">\n\t\t\t<div class=\"elementor-widget-wrap elementor-element-populated\">\n\t\t\t\t\t\t<section class=\"elementor-section elementor-inner-section elementor-element elementor-element-a0c7cf2 elementor-section-full_width elementor-section-height-default elementor-section-height-default\" data-id=\"a0c7cf2\" data-element_type=\"section\" data-e-type=\"section\">\n\t\t\t\t\t\t<div class=\"elementor-container elementor-column-gap-no\">\n\t\t\t\t\t<div class=\"elementor-column elementor-col-100 elementor-inner-column elementor-element elementor-element-80b6164 elementor-hidden-tablet elementor-hidden-mobile\" data-id=\"80b6164\" data-element_type=\"column\" data-e-type=\"column\">\n\t\t\t<div class=\"elementor-widget-wrap elementor-element-populated\">\n\t\t\t\t\t\t<div class=\"elementor-element elementor-element-5089aee elementor-widget__width-initial elementor-widget elementor-widget-text-editor\" data-id=\"5089aee\" data-element_type=\"widget\" data-e-type=\"widget\" data-widget_type=\"text-editor.default\">\n\t\t\t\t\t\t\t\t\t<a href=\"\/fr\/markets\/forex-spreads-classic\/#instruments_table_container\">Forex<\/a>\t\t\t\t\t\t\t\t<\/div>\n\t\t\t\t<div class=\"elementor-element elementor-element-ecfd5c7 elementor-widget__width-initial elementor-widget elementor-widget-text-editor\" data-id=\"ecfd5c7\" data-element_type=\"widget\" data-e-type=\"widget\" data-widget_type=\"text-editor.default\">\n\t\t\t\t\t\t\t\t\t<a href=\"\/fr\/markets\/metals-spreads-classic\/#instruments_table_container\">M\u00e9taux<\/a>\t\t\t\t\t\t\t\t<\/div>\n\t\t\t\t<div class=\"elementor-element elementor-element-b322ca1 elementor-widget__width-initial elementor-widget elementor-widget-text-editor\" data-id=\"b322ca1\" data-element_type=\"widget\" data-e-type=\"widget\" data-widget_type=\"text-editor.default\">\n\t\t\t\t\t\t\t\t\t<a href=\"\/fr\/markets\/futures-spreads-classic\/#instruments_table_container\">Contrats \u00e0 terme<\/a>\t\t\t\t\t\t\t\t<\/div>\n\t\t\t\t<div class=\"elementor-element elementor-element-8169a3b elementor-widget__width-initial elementor-widget elementor-widget-text-editor\" data-id=\"8169a3b\" data-element_type=\"widget\" data-e-type=\"widget\" data-widget_type=\"text-editor.default\">\n\t\t\t\t\t\t\t\t\t<a href=\"\/fr\/markets\/indices-spreads-classic\/#instruments_table_container\">Indices<\/a>\t\t\t\t\t\t\t\t<\/div>\n\t\t\t\t<div class=\"elementor-element elementor-element-d1a451c elementor-widget__width-initial elementor-widget elementor-widget-text-editor\" data-id=\"d1a451c\" data-element_type=\"widget\" data-e-type=\"widget\" data-widget_type=\"text-editor.default\">\n\t\t\t\t\t\t\t\t\t<a href=\"\/fr\/markets\/commodities-spreads-classic\/#instruments_table_container\">Mati\u00e8res premi\u00e8res<\/a>\t\t\t\t\t\t\t\t<\/div>\n\t\t\t\t\t<\/div>\n\t\t<\/div>\n\t\t\t\t\t<\/div>\n\t\t<\/section>\n\t\t\t\t<section class=\"elementor-section elementor-inner-section elementor-element elementor-element-96d5846 elementor-hidden-desktop elementor-section-boxed elementor-section-height-default elementor-section-height-default\" data-id=\"96d5846\" data-element_type=\"section\" data-e-type=\"section\">\n\t\t\t\t\t\t<div class=\"elementor-container elementor-column-gap-default\">\n\t\t\t\t\t<div class=\"elementor-column elementor-col-33 elementor-inner-column elementor-element elementor-element-a080a3c\" data-id=\"a080a3c\" data-element_type=\"column\" data-e-type=\"column\">\n\t\t\t<div class=\"elementor-widget-wrap elementor-element-populated\">\n\t\t\t\t\t\t<div class=\"elementor-element elementor-element-34011a0 elementor-widget-mobile__width-initial elementor-widget elementor-widget-button\" data-id=\"34011a0\" data-element_type=\"widget\" data-e-type=\"widget\" data-widget_type=\"button.default\">\n\t\t\t\t\t\t\t\t\t\t<a class=\"elementor-button elementor-button-link elementor-size-sm\" href=\"#\/markets\/forex-spreads-classic\/#instruments_table_container\">\n\t\t\t\t\t\t<span class=\"elementor-button-content-wrapper\">\n\t\t\t\t\t\t\t\t\t<span class=\"elementor-button-text\">Forex<\/span>\n\t\t\t\t\t<\/span>\n\t\t\t\t\t<\/a>\n\t\t\t\t\t\t\t\t<\/div>\n\t\t\t\t\t<\/div>\n\t\t<\/div>\n\t\t\t\t<div class=\"elementor-column elementor-col-33 elementor-inner-column elementor-element elementor-element-5279c58\" data-id=\"5279c58\" data-element_type=\"column\" data-e-type=\"column\">\n\t\t\t<div class=\"elementor-widget-wrap elementor-element-populated\">\n\t\t\t\t\t\t<div class=\"elementor-element elementor-element-0a5cecd elementor-widget-mobile__width-initial elementor-widget elementor-widget-button\" data-id=\"0a5cecd\" data-element_type=\"widget\" data-e-type=\"widget\" data-widget_type=\"button.default\">\n\t\t\t\t\t\t\t\t\t\t<a class=\"elementor-button elementor-button-link elementor-size-sm\" href=\"\/fr\/markets\/metals-spreads-classic\/#instruments_table_container\">\n\t\t\t\t\t\t<span class=\"elementor-button-content-wrapper\">\n\t\t\t\t\t\t\t\t\t<span class=\"elementor-button-text\">M\u00e9taux<\/span>\n\t\t\t\t\t<\/span>\n\t\t\t\t\t<\/a>\n\t\t\t\t\t\t\t\t<\/div>\n\t\t\t\t<div class=\"elementor-element elementor-element-b8f6bfc elementor-widget-mobile__width-initial elementor-widget elementor-widget-button\" data-id=\"b8f6bfc\" data-element_type=\"widget\" data-e-type=\"widget\" data-widget_type=\"button.default\">\n\t\t\t\t\t\t\t\t\t\t<a class=\"elementor-button elementor-button-link elementor-size-sm\" href=\"\/fr\/markets\/futures-spreads-classic\/#instruments_table_container\">\n\t\t\t\t\t\t<span class=\"elementor-button-content-wrapper\">\n\t\t\t\t\t\t\t\t\t<span class=\"elementor-button-text\">Contrats \u00e0 terme<\/span>\n\t\t\t\t\t<\/span>\n\t\t\t\t\t<\/a>\n\t\t\t\t\t\t\t\t<\/div>\n\t\t\t\t<div class=\"elementor-element elementor-element-3d6d7f0 elementor-widget-mobile__width-initial elementor-widget elementor-widget-button\" data-id=\"3d6d7f0\" data-element_type=\"widget\" data-e-type=\"widget\" data-widget_type=\"button.default\">\n\t\t\t\t\t\t\t\t\t\t<a class=\"elementor-button elementor-button-link elementor-size-sm\" href=\"\/fr\/markets\/indices-spreads-classic\/#instruments_table_container\">\n\t\t\t\t\t\t<span class=\"elementor-button-content-wrapper\">\n\t\t\t\t\t\t\t\t\t<span class=\"elementor-button-text\">Indices<\/span>\n\t\t\t\t\t<\/span>\n\t\t\t\t\t<\/a>\n\t\t\t\t\t\t\t\t<\/div>\n\t\t\t\t\t<\/div>\n\t\t<\/div>\n\t\t\t\t<div class=\"elementor-column elementor-col-33 elementor-inner-column elementor-element elementor-element-5bdfbfd elementor-hidden-desktop\" data-id=\"5bdfbfd\" data-element_type=\"column\" data-e-type=\"column\">\n\t\t\t<div class=\"elementor-widget-wrap elementor-element-populated\">\n\t\t\t\t\t\t<div class=\"elementor-element elementor-element-6cfa6d1 elementor-tablet-align-center elementor-widget elementor-widget-button\" data-id=\"6cfa6d1\" data-element_type=\"widget\" data-e-type=\"widget\" data-widget_type=\"button.default\">\n\t\t\t\t\t\t\t\t\t\t<a class=\"elementor-button elementor-button-link elementor-size-sm\" href=\"\/fr\/markets\/commodities-spreads-classic\/#instruments_table_container\">\n\t\t\t\t\t\t<span class=\"elementor-button-content-wrapper\">\n\t\t\t\t\t\t\t\t\t<span class=\"elementor-button-text\">Mati\u00e8res premi\u00e8res<\/span>\n\t\t\t\t\t<\/span>\n\t\t\t\t\t<\/a>\n\t\t\t\t\t\t\t\t<\/div>\n\t\t\t\t\t<\/div>\n\t\t<\/div>\n\t\t\t\t\t<\/div>\n\t\t<\/section>\n\t\t\t\t<section class=\"elementor-section elementor-inner-section elementor-element elementor-element-4935bcf elementor-section-full_width elementor-section-height-default elementor-section-height-default\" data-id=\"4935bcf\" data-element_type=\"section\" data-e-type=\"section\">\n\t\t\t\t\t\t<div class=\"elementor-container elementor-column-gap-no\">\n\t\t\t\t\t<div class=\"elementor-column elementor-col-100 elementor-inner-column elementor-element elementor-element-3f57583\" data-id=\"3f57583\" data-element_type=\"column\" data-e-type=\"column\">\n\t\t\t<div class=\"elementor-widget-wrap elementor-element-populated\">\n\t\t\t\t\t\t<div class=\"elementor-element elementor-element-b64c678 elementor-widget__width-auto elementor-widget elementor-widget-button\" data-id=\"b64c678\" data-element_type=\"widget\" data-e-type=\"widget\" data-widget_type=\"button.default\">\n\t\t\t\t\t\t\t\t\t\t<a class=\"elementor-button elementor-button-link elementor-size-sm\" href=\"\/fr\/markets\/commodities-spreads-classic\/#instruments_table_container\">\n\t\t\t\t\t\t<span class=\"elementor-button-content-wrapper\">\n\t\t\t\t\t\t\t\t\t<span class=\"elementor-button-text\">Classique<\/span>\n\t\t\t\t\t<\/span>\n\t\t\t\t\t<\/a>\n\t\t\t\t\t\t\t\t<\/div>\n\t\t\t\t<div class=\"elementor-element elementor-element-c9e1780 elementor-widget__width-auto elementor-widget elementor-widget-button\" data-id=\"c9e1780\" data-element_type=\"widget\" data-e-type=\"widget\" data-widget_type=\"button.default\">\n\t\t\t\t\t\t\t\t\t\t<a class=\"elementor-button elementor-button-link elementor-size-sm\" href=\"\/fr\/markets\/commodities-spreads-ecn\/#instruments_table_container\">\n\t\t\t\t\t\t<span class=\"elementor-button-content-wrapper\">\n\t\t\t\t\t\t\t\t\t<span class=\"elementor-button-text\">ECN<\/span>\n\t\t\t\t\t<\/span>\n\t\t\t\t\t<\/a>\n\t\t\t\t\t\t\t\t<\/div>\n\t\t\t\t\t<\/div>\n\t\t<\/div>\n\t\t\t\t\t<\/div>\n\t\t<\/section>\n\t\t\t\t<section class=\"elementor-section elementor-inner-section elementor-element elementor-element-8df3a5e elementor-section-full_width elementor-section-height-default elementor-section-height-default\" data-id=\"8df3a5e\" data-element_type=\"section\" data-e-type=\"section\">\n\t\t\t\t\t\t<div class=\"elementor-container elementor-column-gap-no\">\n\t\t\t\t\t<div class=\"elementor-column elementor-col-100 elementor-inner-column elementor-element elementor-element-e047bb4\" data-id=\"e047bb4\" data-element_type=\"column\" data-e-type=\"column\" data-settings=\"{&quot;background_background&quot;:&quot;classic&quot;}\">\n\t\t\t<div class=\"elementor-widget-wrap elementor-element-populated\">\n\t\t\t\t\t\t<div class=\"elementor-element elementor-element-1bbbdee elementor-widget elementor-widget-html\" data-id=\"1bbbdee\" data-element_type=\"widget\" data-e-type=\"widget\" data-widget_type=\"html.default\">\n\t\t\t\t\t<table border=\"0\">\n<tbody>\n<tr class=\"column_titles\">\n<td>March\u00e9<\/td>\n<td>Minimum Spread<\/td>\n<td>Spread moyen<\/td>\n<td>Taille minimale par position<\/td>\n<!--<td>Swap Short<\/td>\n                <td>Swap Long<\/td>--><\/tr>\n<tr>\n<td><a disabled=\"\" class=\"market_symbol\">BRENTCASH<\/a><\/td>\n<td>0.5<\/td>\n<td>5.453<\/td>\n<td>0.01 Lot<\/td>\n<!--<td>0.0001<\/td>\n                <td>USD 10<\/td>--><\/tr>\n<tr>\n<td><a class=\"market_symbol\">NAT.GASCASH<\/a><\/td>\n<td>0.3<\/td>\n<td>0.21<\/td>\n<td>0.01 Lot<\/td>\n<!--<td>0.0001<\/td>\n                <td>CHF 10<\/td>--><\/tr>\n<tr>\n<td><a disabled=\"\" class=\"market_symbol\">WTICASH<\/a><\/td>\n<td>0.5<\/td>\n<td>3.354<\/td>\n<td>0.01 Lot<\/td>\n<!--<td>0.0001<\/td>\n                <td>GBP 10<\/td>--><\/tr>\n<\/tbody>\n<\/table>\t\t\t\t<\/div>\n\t\t\t\t\t<\/div>\n\t\t<\/div>\n\t\t\t\t\t<\/div>\n\t\t<\/section>\n\t\t\t\t<section class=\"elementor-section elementor-inner-section elementor-element elementor-element-a3d146b elementor-section-full_width elementor-section-height-default elementor-section-height-default\" data-id=\"a3d146b\" data-element_type=\"section\" data-e-type=\"section\">\n\t\t\t\t\t\t<div class=\"elementor-container elementor-column-gap-no\">\n\t\t\t\t\t<div class=\"elementor-column elementor-col-100 elementor-inner-column elementor-element elementor-element-ee4194a\" data-id=\"ee4194a\" data-element_type=\"column\" data-e-type=\"column\">\n\t\t\t<div class=\"elementor-widget-wrap elementor-element-populated\">\n\t\t\t\t\t\t<div class=\"elementor-element elementor-element-8ca3338 elementor-widget elementor-widget-heading\" data-id=\"8ca3338\" data-element_type=\"widget\" data-e-type=\"widget\" data-widget_type=\"heading.default\">\n\t\t\t\t\t<h2 class=\"elementor-heading-title elementor-size-default\">March\u00e9s<\/h2>\t\t\t\t<\/div>\n\t\t\t\t<div class=\"elementor-element elementor-element-2eb4389 elementor-widget elementor-widget-text-editor\" data-id=\"2eb4389\" data-element_type=\"widget\" data-e-type=\"widget\" data-widget_type=\"text-editor.default\">\n\t\t\t\t\t\t\t\t\t<ul>\n \t<li>La soci\u00e9t\u00e9, \u00e0 des fins de gestion des risques, se r\u00e9serve le droit de modifier l'effet de levier du compte du client en fonction de l'activit\u00e9 de trading ou pour refl\u00e9ter les conditions pr\u00e9valant sur le march\u00e9. Une \u00e9ventuelle r\u00e9duction de l'effet de levier peut entra\u00eener la liquidation de certaines ou de toutes les positions du client.<\/li>\n \t<li>Aucune exigence de marge pour l'ouverture d'une position couverte, \u00e0 condition que la marge libre soit positive (niveau de marge &gt; 100 %) ;<\/li>\n \t<li>Les heures de trading commencent tous les jours de 00h00 \u00e0 24h00 (heure du serveur) du lundi au vendredi.<\/li>\n \t<li>L'heure du serveur est GMT + 2 (GMT + 3 est appliqu\u00e9 pendant l'heure d'\u00e9t\u00e9).<\/li>\n \t<li>Leverage on RUB,CNH,TRY,BRL BRL &amp; MXN crosses will be set to Maximum 1:100.<\/li>\n \t<li>Leverage on CHF,DKK and CZK crosses will be set to Maximum 1:200.<\/li>\n \t<li><li>Trading hours for specific exotic pairs: USDRUB, EURRUB: 10:00- 18:00 USDCNH, EURCNH: 03:00 -24:00, USDBRL 13:00 &#8211; 22:00.<\/li>\n<\/li>\n<\/ul>\t\t\t\t\t\t\t\t<\/div>\n\t\t\t\t\t<\/div>\n\t\t<\/div>\n\t\t\t\t\t<\/div>\n\t\t<\/section>\n\t\t\t\t\t<\/div>\n\t\t<\/div>\n\t\t\t\t\t<\/div>\n\t\t<\/section>\n\t\t\t\t<\/div>","protected":false},"excerpt":{"rendered":"<p>Fxcess Spreads Our\u202ftight\u202fSpreads and fast Market Execution\u202foffers you the luxury to have\u202fcontrol over [&hellip;]<\/p>\n","protected":false},"author":1,"featured_media":0,"parent":534,"menu_order":0,"comment_status":"closed","ping_status":"closed","template":"","meta":{"_acf_changed":false,"footnotes":""},"class_list":["post-7537","page","type-page","status-publish","hentry"],"acf":[],"yoast_head":"<!-- This site is optimized with the Yoast SEO Premium plugin v26.9 (Yoast SEO v26.9) - https:\/\/yoast.com\/product\/yoast-seo-premium-wordpress\/ -->\n<title>Commodities Spreads Classic \u2013 Fxcess<\/title>\n<meta name=\"robots\" content=\"index, follow, max-snippet:-1, max-image-preview:large, max-video-preview:-1\" \/>\n<link rel=\"canonical\" href=\"https:\/\/www.fxcess-id.com\/fr\/markets\/commodities-spreads-classic\/\" \/>\n<meta property=\"og:locale\" content=\"fr_FR\" \/>\n<meta property=\"og:type\" content=\"article\" \/>\n<meta property=\"og:title\" content=\"Commodities Spreads Classic\" \/>\n<meta property=\"og:description\" content=\"Fxcess Spreads Our\u202ftight\u202fSpreads and fast Market Execution\u202foffers you the luxury to have\u202fcontrol over [&hellip;]\" \/>\n<meta property=\"og:url\" content=\"https:\/\/www.fxcess-id.com\/fr\/markets\/commodities-spreads-classic\/\" \/>\n<meta property=\"og:site_name\" content=\"FXCess\" \/>\n<meta property=\"article:modified_time\" content=\"2025-07-04T09:57:26+00:00\" \/>\n<meta name=\"twitter:card\" content=\"summary_large_image\" \/>\n<meta name=\"twitter:label1\" content=\"Dur\u00e9e de lecture estim\u00e9e\" \/>\n\t<meta name=\"twitter:data1\" content=\"1 minute\" \/>\n<script type=\"application\/ld+json\" class=\"yoast-schema-graph\">{\"@context\":\"https:\/\/schema.org\",\"@graph\":[{\"@type\":\"WebPage\",\"@id\":\"https:\/\/www.fxcess-id.com\/ja\/markets\/commodities-spreads-classic\/\",\"url\":\"https:\/\/www.fxcess-id.com\/ja\/markets\/commodities-spreads-classic\/\",\"name\":\"Commodities Spreads Classic \u2013 Fxcess\",\"isPartOf\":{\"@id\":\"https:\/\/www.fxcess-id.com\/#website\"},\"datePublished\":\"2022-01-30T16:04:38+00:00\",\"dateModified\":\"2025-07-04T09:57:26+00:00\",\"breadcrumb\":{\"@id\":\"https:\/\/www.fxcess-id.com\/ja\/markets\/commodities-spreads-classic\/#breadcrumb\"},\"inLanguage\":\"fr-FR\",\"potentialAction\":[{\"@type\":\"ReadAction\",\"target\":[\"https:\/\/www.fxcess-id.com\/ja\/markets\/commodities-spreads-classic\/\"]}]},{\"@type\":\"BreadcrumbList\",\"@id\":\"https:\/\/www.fxcess-id.com\/ja\/markets\/commodities-spreads-classic\/#breadcrumb\",\"itemListElement\":[{\"@type\":\"ListItem\",\"position\":1,\"name\":\"Home\",\"item\":\"https:\/\/www.fxcess-id.com\/\"},{\"@type\":\"ListItem\",\"position\":2,\"name\":\"Markets\",\"item\":\"https:\/\/www.fxcess.com\/ja\/markets\/\"},{\"@type\":\"ListItem\",\"position\":3,\"name\":\"Commodities Spreads Classic\"}]},{\"@type\":\"WebSite\",\"@id\":\"https:\/\/www.fxcess-id.com\/#website\",\"url\":\"https:\/\/www.fxcess-id.com\/\",\"name\":\"FXCess\",\"description\":\"Trade Forex with FXCess in Less than a Minute\",\"publisher\":{\"@id\":\"https:\/\/www.fxcess-id.com\/#organization\"},\"potentialAction\":[{\"@type\":\"SearchAction\",\"target\":{\"@type\":\"EntryPoint\",\"urlTemplate\":\"https:\/\/www.fxcess-id.com\/?s={search_term_string}\"},\"query-input\":{\"@type\":\"PropertyValueSpecification\",\"valueRequired\":true,\"valueName\":\"search_term_string\"}}],\"inLanguage\":\"fr-FR\"},{\"@type\":\"Organization\",\"@id\":\"https:\/\/www.fxcess-id.com\/#organization\",\"name\":\"FXCess\",\"url\":\"https:\/\/www.fxcess-id.com\/\",\"logo\":{\"@type\":\"ImageObject\",\"inLanguage\":\"fr-FR\",\"@id\":\"https:\/\/www.fxcess-id.com\/#\/schema\/logo\/image\/\",\"url\":\"\/wp-content\/uploads\/2021\/11\/logo.svg\",\"contentUrl\":\"\/wp-content\/uploads\/2021\/11\/logo.svg\",\"width\":134,\"height\":25,\"caption\":\"FXCess\"},\"image\":{\"@id\":\"https:\/\/www.fxcess-id.com\/#\/schema\/logo\/image\/\"}}]}<\/script>\n<!-- \/ Yoast SEO Premium plugin. -->","yoast_head_json":{"title":"Commodities Spreads Classic \u2013 Fxcess","robots":{"index":"index","follow":"follow","max-snippet":"max-snippet:-1","max-image-preview":"max-image-preview:large","max-video-preview":"max-video-preview:-1"},"canonical":"https:\/\/www.fxcess-id.com\/fr\/markets\/commodities-spreads-classic\/","og_locale":"fr_FR","og_type":"article","og_title":"Commodities Spreads Classic","og_description":"Fxcess Spreads Our\u202ftight\u202fSpreads and fast Market Execution\u202foffers you the luxury to have\u202fcontrol over [&hellip;]","og_url":"https:\/\/www.fxcess-id.com\/fr\/markets\/commodities-spreads-classic\/","og_site_name":"FXCess","article_modified_time":"2025-07-04T09:57:26+00:00","twitter_card":"summary_large_image","twitter_misc":{"Dur\u00e9e de lecture estim\u00e9e":"1 minute"},"schema":{"@context":"https:\/\/schema.org","@graph":[{"@type":"WebPage","@id":"https:\/\/www.fxcess-id.com\/ja\/markets\/commodities-spreads-classic\/","url":"https:\/\/www.fxcess-id.com\/ja\/markets\/commodities-spreads-classic\/","name":"Commodities Spreads Classic \u2013 Fxcess","isPartOf":{"@id":"https:\/\/www.fxcess-id.com\/#website"},"datePublished":"2022-01-30T16:04:38+00:00","dateModified":"2025-07-04T09:57:26+00:00","breadcrumb":{"@id":"https:\/\/www.fxcess-id.com\/ja\/markets\/commodities-spreads-classic\/#breadcrumb"},"inLanguage":"fr-FR","potentialAction":[{"@type":"ReadAction","target":["https:\/\/www.fxcess-id.com\/ja\/markets\/commodities-spreads-classic\/"]}]},{"@type":"BreadcrumbList","@id":"https:\/\/www.fxcess-id.com\/ja\/markets\/commodities-spreads-classic\/#breadcrumb","itemListElement":[{"@type":"ListItem","position":1,"name":"Home","item":"https:\/\/www.fxcess-id.com\/"},{"@type":"ListItem","position":2,"name":"Markets","item":"https:\/\/www.fxcess.com\/ja\/markets\/"},{"@type":"ListItem","position":3,"name":"Commodities Spreads Classic"}]},{"@type":"WebSite","@id":"https:\/\/www.fxcess-id.com\/#website","url":"https:\/\/www.fxcess-id.com\/","name":"FXCess","description":"Trade Forex with FXCess in Less than a Minute","publisher":{"@id":"https:\/\/www.fxcess-id.com\/#organization"},"potentialAction":[{"@type":"SearchAction","target":{"@type":"EntryPoint","urlTemplate":"https:\/\/www.fxcess-id.com\/?s={search_term_string}"},"query-input":{"@type":"PropertyValueSpecification","valueRequired":true,"valueName":"search_term_string"}}],"inLanguage":"fr-FR"},{"@type":"Organization","@id":"https:\/\/www.fxcess-id.com\/#organization","name":"FXCess","url":"https:\/\/www.fxcess-id.com\/","logo":{"@type":"ImageObject","inLanguage":"fr-FR","@id":"https:\/\/www.fxcess-id.com\/#\/schema\/logo\/image\/","url":"\/wp-content\/uploads\/2021\/11\/logo.svg","contentUrl":"\/wp-content\/uploads\/2021\/11\/logo.svg","width":134,"height":25,"caption":"FXCess"},"image":{"@id":"https:\/\/www.fxcess-id.com\/#\/schema\/logo\/image\/"}}]}},"_links":{"self":[{"href":"https:\/\/www.fxcess-id.com\/fr\/wp-json\/wp\/v2\/pages\/7537","targetHints":{"allow":["GET"]}}],"collection":[{"href":"https:\/\/www.fxcess-id.com\/fr\/wp-json\/wp\/v2\/pages"}],"about":[{"href":"https:\/\/www.fxcess-id.com\/fr\/wp-json\/wp\/v2\/types\/page"}],"author":[{"embeddable":true,"href":"https:\/\/www.fxcess-id.com\/fr\/wp-json\/wp\/v2\/users\/1"}],"replies":[{"embeddable":true,"href":"https:\/\/www.fxcess-id.com\/fr\/wp-json\/wp\/v2\/comments?post=7537"}],"version-history":[{"count":10,"href":"https:\/\/www.fxcess-id.com\/fr\/wp-json\/wp\/v2\/pages\/7537\/revisions"}],"predecessor-version":[{"id":14876,"href":"https:\/\/www.fxcess-id.com\/fr\/wp-json\/wp\/v2\/pages\/7537\/revisions\/14876"}],"up":[{"embeddable":true,"href":"https:\/\/www.fxcess-id.com\/fr\/wp-json\/wp\/v2\/pages\/534"}],"wp:attachment":[{"href":"https:\/\/www.fxcess-id.com\/fr\/wp-json\/wp\/v2\/media?parent=7537"}],"curies":[{"name":"wp","href":"https:\/\/api.w.org\/{rel}","templated":true}]}}