{"id":7514,"date":"2022-01-30T15:21:02","date_gmt":"2022-01-30T15:21:02","guid":{"rendered":"https:\/\/fxcess-com.wp-dev.int.theitops.net\/?page_id=7514"},"modified":"2025-07-04T09:57:40","modified_gmt":"2025-07-04T09:57:40","slug":"commodities-spreads-ecn","status":"publish","type":"page","link":"https:\/\/www.fxcess-id.com\/fr\/markets\/commodities-spreads-ecn\/","title":{"rendered":"Commodities Spreads Ecn"},"content":{"rendered":"<div data-elementor-type=\"wp-page\" data-elementor-id=\"7514\" class=\"elementor elementor-7514\" data-elementor-post-type=\"page\">\n\t\t\t\t\t\t<section class=\"elementor-section elementor-top-section elementor-element elementor-element-0069ccc elementor-section-boxed elementor-section-height-default elementor-section-height-default\" data-id=\"0069ccc\" data-element_type=\"section\" data-e-type=\"section\">\n\t\t\t\t\t\t<div class=\"elementor-container elementor-column-gap-no\">\n\t\t\t\t\t<div class=\"elementor-column elementor-col-100 elementor-top-column elementor-element elementor-element-0abb58e\" data-id=\"0abb58e\" data-element_type=\"column\" data-e-type=\"column\">\n\t\t\t<div class=\"elementor-widget-wrap elementor-element-populated\">\n\t\t\t\t\t\t<div class=\"elementor-element elementor-element-add6a74 elementor-widget elementor-widget-heading\" data-id=\"add6a74\" data-element_type=\"widget\" data-e-type=\"widget\" data-widget_type=\"heading.default\">\n\t\t\t\t\t<h1 class=\"elementor-heading-title elementor-size-default\">Fxcess Spreads<\/h1>\t\t\t\t<\/div>\n\t\t\t\t<div class=\"elementor-element elementor-element-13eb656 elementor-widget elementor-widget-text-editor\" data-id=\"13eb656\" data-element_type=\"widget\" data-e-type=\"widget\" data-widget_type=\"text-editor.default\">\n\t\t\t\t\t\t\t\t\tNos spreads serr\u00e9s et notre ex\u00e9cution rapide du march\u00e9 vous offrent le privil\u00e8ge de contr\u00f4ler vos trades, quel que soit l'instrument que vous choisissez.\u202fAyez l'avantage sur la concurrence et le confort d'appliquer la strat\u00e9gie de trading de votre choix.\t\t\t\t\t\t\t\t<\/div>\n\t\t\t\t<div class=\"elementor-element elementor-element-7af4018 elementor-align-center elementor-widget elementor-widget-button\" data-id=\"7af4018\" data-element_type=\"widget\" data-e-type=\"widget\" data-settings=\"{&quot;_animation&quot;:&quot;none&quot;}\" data-widget_type=\"button.default\">\n\t\t\t\t\t\t\t\t\t\t<a class=\"elementor-button elementor-button-link elementor-size-sm\" href=\"https:\/\/my.fxcess.com\/registration?flowkey=trading\" target=\"_blank\">\n\t\t\t\t\t\t<span class=\"elementor-button-content-wrapper\">\n\t\t\t\t\t\t\t\t\t<span class=\"elementor-button-text\">Ouvrir un compte<\/span>\n\t\t\t\t\t<\/span>\n\t\t\t\t\t<\/a>\n\t\t\t\t\t\t\t\t<\/div>\n\t\t\t\t\t<\/div>\n\t\t<\/div>\n\t\t\t\t\t<\/div>\n\t\t<\/section>\n\t\t\t\t<section class=\"elementor-section elementor-top-section elementor-element elementor-element-d4a9bc4 elementor-section-boxed elementor-section-height-default elementor-section-height-default\" data-id=\"d4a9bc4\" data-element_type=\"section\" data-e-type=\"section\" id=\"instruments_table_container\" data-settings=\"{&quot;background_background&quot;:&quot;classic&quot;}\">\n\t\t\t\t\t\t<div class=\"elementor-container elementor-column-gap-no\">\n\t\t\t\t\t<div class=\"elementor-column elementor-col-100 elementor-top-column elementor-element elementor-element-34cb5cd\" data-id=\"34cb5cd\" data-element_type=\"column\" data-e-type=\"column\" data-settings=\"{&quot;background_background&quot;:&quot;classic&quot;}\">\n\t\t\t<div class=\"elementor-widget-wrap elementor-element-populated\">\n\t\t\t\t\t\t<section class=\"elementor-section elementor-inner-section elementor-element elementor-element-9b08c5e elementor-section-full_width elementor-section-height-default elementor-section-height-default\" data-id=\"9b08c5e\" data-element_type=\"section\" data-e-type=\"section\">\n\t\t\t\t\t\t<div class=\"elementor-container elementor-column-gap-no\">\n\t\t\t\t\t<div class=\"elementor-column elementor-col-100 elementor-inner-column elementor-element elementor-element-f22cdb1 elementor-hidden-tablet elementor-hidden-mobile\" data-id=\"f22cdb1\" data-element_type=\"column\" data-e-type=\"column\">\n\t\t\t<div class=\"elementor-widget-wrap elementor-element-populated\">\n\t\t\t\t\t\t<div class=\"elementor-element elementor-element-ef34010 elementor-widget__width-initial elementor-widget elementor-widget-text-editor\" data-id=\"ef34010\" data-element_type=\"widget\" data-e-type=\"widget\" data-widget_type=\"text-editor.default\">\n\t\t\t\t\t\t\t\t\t<a href=\"\/fr\/markets\/forex-spreads-classic\/#instruments_table_container\">Forex<\/a>\t\t\t\t\t\t\t\t<\/div>\n\t\t\t\t<div class=\"elementor-element elementor-element-baf4834 elementor-widget__width-initial elementor-widget elementor-widget-text-editor\" data-id=\"baf4834\" data-element_type=\"widget\" data-e-type=\"widget\" data-widget_type=\"text-editor.default\">\n\t\t\t\t\t\t\t\t\t<a href=\"\/fr\/markets\/metals-spreads-classic\/#instruments_table_container\">M\u00e9taux<\/a>\t\t\t\t\t\t\t\t<\/div>\n\t\t\t\t<div class=\"elementor-element elementor-element-dba1e71 elementor-widget__width-initial elementor-widget elementor-widget-text-editor\" data-id=\"dba1e71\" data-element_type=\"widget\" data-e-type=\"widget\" data-widget_type=\"text-editor.default\">\n\t\t\t\t\t\t\t\t\t<a href=\"\/fr\/markets\/futures-spreads-classic\/#instruments_table_container\">Contrats \u00e0 terme<\/a>\t\t\t\t\t\t\t\t<\/div>\n\t\t\t\t<div class=\"elementor-element elementor-element-a6e0c38 elementor-widget__width-initial elementor-widget elementor-widget-text-editor\" data-id=\"a6e0c38\" data-element_type=\"widget\" data-e-type=\"widget\" data-widget_type=\"text-editor.default\">\n\t\t\t\t\t\t\t\t\t<a href=\"\/fr\/markets\/indices-spreads-classic\/#instruments_table_container\">Indices<\/a>\t\t\t\t\t\t\t\t<\/div>\n\t\t\t\t<div class=\"elementor-element elementor-element-73985c1 elementor-widget__width-initial elementor-widget elementor-widget-text-editor\" data-id=\"73985c1\" data-element_type=\"widget\" data-e-type=\"widget\" data-widget_type=\"text-editor.default\">\n\t\t\t\t\t\t\t\t\t<a href=\"\/fr\/markets\/commodities-spreads-classic\/#instruments_table_container\">Mati\u00e8res premi\u00e8res<\/a>\t\t\t\t\t\t\t\t<\/div>\n\t\t\t\t\t<\/div>\n\t\t<\/div>\n\t\t\t\t\t<\/div>\n\t\t<\/section>\n\t\t\t\t<section class=\"elementor-section elementor-inner-section elementor-element elementor-element-1a2c16e elementor-hidden-desktop elementor-section-boxed elementor-section-height-default elementor-section-height-default\" data-id=\"1a2c16e\" data-element_type=\"section\" data-e-type=\"section\">\n\t\t\t\t\t\t<div class=\"elementor-container elementor-column-gap-default\">\n\t\t\t\t\t<div class=\"elementor-column elementor-col-33 elementor-inner-column elementor-element elementor-element-d9a12ca\" data-id=\"d9a12ca\" data-element_type=\"column\" data-e-type=\"column\">\n\t\t\t<div class=\"elementor-widget-wrap elementor-element-populated\">\n\t\t\t\t\t\t<div class=\"elementor-element elementor-element-fdbada7 elementor-widget-mobile__width-initial elementor-widget elementor-widget-button\" data-id=\"fdbada7\" data-element_type=\"widget\" data-e-type=\"widget\" data-widget_type=\"button.default\">\n\t\t\t\t\t\t\t\t\t\t<a class=\"elementor-button elementor-button-link elementor-size-sm\" href=\"#\/markets\/forex-spreads-classic\/#instruments_table_container\">\n\t\t\t\t\t\t<span class=\"elementor-button-content-wrapper\">\n\t\t\t\t\t\t\t\t\t<span class=\"elementor-button-text\">Forex<\/span>\n\t\t\t\t\t<\/span>\n\t\t\t\t\t<\/a>\n\t\t\t\t\t\t\t\t<\/div>\n\t\t\t\t\t<\/div>\n\t\t<\/div>\n\t\t\t\t<div class=\"elementor-column elementor-col-33 elementor-inner-column elementor-element elementor-element-6f5cc49\" data-id=\"6f5cc49\" data-element_type=\"column\" data-e-type=\"column\">\n\t\t\t<div class=\"elementor-widget-wrap elementor-element-populated\">\n\t\t\t\t\t\t<div class=\"elementor-element elementor-element-846c0e2 elementor-widget-mobile__width-initial elementor-widget elementor-widget-button\" data-id=\"846c0e2\" data-element_type=\"widget\" data-e-type=\"widget\" data-widget_type=\"button.default\">\n\t\t\t\t\t\t\t\t\t\t<a class=\"elementor-button elementor-button-link elementor-size-sm\" href=\"\/fr\/markets\/metals-spreads-classic\/#instruments_table_container\">\n\t\t\t\t\t\t<span class=\"elementor-button-content-wrapper\">\n\t\t\t\t\t\t\t\t\t<span class=\"elementor-button-text\">M\u00e9taux<\/span>\n\t\t\t\t\t<\/span>\n\t\t\t\t\t<\/a>\n\t\t\t\t\t\t\t\t<\/div>\n\t\t\t\t<div class=\"elementor-element elementor-element-8175f41 elementor-widget-mobile__width-initial elementor-widget elementor-widget-button\" data-id=\"8175f41\" data-element_type=\"widget\" data-e-type=\"widget\" data-widget_type=\"button.default\">\n\t\t\t\t\t\t\t\t\t\t<a class=\"elementor-button elementor-button-link elementor-size-sm\" href=\"\/fr\/markets\/futures-spreads-classic\/#instruments_table_container\">\n\t\t\t\t\t\t<span class=\"elementor-button-content-wrapper\">\n\t\t\t\t\t\t\t\t\t<span class=\"elementor-button-text\">Contrats \u00e0 terme<\/span>\n\t\t\t\t\t<\/span>\n\t\t\t\t\t<\/a>\n\t\t\t\t\t\t\t\t<\/div>\n\t\t\t\t<div class=\"elementor-element elementor-element-525d3ea elementor-widget-mobile__width-initial elementor-widget elementor-widget-button\" data-id=\"525d3ea\" data-element_type=\"widget\" data-e-type=\"widget\" data-widget_type=\"button.default\">\n\t\t\t\t\t\t\t\t\t\t<a class=\"elementor-button elementor-button-link elementor-size-sm\" href=\"\/fr\/markets\/indices-spreads-classic\/#instruments_table_container\">\n\t\t\t\t\t\t<span class=\"elementor-button-content-wrapper\">\n\t\t\t\t\t\t\t\t\t<span class=\"elementor-button-text\">Indices<\/span>\n\t\t\t\t\t<\/span>\n\t\t\t\t\t<\/a>\n\t\t\t\t\t\t\t\t<\/div>\n\t\t\t\t\t<\/div>\n\t\t<\/div>\n\t\t\t\t<div class=\"elementor-column elementor-col-33 elementor-inner-column elementor-element elementor-element-3d4107a elementor-hidden-desktop\" data-id=\"3d4107a\" data-element_type=\"column\" data-e-type=\"column\">\n\t\t\t<div class=\"elementor-widget-wrap elementor-element-populated\">\n\t\t\t\t\t\t<div class=\"elementor-element elementor-element-cede12e elementor-tablet-align-center elementor-widget elementor-widget-button\" data-id=\"cede12e\" data-element_type=\"widget\" data-e-type=\"widget\" data-widget_type=\"button.default\">\n\t\t\t\t\t\t\t\t\t\t<a class=\"elementor-button elementor-button-link elementor-size-sm\" href=\"\/fr\/markets\/commodities-spreads-classic\/#instruments_table_container\">\n\t\t\t\t\t\t<span class=\"elementor-button-content-wrapper\">\n\t\t\t\t\t\t\t\t\t<span class=\"elementor-button-text\">Mati\u00e8res premi\u00e8res<\/span>\n\t\t\t\t\t<\/span>\n\t\t\t\t\t<\/a>\n\t\t\t\t\t\t\t\t<\/div>\n\t\t\t\t\t<\/div>\n\t\t<\/div>\n\t\t\t\t\t<\/div>\n\t\t<\/section>\n\t\t\t\t<section class=\"elementor-section elementor-inner-section elementor-element elementor-element-ce8cfe7 elementor-section-full_width elementor-section-height-default elementor-section-height-default\" data-id=\"ce8cfe7\" data-element_type=\"section\" data-e-type=\"section\">\n\t\t\t\t\t\t<div class=\"elementor-container elementor-column-gap-no\">\n\t\t\t\t\t<div class=\"elementor-column elementor-col-100 elementor-inner-column elementor-element elementor-element-9277226\" data-id=\"9277226\" data-element_type=\"column\" data-e-type=\"column\">\n\t\t\t<div class=\"elementor-widget-wrap elementor-element-populated\">\n\t\t\t\t\t\t<div class=\"elementor-element elementor-element-d8a6d6c elementor-widget__width-auto elementor-widget elementor-widget-button\" data-id=\"d8a6d6c\" data-element_type=\"widget\" data-e-type=\"widget\" data-widget_type=\"button.default\">\n\t\t\t\t\t\t\t\t\t\t<a class=\"elementor-button elementor-button-link elementor-size-sm\" href=\"\/fr\/markets\/commodities-spreads-classic\/#instruments_table_container\">\n\t\t\t\t\t\t<span class=\"elementor-button-content-wrapper\">\n\t\t\t\t\t\t\t\t\t<span class=\"elementor-button-text\">Classique<\/span>\n\t\t\t\t\t<\/span>\n\t\t\t\t\t<\/a>\n\t\t\t\t\t\t\t\t<\/div>\n\t\t\t\t<div class=\"elementor-element elementor-element-5f1c6a2 elementor-widget__width-auto elementor-widget elementor-widget-button\" data-id=\"5f1c6a2\" data-element_type=\"widget\" data-e-type=\"widget\" data-widget_type=\"button.default\">\n\t\t\t\t\t\t\t\t\t\t<a class=\"elementor-button elementor-button-link elementor-size-sm\" href=\"\/fr\/markets\/commodities-spreads-ecn\/#instruments_table_container\">\n\t\t\t\t\t\t<span class=\"elementor-button-content-wrapper\">\n\t\t\t\t\t\t\t\t\t<span class=\"elementor-button-text\">ECN<\/span>\n\t\t\t\t\t<\/span>\n\t\t\t\t\t<\/a>\n\t\t\t\t\t\t\t\t<\/div>\n\t\t\t\t\t<\/div>\n\t\t<\/div>\n\t\t\t\t\t<\/div>\n\t\t<\/section>\n\t\t\t\t<section class=\"elementor-section elementor-inner-section elementor-element elementor-element-b833167 elementor-section-full_width elementor-section-height-default elementor-section-height-default\" data-id=\"b833167\" data-element_type=\"section\" data-e-type=\"section\">\n\t\t\t\t\t\t<div class=\"elementor-container elementor-column-gap-no\">\n\t\t\t\t\t<div class=\"elementor-column elementor-col-100 elementor-inner-column elementor-element elementor-element-902a84e\" data-id=\"902a84e\" data-element_type=\"column\" data-e-type=\"column\" data-settings=\"{&quot;background_background&quot;:&quot;classic&quot;}\">\n\t\t\t<div class=\"elementor-widget-wrap elementor-element-populated\">\n\t\t\t\t\t\t<div class=\"elementor-element elementor-element-29d25a0 elementor-widget elementor-widget-html\" data-id=\"29d25a0\" data-element_type=\"widget\" data-e-type=\"widget\" data-widget_type=\"html.default\">\n\t\t\t\t\t<table border=\"0\">\n<tbody>\n<tr class=\"column_titles\">\n<td>March\u00e9<\/td>\n<td>Minimum Spread<\/td>\n<td>Spread moyen<\/td>\n<td>Taille minimale par position<\/td>\n<!--<td>Swap Short<\/td>\n                <td>Swap Long<\/td>--><\/tr>\n<tr>\n<td><a disabled=\"\" class=\"market_symbol\">BRENTCASH<\/a><\/td>\n<td>3<\/td>\n<td>7.953<\/td>\n<td>0.01 Lot<\/td>\n<!--<td>0.0001<\/td>\n                <td>USD 10<\/td>--><\/tr>\n<tr>\n<td><a class=\"market_symbol\">NAT.GASCASH<\/a><\/td>\n<td>0.5<\/td>\n<td>0.46<\/td>\n<td>0.01 Lot<\/td>\n<!--<td>0.0001<\/td>\n                <td>CHF 10<\/td>--><\/tr>\n<tr>\n<td><a disabled=\"\" class=\"market_symbol\">WTICASH<\/a><\/td>\n<td>3<\/td>\n<td>5.854<\/td>\n<td>0.01 Lot<\/td>\n<!--<td>0.0001<\/td>\n                <td>GBP 10<\/td>--><\/tr>\n<\/tbody>\n<\/table>\t\t\t\t<\/div>\n\t\t\t\t\t<\/div>\n\t\t<\/div>\n\t\t\t\t\t<\/div>\n\t\t<\/section>\n\t\t\t\t<section class=\"elementor-section elementor-inner-section elementor-element elementor-element-bd94d80 elementor-section-full_width elementor-section-height-default elementor-section-height-default\" data-id=\"bd94d80\" data-element_type=\"section\" data-e-type=\"section\">\n\t\t\t\t\t\t<div class=\"elementor-container elementor-column-gap-no\">\n\t\t\t\t\t<div class=\"elementor-column elementor-col-100 elementor-inner-column elementor-element elementor-element-aa30d47\" data-id=\"aa30d47\" data-element_type=\"column\" data-e-type=\"column\">\n\t\t\t<div class=\"elementor-widget-wrap elementor-element-populated\">\n\t\t\t\t\t\t<div class=\"elementor-element elementor-element-3531784 elementor-widget elementor-widget-heading\" data-id=\"3531784\" data-element_type=\"widget\" data-e-type=\"widget\" data-widget_type=\"heading.default\">\n\t\t\t\t\t<h2 class=\"elementor-heading-title elementor-size-default\">March\u00e9s<\/h2>\t\t\t\t<\/div>\n\t\t\t\t<div class=\"elementor-element elementor-element-971f421 elementor-widget elementor-widget-text-editor\" data-id=\"971f421\" data-element_type=\"widget\" data-e-type=\"widget\" data-widget_type=\"text-editor.default\">\n\t\t\t\t\t\t\t\t\t<ul>\n \t<li>La soci\u00e9t\u00e9, \u00e0 des fins de gestion des risques, se r\u00e9serve le droit de modifier l'effet de levier du compte du client en fonction de l'activit\u00e9 de trading ou pour refl\u00e9ter les conditions pr\u00e9valant sur le march\u00e9. Une \u00e9ventuelle r\u00e9duction de l'effet de levier peut entra\u00eener la liquidation de certaines ou de toutes les positions du client.<\/li>\n \t<li>Aucune exigence de marge pour l'ouverture d'une position couverte, \u00e0 condition que la marge libre soit positive (niveau de marge &gt; 100 %) ;<\/li>\n \t<li>Les heures de trading commencent tous les jours de 00h00 \u00e0 24h00 (heure du serveur) du lundi au vendredi.<\/li>\n \t<li>L'heure du serveur est GMT + 2 (GMT + 3 est appliqu\u00e9 pendant l'heure d'\u00e9t\u00e9).<\/li>\n \t<li>Leverage on RUB,CNH,TRY,BRL BRL &amp; MXN crosses will be set to Maximum 1:100.<\/li>\n \t<li>Leverage on CHF,DKK and CZK crosses will be set to Maximum 1:200.<\/li>\n \t<li><li>Trading hours for specific exotic pairs: USDRUB, EURRUB: 10:00- 18:00 USDCNH, EURCNH: 03:00 -24:00, USDBRL 13:00 &#8211; 22:00.<\/li>\n<\/li>\n<\/ul>\t\t\t\t\t\t\t\t<\/div>\n\t\t\t\t\t<\/div>\n\t\t<\/div>\n\t\t\t\t\t<\/div>\n\t\t<\/section>\n\t\t\t\t\t<\/div>\n\t\t<\/div>\n\t\t\t\t\t<\/div>\n\t\t<\/section>\n\t\t\t\t<\/div>","protected":false},"excerpt":{"rendered":"<p>Fxcess Spreads Our\u202ftight\u202fSpreads and fast Market Execution\u202foffers you the luxury to have\u202fcontrol over [&hellip;]<\/p>\n","protected":false},"author":1,"featured_media":0,"parent":534,"menu_order":0,"comment_status":"closed","ping_status":"closed","template":"","meta":{"_acf_changed":false,"footnotes":""},"class_list":["post-7514","page","type-page","status-publish","hentry"],"acf":[],"yoast_head":"<!-- This site is optimized with the Yoast SEO Premium plugin v26.9 (Yoast SEO v26.9) - https:\/\/yoast.com\/product\/yoast-seo-premium-wordpress\/ -->\n<title>Commodities Spreads Ecn \u2013 Fxcess<\/title>\n<meta name=\"robots\" content=\"index, follow, max-snippet:-1, max-image-preview:large, max-video-preview:-1\" \/>\n<link rel=\"canonical\" href=\"https:\/\/www.fxcess.com\/markets\/commodities-spreads-ecn\/\" \/>\n<meta property=\"og:locale\" content=\"fr_FR\" \/>\n<meta property=\"og:type\" content=\"article\" \/>\n<meta property=\"og:title\" content=\"Commodities Spreads Ecn\" \/>\n<meta property=\"og:description\" content=\"Fxcess Spreads Our\u202ftight\u202fSpreads and fast Market Execution\u202foffers you the luxury to have\u202fcontrol over [&hellip;]\" \/>\n<meta property=\"og:url\" content=\"https:\/\/www.fxcess.com\/markets\/commodities-spreads-ecn\/\" \/>\n<meta property=\"og:site_name\" content=\"FXCess\" \/>\n<meta property=\"article:modified_time\" content=\"2025-07-04T09:57:40+00:00\" \/>\n<meta name=\"twitter:card\" content=\"summary_large_image\" \/>\n<meta name=\"twitter:label1\" content=\"Dur\u00e9e de lecture estim\u00e9e\" \/>\n\t<meta name=\"twitter:data1\" content=\"1 minute\" \/>\n<script type=\"application\/ld+json\" class=\"yoast-schema-graph\">{\"@context\":\"https:\/\/schema.org\",\"@graph\":[{\"@type\":\"WebPage\",\"@id\":\"https:\/\/www.fxcess.com\/markets\/commodities-spreads-ecn\/\",\"url\":\"https:\/\/www.fxcess.com\/markets\/commodities-spreads-ecn\/\",\"name\":\"Commodities Spreads Ecn \u2013 Fxcess\",\"isPartOf\":{\"@id\":\"https:\/\/www.fxcess.com\/ko\/#website\"},\"datePublished\":\"2022-01-30T15:21:02+00:00\",\"dateModified\":\"2025-07-04T09:57:40+00:00\",\"breadcrumb\":{\"@id\":\"https:\/\/www.fxcess.com\/markets\/commodities-spreads-ecn\/#breadcrumb\"},\"inLanguage\":\"fr-FR\",\"potentialAction\":[{\"@type\":\"ReadAction\",\"target\":[\"https:\/\/www.fxcess.com\/markets\/commodities-spreads-ecn\/\"]}]},{\"@type\":\"BreadcrumbList\",\"@id\":\"https:\/\/www.fxcess.com\/markets\/commodities-spreads-ecn\/#breadcrumb\",\"itemListElement\":[{\"@type\":\"ListItem\",\"position\":1,\"name\":\"Home\",\"item\":\"https:\/\/www.fxcess.com\/ko\/\"},{\"@type\":\"ListItem\",\"position\":2,\"name\":\"Markets\",\"item\":\"https:\/\/www.fxcess-id.com\/es\/markets\/\"},{\"@type\":\"ListItem\",\"position\":3,\"name\":\"Commodities Spreads Ecn\"}]},{\"@type\":\"WebSite\",\"@id\":\"https:\/\/www.fxcess.com\/ko\/#website\",\"url\":\"https:\/\/www.fxcess.com\/ko\/\",\"name\":\"FXCess\",\"description\":\"Trade Forex with FXCess in Less than a Minute\",\"publisher\":{\"@id\":\"https:\/\/www.fxcess.com\/ko\/#organization\"},\"potentialAction\":[{\"@type\":\"SearchAction\",\"target\":{\"@type\":\"EntryPoint\",\"urlTemplate\":\"https:\/\/www.fxcess.com\/ko\/?s={search_term_string}\"},\"query-input\":{\"@type\":\"PropertyValueSpecification\",\"valueRequired\":true,\"valueName\":\"search_term_string\"}}],\"inLanguage\":\"fr-FR\"},{\"@type\":\"Organization\",\"@id\":\"https:\/\/www.fxcess.com\/ko\/#organization\",\"name\":\"FXCess\",\"url\":\"https:\/\/www.fxcess.com\/ko\/\",\"logo\":{\"@type\":\"ImageObject\",\"inLanguage\":\"fr-FR\",\"@id\":\"https:\/\/www.fxcess.com\/ko\/#\/schema\/logo\/image\/\",\"url\":\"\/wp-content\/uploads\/2021\/11\/logo.svg\",\"contentUrl\":\"\/wp-content\/uploads\/2021\/11\/logo.svg\",\"width\":134,\"height\":25,\"caption\":\"FXCess\"},\"image\":{\"@id\":\"https:\/\/www.fxcess.com\/ko\/#\/schema\/logo\/image\/\"}}]}<\/script>\n<!-- \/ Yoast SEO Premium plugin. -->","yoast_head_json":{"title":"Commodities Spreads Ecn \u2013 Fxcess","robots":{"index":"index","follow":"follow","max-snippet":"max-snippet:-1","max-image-preview":"max-image-preview:large","max-video-preview":"max-video-preview:-1"},"canonical":"https:\/\/www.fxcess.com\/markets\/commodities-spreads-ecn\/","og_locale":"fr_FR","og_type":"article","og_title":"Commodities Spreads Ecn","og_description":"Fxcess Spreads Our\u202ftight\u202fSpreads and fast Market Execution\u202foffers you the luxury to have\u202fcontrol over [&hellip;]","og_url":"https:\/\/www.fxcess.com\/markets\/commodities-spreads-ecn\/","og_site_name":"FXCess","article_modified_time":"2025-07-04T09:57:40+00:00","twitter_card":"summary_large_image","twitter_misc":{"Dur\u00e9e de lecture estim\u00e9e":"1 minute"},"schema":{"@context":"https:\/\/schema.org","@graph":[{"@type":"WebPage","@id":"https:\/\/www.fxcess.com\/markets\/commodities-spreads-ecn\/","url":"https:\/\/www.fxcess.com\/markets\/commodities-spreads-ecn\/","name":"Commodities Spreads Ecn \u2013 Fxcess","isPartOf":{"@id":"https:\/\/www.fxcess.com\/ko\/#website"},"datePublished":"2022-01-30T15:21:02+00:00","dateModified":"2025-07-04T09:57:40+00:00","breadcrumb":{"@id":"https:\/\/www.fxcess.com\/markets\/commodities-spreads-ecn\/#breadcrumb"},"inLanguage":"fr-FR","potentialAction":[{"@type":"ReadAction","target":["https:\/\/www.fxcess.com\/markets\/commodities-spreads-ecn\/"]}]},{"@type":"BreadcrumbList","@id":"https:\/\/www.fxcess.com\/markets\/commodities-spreads-ecn\/#breadcrumb","itemListElement":[{"@type":"ListItem","position":1,"name":"Home","item":"https:\/\/www.fxcess.com\/ko\/"},{"@type":"ListItem","position":2,"name":"Markets","item":"https:\/\/www.fxcess-id.com\/es\/markets\/"},{"@type":"ListItem","position":3,"name":"Commodities Spreads Ecn"}]},{"@type":"WebSite","@id":"https:\/\/www.fxcess.com\/ko\/#website","url":"https:\/\/www.fxcess.com\/ko\/","name":"FXCess","description":"Trade Forex with FXCess in Less than a Minute","publisher":{"@id":"https:\/\/www.fxcess.com\/ko\/#organization"},"potentialAction":[{"@type":"SearchAction","target":{"@type":"EntryPoint","urlTemplate":"https:\/\/www.fxcess.com\/ko\/?s={search_term_string}"},"query-input":{"@type":"PropertyValueSpecification","valueRequired":true,"valueName":"search_term_string"}}],"inLanguage":"fr-FR"},{"@type":"Organization","@id":"https:\/\/www.fxcess.com\/ko\/#organization","name":"FXCess","url":"https:\/\/www.fxcess.com\/ko\/","logo":{"@type":"ImageObject","inLanguage":"fr-FR","@id":"https:\/\/www.fxcess.com\/ko\/#\/schema\/logo\/image\/","url":"\/wp-content\/uploads\/2021\/11\/logo.svg","contentUrl":"\/wp-content\/uploads\/2021\/11\/logo.svg","width":134,"height":25,"caption":"FXCess"},"image":{"@id":"https:\/\/www.fxcess.com\/ko\/#\/schema\/logo\/image\/"}}]}},"_links":{"self":[{"href":"https:\/\/www.fxcess-id.com\/fr\/wp-json\/wp\/v2\/pages\/7514","targetHints":{"allow":["GET"]}}],"collection":[{"href":"https:\/\/www.fxcess-id.com\/fr\/wp-json\/wp\/v2\/pages"}],"about":[{"href":"https:\/\/www.fxcess-id.com\/fr\/wp-json\/wp\/v2\/types\/page"}],"author":[{"embeddable":true,"href":"https:\/\/www.fxcess-id.com\/fr\/wp-json\/wp\/v2\/users\/1"}],"replies":[{"embeddable":true,"href":"https:\/\/www.fxcess-id.com\/fr\/wp-json\/wp\/v2\/comments?post=7514"}],"version-history":[{"count":10,"href":"https:\/\/www.fxcess-id.com\/fr\/wp-json\/wp\/v2\/pages\/7514\/revisions"}],"predecessor-version":[{"id":14879,"href":"https:\/\/www.fxcess-id.com\/fr\/wp-json\/wp\/v2\/pages\/7514\/revisions\/14879"}],"up":[{"embeddable":true,"href":"https:\/\/www.fxcess-id.com\/fr\/wp-json\/wp\/v2\/pages\/534"}],"wp:attachment":[{"href":"https:\/\/www.fxcess-id.com\/fr\/wp-json\/wp\/v2\/media?parent=7514"}],"curies":[{"name":"wp","href":"https:\/\/api.w.org\/{rel}","templated":true}]}}