{"id":7407,"date":"2022-01-30T13:00:05","date_gmt":"2022-01-30T13:00:05","guid":{"rendered":"https:\/\/fxcess-com.wp-dev.int.theitops.net\/?page_id=7407"},"modified":"2025-07-04T09:53:49","modified_gmt":"2025-07-04T09:53:49","slug":"metals-spreads-ecn","status":"publish","type":"page","link":"https:\/\/www.fxcess-id.com\/fr\/markets\/metals-spreads-ecn\/","title":{"rendered":"Spreads"},"content":{"rendered":"<div data-elementor-type=\"wp-page\" data-elementor-id=\"7407\" class=\"elementor elementor-7407\" data-elementor-post-type=\"page\">\n\t\t\t\t\t\t<section class=\"elementor-section elementor-top-section elementor-element elementor-element-cc9763d elementor-section-boxed elementor-section-height-default elementor-section-height-default\" data-id=\"cc9763d\" data-element_type=\"section\" data-e-type=\"section\">\n\t\t\t\t\t\t<div class=\"elementor-container elementor-column-gap-no\">\n\t\t\t\t\t<div class=\"elementor-column elementor-col-100 elementor-top-column elementor-element elementor-element-3b42192\" data-id=\"3b42192\" data-element_type=\"column\" data-e-type=\"column\">\n\t\t\t<div class=\"elementor-widget-wrap elementor-element-populated\">\n\t\t\t\t\t\t<div class=\"elementor-element elementor-element-7b4d331 elementor-widget elementor-widget-heading\" data-id=\"7b4d331\" data-element_type=\"widget\" data-e-type=\"widget\" data-widget_type=\"heading.default\">\n\t\t\t\t\t<h1 class=\"elementor-heading-title elementor-size-default\">Fxcess Spreads<\/h1>\t\t\t\t<\/div>\n\t\t\t\t<div class=\"elementor-element elementor-element-ac9837d elementor-widget elementor-widget-text-editor\" data-id=\"ac9837d\" data-element_type=\"widget\" data-e-type=\"widget\" data-widget_type=\"text-editor.default\">\n\t\t\t\t\t\t\t\t\tNos spreads serr\u00e9s et notre ex\u00e9cution rapide du march\u00e9 vous offrent le privil\u00e8ge de contr\u00f4ler vos trades, quel que soit l'instrument que vous choisissez.\u202fAyez l'avantage sur la concurrence et le confort d'appliquer la strat\u00e9gie de trading de votre choix.\t\t\t\t\t\t\t\t<\/div>\n\t\t\t\t<div class=\"elementor-element elementor-element-e2f9666 elementor-align-center elementor-widget elementor-widget-button\" data-id=\"e2f9666\" data-element_type=\"widget\" data-e-type=\"widget\" data-settings=\"{&quot;_animation&quot;:&quot;none&quot;}\" data-widget_type=\"button.default\">\n\t\t\t\t\t\t\t\t\t\t<a class=\"elementor-button elementor-button-link elementor-size-sm\" href=\"https:\/\/my.fxcess.com\/registration?flowkey=trading\" target=\"_blank\">\n\t\t\t\t\t\t<span class=\"elementor-button-content-wrapper\">\n\t\t\t\t\t\t\t\t\t<span class=\"elementor-button-text\">Ouvrir un compte<\/span>\n\t\t\t\t\t<\/span>\n\t\t\t\t\t<\/a>\n\t\t\t\t\t\t\t\t<\/div>\n\t\t\t\t\t<\/div>\n\t\t<\/div>\n\t\t\t\t\t<\/div>\n\t\t<\/section>\n\t\t\t\t<section class=\"elementor-section elementor-top-section elementor-element elementor-element-640ad3a elementor-section-boxed elementor-section-height-default elementor-section-height-default\" data-id=\"640ad3a\" data-element_type=\"section\" data-e-type=\"section\" id=\"instruments_table_container\" data-settings=\"{&quot;background_background&quot;:&quot;classic&quot;}\">\n\t\t\t\t\t\t<div class=\"elementor-container elementor-column-gap-no\">\n\t\t\t\t\t<div class=\"elementor-column elementor-col-100 elementor-top-column elementor-element elementor-element-3e19de1\" data-id=\"3e19de1\" data-element_type=\"column\" data-e-type=\"column\" data-settings=\"{&quot;background_background&quot;:&quot;classic&quot;}\">\n\t\t\t<div class=\"elementor-widget-wrap elementor-element-populated\">\n\t\t\t\t\t\t<section class=\"elementor-section elementor-inner-section elementor-element elementor-element-68bce20 elementor-section-full_width elementor-section-height-default elementor-section-height-default\" data-id=\"68bce20\" data-element_type=\"section\" data-e-type=\"section\">\n\t\t\t\t\t\t<div class=\"elementor-container elementor-column-gap-no\">\n\t\t\t\t\t<div class=\"elementor-column elementor-col-100 elementor-inner-column elementor-element elementor-element-25dba97 elementor-hidden-tablet elementor-hidden-mobile\" data-id=\"25dba97\" data-element_type=\"column\" data-e-type=\"column\">\n\t\t\t<div class=\"elementor-widget-wrap elementor-element-populated\">\n\t\t\t\t\t\t<div class=\"elementor-element elementor-element-7bed746 elementor-widget__width-initial elementor-widget elementor-widget-text-editor\" data-id=\"7bed746\" data-element_type=\"widget\" data-e-type=\"widget\" data-widget_type=\"text-editor.default\">\n\t\t\t\t\t\t\t\t\t<a href=\"\/fr\/markets\/forex-spreads-classic\/#instruments_table_container\">Forex<\/a>\t\t\t\t\t\t\t\t<\/div>\n\t\t\t\t<div class=\"elementor-element elementor-element-ac9f85e elementor-widget__width-initial elementor-widget elementor-widget-text-editor\" data-id=\"ac9f85e\" data-element_type=\"widget\" data-e-type=\"widget\" data-widget_type=\"text-editor.default\">\n\t\t\t\t\t\t\t\t\t<a href=\"\/fr\/markets\/metals-spreads-classic\/#instruments_table_container\">M\u00e9taux<\/a>\t\t\t\t\t\t\t\t<\/div>\n\t\t\t\t<div class=\"elementor-element elementor-element-eeb5c27 elementor-widget__width-initial elementor-widget elementor-widget-text-editor\" data-id=\"eeb5c27\" data-element_type=\"widget\" data-e-type=\"widget\" data-widget_type=\"text-editor.default\">\n\t\t\t\t\t\t\t\t\t<a href=\"\/fr\/markets\/futures-spreads-classic\/#instruments_table_container\">Contrats \u00e0 terme<\/a>\t\t\t\t\t\t\t\t<\/div>\n\t\t\t\t<div class=\"elementor-element elementor-element-ff3fdf7 elementor-widget__width-initial elementor-widget elementor-widget-text-editor\" data-id=\"ff3fdf7\" data-element_type=\"widget\" data-e-type=\"widget\" data-widget_type=\"text-editor.default\">\n\t\t\t\t\t\t\t\t\t<a href=\"\/fr\/markets\/indices-spreads-classic\/#instruments_table_container\">Indices<\/a>\t\t\t\t\t\t\t\t<\/div>\n\t\t\t\t<div class=\"elementor-element elementor-element-a664b36 elementor-widget__width-initial elementor-widget elementor-widget-text-editor\" data-id=\"a664b36\" data-element_type=\"widget\" data-e-type=\"widget\" data-widget_type=\"text-editor.default\">\n\t\t\t\t\t\t\t\t\t<a href=\"\/fr\/markets\/commodities-spreads-classic\/#instruments_table_container\">Mati\u00e8res premi\u00e8res<\/a>\t\t\t\t\t\t\t\t<\/div>\n\t\t\t\t\t<\/div>\n\t\t<\/div>\n\t\t\t\t\t<\/div>\n\t\t<\/section>\n\t\t\t\t<section class=\"elementor-section elementor-inner-section elementor-element elementor-element-f79bc55 elementor-hidden-desktop elementor-section-boxed elementor-section-height-default elementor-section-height-default\" data-id=\"f79bc55\" data-element_type=\"section\" data-e-type=\"section\">\n\t\t\t\t\t\t<div class=\"elementor-container elementor-column-gap-default\">\n\t\t\t\t\t<div class=\"elementor-column elementor-col-50 elementor-inner-column elementor-element elementor-element-1cace02\" data-id=\"1cace02\" data-element_type=\"column\" data-e-type=\"column\">\n\t\t\t<div class=\"elementor-widget-wrap elementor-element-populated\">\n\t\t\t\t\t\t<div class=\"elementor-element elementor-element-833d1ed elementor-widget-mobile__width-initial elementor-widget elementor-widget-button\" data-id=\"833d1ed\" data-element_type=\"widget\" data-e-type=\"widget\" data-widget_type=\"button.default\">\n\t\t\t\t\t\t\t\t\t\t<a class=\"elementor-button elementor-button-link elementor-size-sm\" href=\"#\/markets\/forex-spreads-classic\/#instruments_table_container\">\n\t\t\t\t\t\t<span class=\"elementor-button-content-wrapper\">\n\t\t\t\t\t\t\t\t\t<span class=\"elementor-button-text\">Forex<\/span>\n\t\t\t\t\t<\/span>\n\t\t\t\t\t<\/a>\n\t\t\t\t\t\t\t\t<\/div>\n\t\t\t\t\t<\/div>\n\t\t<\/div>\n\t\t\t\t<div class=\"elementor-column elementor-col-50 elementor-inner-column elementor-element elementor-element-b1661a5 elementor-hidden-desktop\" data-id=\"b1661a5\" data-element_type=\"column\" data-e-type=\"column\">\n\t\t\t<div class=\"elementor-widget-wrap elementor-element-populated\">\n\t\t\t\t\t\t<div class=\"elementor-element elementor-element-6c5b98b elementor-tablet-align-center elementor-widget elementor-widget-button\" data-id=\"6c5b98b\" data-element_type=\"widget\" data-e-type=\"widget\" data-widget_type=\"button.default\">\n\t\t\t\t\t\t\t\t\t\t<a class=\"elementor-button elementor-button-link elementor-size-sm\" href=\"\/fr\/markets\/metals-spreads-classic\/#instruments_table_container\">\n\t\t\t\t\t\t<span class=\"elementor-button-content-wrapper\">\n\t\t\t\t\t\t\t\t\t<span class=\"elementor-button-text\">M\u00e9taux<\/span>\n\t\t\t\t\t<\/span>\n\t\t\t\t\t<\/a>\n\t\t\t\t\t\t\t\t<\/div>\n\t\t\t\t\t<\/div>\n\t\t<\/div>\n\t\t\t\t\t<\/div>\n\t\t<\/section>\n\t\t\t\t<section class=\"elementor-section elementor-inner-section elementor-element elementor-element-b1bf63a elementor-section-full_width elementor-section-height-default elementor-section-height-default\" data-id=\"b1bf63a\" data-element_type=\"section\" data-e-type=\"section\">\n\t\t\t\t\t\t<div class=\"elementor-container elementor-column-gap-no\">\n\t\t\t\t\t<div class=\"elementor-column elementor-col-100 elementor-inner-column elementor-element elementor-element-73ba35c\" data-id=\"73ba35c\" data-element_type=\"column\" data-e-type=\"column\">\n\t\t\t<div class=\"elementor-widget-wrap elementor-element-populated\">\n\t\t\t\t\t\t<div class=\"elementor-element elementor-element-fd68b27 elementor-widget__width-auto elementor-widget elementor-widget-button\" data-id=\"fd68b27\" data-element_type=\"widget\" data-e-type=\"widget\" data-widget_type=\"button.default\">\n\t\t\t\t\t\t\t\t\t\t<a class=\"elementor-button elementor-button-link elementor-size-sm\" href=\"\/fr\/markets\/metals-spreads-classic\/#instruments_table_container\">\n\t\t\t\t\t\t<span class=\"elementor-button-content-wrapper\">\n\t\t\t\t\t\t\t\t\t<span class=\"elementor-button-text\">Classique<\/span>\n\t\t\t\t\t<\/span>\n\t\t\t\t\t<\/a>\n\t\t\t\t\t\t\t\t<\/div>\n\t\t\t\t<div class=\"elementor-element elementor-element-e7a890d elementor-widget__width-auto elementor-widget elementor-widget-button\" data-id=\"e7a890d\" data-element_type=\"widget\" data-e-type=\"widget\" data-widget_type=\"button.default\">\n\t\t\t\t\t\t\t\t\t\t<a class=\"elementor-button elementor-button-link elementor-size-sm\" href=\"\/fr\/markets\/metals-spreads-ecn\/#instruments_table_container\">\n\t\t\t\t\t\t<span class=\"elementor-button-content-wrapper\">\n\t\t\t\t\t\t\t\t\t<span class=\"elementor-button-text\">ECN<\/span>\n\t\t\t\t\t<\/span>\n\t\t\t\t\t<\/a>\n\t\t\t\t\t\t\t\t<\/div>\n\t\t\t\t\t<\/div>\n\t\t<\/div>\n\t\t\t\t\t<\/div>\n\t\t<\/section>\n\t\t\t\t<section class=\"elementor-section elementor-inner-section elementor-element elementor-element-cb87d5a elementor-section-full_width elementor-section-height-default elementor-section-height-default\" data-id=\"cb87d5a\" data-element_type=\"section\" data-e-type=\"section\">\n\t\t\t\t\t\t<div class=\"elementor-container elementor-column-gap-no\">\n\t\t\t\t\t<div class=\"elementor-column elementor-col-100 elementor-inner-column elementor-element elementor-element-4bbbd6c\" data-id=\"4bbbd6c\" data-element_type=\"column\" data-e-type=\"column\" data-settings=\"{&quot;background_background&quot;:&quot;classic&quot;}\">\n\t\t\t<div class=\"elementor-widget-wrap elementor-element-populated\">\n\t\t\t\t\t\t<div class=\"elementor-element elementor-element-dfba560 elementor-widget elementor-widget-html\" data-id=\"dfba560\" data-element_type=\"widget\" data-e-type=\"widget\" data-widget_type=\"html.default\">\n\t\t\t\t\t<table border=\"0\">\n<tbody>\n<tr class=\"column_titles\">\n<td>March\u00e9<\/td>\n<td>Minimum Spread<\/td>\n<td>Spread moyen<\/td>\n<td>Taille minimale par position<\/td>\n<!--<td>Swap Short<\/td>\n                <td>Swap Long<\/td>--><\/tr>\n<tr>\n<td><a disabled=\"\" class=\"market_symbol\">XAUEUR<\/a><\/td>\n<td>14<\/td>\n<td>23.302<\/td>\n<td>0.01 Lot<\/td>\n<!--<td>0.0001<\/td>\n                <td>USD 10<\/td>--><\/tr>\n<tr>\n<td><a disabled=\"\" class=\"market_symbol\">XAUUSD<\/a><\/td>\n<td>15<\/td>\n<td>20.641<\/td>\n<td>0.01 Lot<\/td>\n<!--<td>0.0001<\/td>\n                <td>CHF 10<\/td>--><\/tr>\n<tr>\n<td><a disabled=\"\" class=\"market_symbol\">XPDUSD<\/a><\/td>\n<td>27<\/td>\n<td>570.508<\/td>\n<td>0.01 Lot<\/td>\n<!--<td>0.0001<\/td>\n                <td>GBP 10<\/td>--><\/tr>\n<tr>\n<td><a disabled=\"\" class=\"market_symbol\">XPTUSD<\/a><\/td>\n<td>15<\/td>\n<td>164.431<\/td>\n<td>0.01 Lot<\/td>\n<!--<td>0.0001<\/td>\n                <td>GBP 10<\/td>--><\/tr>\n<tr>\n<td><a disabled=\"\" class=\"market_symbol\">XAGEUR<\/a><\/td>\n<td>1<\/td>\n<td>2.479<\/td>\n<td>0.01 Lot<\/td>\n<!--<td>0.0001<\/td>\n                <td>GBP 10<\/td>--><\/tr>\n<tr>\n<td><a disabled=\"\" class=\"market_symbol\">XAGUSD<\/a><\/td>\n<td>1<\/td>\n<td>1.412<\/td>\n<td>0.01 Lot<\/td>\n<!--<td>0.0001<\/td>\n                <td>GBP 10<\/td>--><\/tr>\n<\/tbody>\n<\/table>\t\t\t\t<\/div>\n\t\t\t\t\t<\/div>\n\t\t<\/div>\n\t\t\t\t\t<\/div>\n\t\t<\/section>\n\t\t\t\t<section class=\"elementor-section elementor-inner-section elementor-element elementor-element-687607b elementor-hidden-desktop elementor-section-boxed elementor-section-height-default elementor-section-height-default\" data-id=\"687607b\" data-element_type=\"section\" data-e-type=\"section\">\n\t\t\t\t\t\t<div class=\"elementor-container elementor-column-gap-default\">\n\t\t\t\t\t<div class=\"elementor-column elementor-col-33 elementor-inner-column elementor-element elementor-element-48a4a96\" data-id=\"48a4a96\" data-element_type=\"column\" data-e-type=\"column\">\n\t\t\t<div class=\"elementor-widget-wrap elementor-element-populated\">\n\t\t\t\t\t\t<div class=\"elementor-element elementor-element-8f43c75 elementor-widget-mobile__width-initial elementor-widget elementor-widget-button\" data-id=\"8f43c75\" data-element_type=\"widget\" data-e-type=\"widget\" data-widget_type=\"button.default\">\n\t\t\t\t\t\t\t\t\t\t<a class=\"elementor-button elementor-button-link elementor-size-sm\" href=\"\/fr\/markets\/futures-spreads-classic\/#instruments_table_container\">\n\t\t\t\t\t\t<span class=\"elementor-button-content-wrapper\">\n\t\t\t\t\t\t\t\t\t<span class=\"elementor-button-text\">Contrats \u00e0 terme<\/span>\n\t\t\t\t\t<\/span>\n\t\t\t\t\t<\/a>\n\t\t\t\t\t\t\t\t<\/div>\n\t\t\t\t\t<\/div>\n\t\t<\/div>\n\t\t\t\t<div class=\"elementor-column elementor-col-33 elementor-inner-column elementor-element elementor-element-21d012b\" data-id=\"21d012b\" data-element_type=\"column\" data-e-type=\"column\">\n\t\t\t<div class=\"elementor-widget-wrap elementor-element-populated\">\n\t\t\t\t\t\t<div class=\"elementor-element elementor-element-c3c87bd elementor-widget-mobile__width-initial elementor-widget elementor-widget-button\" data-id=\"c3c87bd\" data-element_type=\"widget\" data-e-type=\"widget\" data-widget_type=\"button.default\">\n\t\t\t\t\t\t\t\t\t\t<a class=\"elementor-button elementor-button-link elementor-size-sm\" href=\"\/fr\/markets\/indices-spreads-classic\/#instruments_table_container\">\n\t\t\t\t\t\t<span class=\"elementor-button-content-wrapper\">\n\t\t\t\t\t\t\t\t\t<span class=\"elementor-button-text\">Indices<\/span>\n\t\t\t\t\t<\/span>\n\t\t\t\t\t<\/a>\n\t\t\t\t\t\t\t\t<\/div>\n\t\t\t\t\t<\/div>\n\t\t<\/div>\n\t\t\t\t<div class=\"elementor-column elementor-col-33 elementor-inner-column elementor-element elementor-element-cd7fb61\" data-id=\"cd7fb61\" data-element_type=\"column\" data-e-type=\"column\">\n\t\t\t<div class=\"elementor-widget-wrap elementor-element-populated\">\n\t\t\t\t\t\t<div class=\"elementor-element elementor-element-fcfa3d7 elementor-widget-mobile__width-initial elementor-widget elementor-widget-button\" data-id=\"fcfa3d7\" data-element_type=\"widget\" data-e-type=\"widget\" data-widget_type=\"button.default\">\n\t\t\t\t\t\t\t\t\t\t<a class=\"elementor-button elementor-button-link elementor-size-sm\" href=\"\/fr\/markets\/commodities-spreads-classic\/#instruments_table_container\">\n\t\t\t\t\t\t<span class=\"elementor-button-content-wrapper\">\n\t\t\t\t\t\t\t\t\t<span class=\"elementor-button-text\">Mati\u00e8res premi\u00e8res<\/span>\n\t\t\t\t\t<\/span>\n\t\t\t\t\t<\/a>\n\t\t\t\t\t\t\t\t<\/div>\n\t\t\t\t\t<\/div>\n\t\t<\/div>\n\t\t\t\t\t<\/div>\n\t\t<\/section>\n\t\t\t\t\t<\/div>\n\t\t<\/div>\n\t\t\t\t\t<\/div>\n\t\t<\/section>\n\t\t\t\t<\/div>","protected":false},"excerpt":{"rendered":"<p>Fxcess Spreads Our\u202ftight\u202fSpreads and fast Market Execution\u202foffers you the luxury to have\u202fcontrol over [&hellip;]<\/p>\n","protected":false},"author":1,"featured_media":0,"parent":534,"menu_order":0,"comment_status":"closed","ping_status":"closed","template":"","meta":{"_acf_changed":false,"footnotes":""},"class_list":["post-7407","page","type-page","status-publish","hentry"],"acf":[],"yoast_head":"<!-- This site is optimized with the Yoast SEO Premium plugin v26.9 (Yoast SEO v26.9) - https:\/\/yoast.com\/product\/yoast-seo-premium-wordpress\/ -->\n<title>Metals Spreads Ecn \u2013 Fxcess<\/title>\n<meta name=\"robots\" content=\"index, follow, max-snippet:-1, max-image-preview:large, max-video-preview:-1\" \/>\n<link rel=\"canonical\" href=\"https:\/\/www.fxcess.com\/th\/markets\/metals-spreads-ecn\/\" \/>\n<meta property=\"og:locale\" content=\"fr_FR\" \/>\n<meta property=\"og:type\" content=\"article\" \/>\n<meta property=\"og:title\" content=\"Spreads\" \/>\n<meta property=\"og:description\" content=\"Fxcess Spreads Our\u202ftight\u202fSpreads and fast Market Execution\u202foffers you the luxury to have\u202fcontrol over [&hellip;]\" \/>\n<meta property=\"og:url\" content=\"https:\/\/www.fxcess.com\/th\/markets\/metals-spreads-ecn\/\" \/>\n<meta property=\"og:site_name\" content=\"FXCess\" \/>\n<meta property=\"article:modified_time\" content=\"2025-07-04T09:53:49+00:00\" \/>\n<meta name=\"twitter:card\" content=\"summary_large_image\" \/>\n<meta name=\"twitter:label1\" content=\"Dur\u00e9e de lecture estim\u00e9e\" \/>\n\t<meta name=\"twitter:data1\" content=\"1 minute\" \/>\n<script type=\"application\/ld+json\" class=\"yoast-schema-graph\">{\"@context\":\"https:\/\/schema.org\",\"@graph\":[{\"@type\":\"WebPage\",\"@id\":\"https:\/\/www.fxcess.com\/th\/markets\/metals-spreads-ecn\/\",\"url\":\"https:\/\/www.fxcess.com\/th\/markets\/metals-spreads-ecn\/\",\"name\":\"Metals Spreads Ecn \u2013 Fxcess\",\"isPartOf\":{\"@id\":\"https:\/\/www.fxcess.com\/ko\/#website\"},\"datePublished\":\"2022-01-30T13:00:05+00:00\",\"dateModified\":\"2025-07-04T09:53:49+00:00\",\"breadcrumb\":{\"@id\":\"https:\/\/www.fxcess.com\/th\/markets\/metals-spreads-ecn\/#breadcrumb\"},\"inLanguage\":\"fr-FR\",\"potentialAction\":[{\"@type\":\"ReadAction\",\"target\":[\"https:\/\/www.fxcess.com\/th\/markets\/metals-spreads-ecn\/\"]}]},{\"@type\":\"BreadcrumbList\",\"@id\":\"https:\/\/www.fxcess.com\/th\/markets\/metals-spreads-ecn\/#breadcrumb\",\"itemListElement\":[{\"@type\":\"ListItem\",\"position\":1,\"name\":\"Home\",\"item\":\"https:\/\/www.fxcess.com\/ko\/\"},{\"@type\":\"ListItem\",\"position\":2,\"name\":\"Markets\",\"item\":\"https:\/\/www.fxcess-id.com\/es\/markets\/\"},{\"@type\":\"ListItem\",\"position\":3,\"name\":\"Spreads\"}]},{\"@type\":\"WebSite\",\"@id\":\"https:\/\/www.fxcess.com\/ko\/#website\",\"url\":\"https:\/\/www.fxcess.com\/ko\/\",\"name\":\"FXCess\",\"description\":\"Trade Forex with FXCess in Less than a Minute\",\"publisher\":{\"@id\":\"https:\/\/www.fxcess.com\/ko\/#organization\"},\"potentialAction\":[{\"@type\":\"SearchAction\",\"target\":{\"@type\":\"EntryPoint\",\"urlTemplate\":\"https:\/\/www.fxcess.com\/ko\/?s={search_term_string}\"},\"query-input\":{\"@type\":\"PropertyValueSpecification\",\"valueRequired\":true,\"valueName\":\"search_term_string\"}}],\"inLanguage\":\"fr-FR\"},{\"@type\":\"Organization\",\"@id\":\"https:\/\/www.fxcess.com\/ko\/#organization\",\"name\":\"FXCess\",\"url\":\"https:\/\/www.fxcess.com\/ko\/\",\"logo\":{\"@type\":\"ImageObject\",\"inLanguage\":\"fr-FR\",\"@id\":\"https:\/\/www.fxcess.com\/ko\/#\/schema\/logo\/image\/\",\"url\":\"\/wp-content\/uploads\/2021\/11\/logo.svg\",\"contentUrl\":\"\/wp-content\/uploads\/2021\/11\/logo.svg\",\"width\":134,\"height\":25,\"caption\":\"FXCess\"},\"image\":{\"@id\":\"https:\/\/www.fxcess.com\/ko\/#\/schema\/logo\/image\/\"}}]}<\/script>\n<!-- \/ Yoast SEO Premium plugin. -->","yoast_head_json":{"title":"Metals Spreads Ecn \u2013 Fxcess","robots":{"index":"index","follow":"follow","max-snippet":"max-snippet:-1","max-image-preview":"max-image-preview:large","max-video-preview":"max-video-preview:-1"},"canonical":"https:\/\/www.fxcess.com\/th\/markets\/metals-spreads-ecn\/","og_locale":"fr_FR","og_type":"article","og_title":"Spreads","og_description":"Fxcess Spreads Our\u202ftight\u202fSpreads and fast Market Execution\u202foffers you the luxury to have\u202fcontrol over [&hellip;]","og_url":"https:\/\/www.fxcess.com\/th\/markets\/metals-spreads-ecn\/","og_site_name":"FXCess","article_modified_time":"2025-07-04T09:53:49+00:00","twitter_card":"summary_large_image","twitter_misc":{"Dur\u00e9e de lecture estim\u00e9e":"1 minute"},"schema":{"@context":"https:\/\/schema.org","@graph":[{"@type":"WebPage","@id":"https:\/\/www.fxcess.com\/th\/markets\/metals-spreads-ecn\/","url":"https:\/\/www.fxcess.com\/th\/markets\/metals-spreads-ecn\/","name":"Metals Spreads Ecn \u2013 Fxcess","isPartOf":{"@id":"https:\/\/www.fxcess.com\/ko\/#website"},"datePublished":"2022-01-30T13:00:05+00:00","dateModified":"2025-07-04T09:53:49+00:00","breadcrumb":{"@id":"https:\/\/www.fxcess.com\/th\/markets\/metals-spreads-ecn\/#breadcrumb"},"inLanguage":"fr-FR","potentialAction":[{"@type":"ReadAction","target":["https:\/\/www.fxcess.com\/th\/markets\/metals-spreads-ecn\/"]}]},{"@type":"BreadcrumbList","@id":"https:\/\/www.fxcess.com\/th\/markets\/metals-spreads-ecn\/#breadcrumb","itemListElement":[{"@type":"ListItem","position":1,"name":"Home","item":"https:\/\/www.fxcess.com\/ko\/"},{"@type":"ListItem","position":2,"name":"Markets","item":"https:\/\/www.fxcess-id.com\/es\/markets\/"},{"@type":"ListItem","position":3,"name":"Spreads"}]},{"@type":"WebSite","@id":"https:\/\/www.fxcess.com\/ko\/#website","url":"https:\/\/www.fxcess.com\/ko\/","name":"FXCess","description":"Trade Forex with FXCess in Less than a Minute","publisher":{"@id":"https:\/\/www.fxcess.com\/ko\/#organization"},"potentialAction":[{"@type":"SearchAction","target":{"@type":"EntryPoint","urlTemplate":"https:\/\/www.fxcess.com\/ko\/?s={search_term_string}"},"query-input":{"@type":"PropertyValueSpecification","valueRequired":true,"valueName":"search_term_string"}}],"inLanguage":"fr-FR"},{"@type":"Organization","@id":"https:\/\/www.fxcess.com\/ko\/#organization","name":"FXCess","url":"https:\/\/www.fxcess.com\/ko\/","logo":{"@type":"ImageObject","inLanguage":"fr-FR","@id":"https:\/\/www.fxcess.com\/ko\/#\/schema\/logo\/image\/","url":"\/wp-content\/uploads\/2021\/11\/logo.svg","contentUrl":"\/wp-content\/uploads\/2021\/11\/logo.svg","width":134,"height":25,"caption":"FXCess"},"image":{"@id":"https:\/\/www.fxcess.com\/ko\/#\/schema\/logo\/image\/"}}]}},"_links":{"self":[{"href":"https:\/\/www.fxcess-id.com\/fr\/wp-json\/wp\/v2\/pages\/7407","targetHints":{"allow":["GET"]}}],"collection":[{"href":"https:\/\/www.fxcess-id.com\/fr\/wp-json\/wp\/v2\/pages"}],"about":[{"href":"https:\/\/www.fxcess-id.com\/fr\/wp-json\/wp\/v2\/types\/page"}],"author":[{"embeddable":true,"href":"https:\/\/www.fxcess-id.com\/fr\/wp-json\/wp\/v2\/users\/1"}],"replies":[{"embeddable":true,"href":"https:\/\/www.fxcess-id.com\/fr\/wp-json\/wp\/v2\/comments?post=7407"}],"version-history":[{"count":10,"href":"https:\/\/www.fxcess-id.com\/fr\/wp-json\/wp\/v2\/pages\/7407\/revisions"}],"predecessor-version":[{"id":14855,"href":"https:\/\/www.fxcess-id.com\/fr\/wp-json\/wp\/v2\/pages\/7407\/revisions\/14855"}],"up":[{"embeddable":true,"href":"https:\/\/www.fxcess-id.com\/fr\/wp-json\/wp\/v2\/pages\/534"}],"wp:attachment":[{"href":"https:\/\/www.fxcess-id.com\/fr\/wp-json\/wp\/v2\/media?parent=7407"}],"curies":[{"name":"wp","href":"https:\/\/api.w.org\/{rel}","templated":true}]}}