{"id":2634,"date":"2021-12-10T00:31:02","date_gmt":"2021-12-10T00:31:02","guid":{"rendered":"https:\/\/fxcess-com.wp-dev.int.theitops.net\/?page_id=2634"},"modified":"2025-10-15T07:02:43","modified_gmt":"2025-10-15T07:02:43","slug":"promotions","status":"publish","type":"page","link":"https:\/\/www.fxcess-id.com\/fr\/promotions\/","title":{"rendered":"Promotions"},"content":{"rendered":"<div data-elementor-type=\"wp-page\" data-elementor-id=\"2634\" class=\"elementor elementor-2634\" data-elementor-post-type=\"page\">\n\t\t\t\t\t\t<section class=\"elementor-section elementor-top-section elementor-element elementor-element-8eb6cd3 elementor-section-boxed elementor-section-height-default elementor-section-height-default\" data-id=\"8eb6cd3\" data-element_type=\"section\" data-e-type=\"section\">\n\t\t\t\t\t\t<div class=\"elementor-container elementor-column-gap-default\">\n\t\t\t\t\t<div class=\"elementor-column elementor-col-100 elementor-top-column elementor-element elementor-element-8a2c290\" data-id=\"8a2c290\" data-element_type=\"column\" data-e-type=\"column\">\n\t\t\t<div class=\"elementor-widget-wrap elementor-element-populated\">\n\t\t\t\t\t\t<section class=\"elementor-section elementor-inner-section elementor-element elementor-element-12ddfa2 elementor-section-boxed elementor-section-height-default elementor-section-height-default\" data-id=\"12ddfa2\" data-element_type=\"section\" data-e-type=\"section\">\n\t\t\t\t\t\t<div class=\"elementor-container elementor-column-gap-default\">\n\t\t\t\t\t<div class=\"elementor-column elementor-col-50 elementor-inner-column elementor-element elementor-element-c2f4f4b\" data-id=\"c2f4f4b\" data-element_type=\"column\" data-e-type=\"column\">\n\t\t\t<div class=\"elementor-widget-wrap elementor-element-populated\">\n\t\t\t\t\t\t<div class=\"elementor-element elementor-element-b5ecf46 elementor-widget elementor-widget-heading\" data-id=\"b5ecf46\" data-element_type=\"widget\" data-e-type=\"widget\" data-widget_type=\"heading.default\">\n\t\t\t\t\t<h1 class=\"elementor-heading-title elementor-size-default\">Promotions<\/h1>\t\t\t\t<\/div>\n\t\t\t\t\t<\/div>\n\t\t<\/div>\n\t\t\t\t<div class=\"elementor-column elementor-col-50 elementor-inner-column elementor-element elementor-element-9a62e09 elementor-hidden-tablet elementor-hidden-mobile\" data-id=\"9a62e09\" data-element_type=\"column\" data-e-type=\"column\">\n\t\t\t<div class=\"elementor-widget-wrap elementor-element-populated\">\n\t\t\t\t\t\t<div class=\"elementor-element elementor-element-4075af5 elementor-widget elementor-widget-html\" data-id=\"4075af5\" data-element_type=\"widget\" data-e-type=\"widget\" data-widget_type=\"html.default\">\n\t\t\t\t\t<div class=\"red_circle\">\n    <div class=\"inner_div\"><\/div>\n<\/div>\t\t\t\t<\/div>\n\t\t\t\t\t<\/div>\n\t\t<\/div>\n\t\t\t\t\t<\/div>\n\t\t<\/section>\n\t\t\t\t<section class=\"elementor-section elementor-inner-section elementor-element elementor-element-5c49817 elementor-section-boxed elementor-section-height-default elementor-section-height-default elementor-invisible\" data-id=\"5c49817\" data-element_type=\"section\" data-e-type=\"section\" data-settings=\"{&quot;animation&quot;:&quot;slideInUp&quot;}\">\n\t\t\t\t\t\t<div class=\"elementor-container elementor-column-gap-default\">\n\t\t\t\t\t<div class=\"elementor-column elementor-col-100 elementor-inner-column elementor-element elementor-element-284703d\" data-id=\"284703d\" data-element_type=\"column\" data-e-type=\"column\">\n\t\t\t<div class=\"elementor-widget-wrap elementor-element-populated\">\n\t\t\t\t\t\t<div class=\"elementor-element elementor-element-f9a9fa8 elementor-widget__width-initial elementor-hidden-tablet elementor-hidden-mobile elementor-invisible elementor-widget elementor-widget-image\" data-id=\"f9a9fa8\" data-element_type=\"widget\" data-e-type=\"widget\" data-settings=\"{&quot;_animation&quot;:&quot;slideInUp&quot;}\" data-widget_type=\"image.default\">\n\t\t\t\t\t\t\t\t\t\t\t\t\t\t\t<img fetchpriority=\"high\" decoding=\"async\" width=\"800\" height=\"413\" src=\"\/wp-content\/uploads\/2022\/01\/fxcesspromotionpage-1024x528.png\" class=\"attachment-large size-large wp-image-4382\" alt=\"a male figure pointing to the 100% and 40% bonus referring to the fxcess promotions page\" srcset=\"\/wp-content\/uploads\/2022\/01\/fxcesspromotionpage-1024x528.png 1024w, \/wp-content\/uploads\/2022\/01\/fxcesspromotionpage-300x155.png 300w, \/wp-content\/uploads\/2022\/01\/fxcesspromotionpage-768x396.png 768w, \/wp-content\/uploads\/2022\/01\/fxcesspromotionpage.png 1111w\" sizes=\"(max-width: 800px) 100vw, 800px\" \/>\t\t\t\t\t\t\t\t\t\t\t\t\t\t\t<\/div>\n\t\t\t\t<div class=\"elementor-element elementor-element-3a06952 elementor-hidden-desktop elementor-widget elementor-widget-image\" data-id=\"3a06952\" data-element_type=\"widget\" data-e-type=\"widget\" data-widget_type=\"image.default\">\n\t\t\t\t\t\t\t\t\t\t\t\t\t\t\t<img decoding=\"async\" width=\"307\" height=\"432\" src=\"\/wp-content\/uploads\/2022\/01\/fxcesspromotionpagemobile.png\" class=\"attachment-large size-large wp-image-4395\" alt=\"a male figure pointing to the 100% and 40% bonus referring to the fxcess promotions mobile page\" srcset=\"\/wp-content\/uploads\/2022\/01\/fxcesspromotionpagemobile.png 307w, \/wp-content\/uploads\/2022\/01\/fxcesspromotionpagemobile-213x300.png 213w\" sizes=\"(max-width: 307px) 100vw, 307px\" \/>\t\t\t\t\t\t\t\t\t\t\t\t\t\t\t<\/div>\n\t\t\t\t\t<\/div>\n\t\t<\/div>\n\t\t\t\t\t<\/div>\n\t\t<\/section>\n\t\t\t\t\t<\/div>\n\t\t<\/div>\n\t\t\t\t\t<\/div>\n\t\t<\/section>\n\t\t\t\t<section class=\"elementor-section elementor-top-section elementor-element elementor-element-d0de3ab elementor-section-boxed elementor-section-height-default elementor-section-height-default\" data-id=\"d0de3ab\" data-element_type=\"section\" data-e-type=\"section\">\n\t\t\t\t\t\t<div class=\"elementor-container elementor-column-gap-default\">\n\t\t\t\t\t<div class=\"elementor-column elementor-col-100 elementor-top-column elementor-element elementor-element-10cf5ec\" data-id=\"10cf5ec\" data-element_type=\"column\" data-e-type=\"column\">\n\t\t\t<div class=\"elementor-widget-wrap elementor-element-populated\">\n\t\t\t\t\t\t<div class=\"elementor-element elementor-element-de74a03 elementor-widget elementor-widget-heading\" data-id=\"de74a03\" data-element_type=\"widget\" data-e-type=\"widget\" data-widget_type=\"heading.default\">\n\t\t\t\t\t<h1 class=\"elementor-heading-title elementor-size-default\">Bonus sur les d\u00e9p\u00f4ts<\/h1>\t\t\t\t<\/div>\n\t\t\t\t<section class=\"elementor-section elementor-inner-section elementor-element elementor-element-18f819a elementor-section-boxed elementor-section-height-default elementor-section-height-default\" data-id=\"18f819a\" data-element_type=\"section\" data-e-type=\"section\" data-settings=\"{&quot;background_background&quot;:&quot;classic&quot;}\">\n\t\t\t\t\t\t<div class=\"elementor-container elementor-column-gap-default\">\n\t\t\t\t\t<div class=\"elementor-column elementor-col-100 elementor-inner-column elementor-element elementor-element-09cd099\" data-id=\"09cd099\" data-element_type=\"column\" data-e-type=\"column\">\n\t\t\t<div class=\"elementor-widget-wrap elementor-element-populated\">\n\t\t\t\t\t\t<div class=\"elementor-element elementor-element-3d69405 elementor-widget elementor-widget-heading\" data-id=\"3d69405\" data-element_type=\"widget\" data-e-type=\"widget\" data-widget_type=\"heading.default\">\n\t\t\t\t\t<h4 class=\"elementor-heading-title elementor-size-default\">Sharing Bonus de 100%<\/h4>\t\t\t\t<\/div>\n\t\t\t\t<div class=\"elementor-element elementor-element-4bf516f elementor-widget elementor-widget-heading\" data-id=\"4bf516f\" data-element_type=\"widget\" data-e-type=\"widget\" data-widget_type=\"heading.default\">\n\t\t\t\t\t<div class=\"elementor-heading-title elementor-size-default translation-block\">Tirez le meilleur parti de nos bonus sp\u00e9ciaux <br>sur votre premier d\u00e9p\u00f4t.<\/div>\t\t\t\t<\/div>\n\t\t\t\t<div class=\"elementor-element elementor-element-3e30471 elementor-widget elementor-widget-video\" data-id=\"3e30471\" data-element_type=\"widget\" data-e-type=\"widget\" data-settings=\"{&quot;video_type&quot;:&quot;vimeo&quot;}\" data-widget_type=\"video.default\">\n\t\t\t\t\t\t\t<div class=\"elementor-wrapper elementor-open-inline\">\n\t\t\t<iframe class=\"elementor-video-iframe\" allowfullscreen allow=\"clipboard-write\" title=\"Tr\u00ecnh ph\u00e1t Video vimeo\" src=\"https:\/\/player.vimeo.com\/video\/366664120?color&amp;autopause=0&amp;loop=0&amp;muted=0&amp;title=1&amp;portrait=1&amp;byline=1#t=\" data-no-translation-title=\"\"><\/iframe>\t\t<\/div>\n\t\t\t\t\t\t<\/div>\n\t\t\t\t<div class=\"elementor-element elementor-element-50b15e7 elementor-widget elementor-widget-heading\" data-id=\"50b15e7\" data-element_type=\"widget\" data-e-type=\"widget\" data-widget_type=\"heading.default\">\n\t\t\t\t\t<h2 class=\"elementor-heading-title elementor-size-default\"><a href=\"https:\/\/shared.gighl.com\/Fxcess_Bonuses-v2025_001.pdf\" target=\"_blank\" style=\"color: #5d74b6\">*Les conditions g\u00e9n\u00e9rales s'appliquent.<\/a> <br>Le bonus ne peut pas \u00eatre retir\u00e9.<\/h2>\t\t\t\t<\/div>\n\t\t\t\t\t<\/div>\n\t\t<\/div>\n\t\t\t\t\t<\/div>\n\t\t<\/section>\n\t\t\t\t<section class=\"elementor-section elementor-inner-section elementor-element elementor-element-1695f7b elementor-section-boxed elementor-section-height-default elementor-section-height-default\" data-id=\"1695f7b\" data-element_type=\"section\" data-e-type=\"section\" data-settings=\"{&quot;background_background&quot;:&quot;classic&quot;}\">\n\t\t\t\t\t\t<div class=\"elementor-container elementor-column-gap-default\">\n\t\t\t\t\t<div class=\"elementor-column elementor-col-100 elementor-inner-column elementor-element elementor-element-c2465e2\" data-id=\"c2465e2\" data-element_type=\"column\" data-e-type=\"column\">\n\t\t\t<div class=\"elementor-widget-wrap elementor-element-populated\">\n\t\t\t\t\t\t<div class=\"elementor-element elementor-element-ac8eef7 elementor-widget elementor-widget-heading\" data-id=\"ac8eef7\" data-element_type=\"widget\" data-e-type=\"widget\" data-widget_type=\"heading.default\">\n\t\t\t\t\t<h4 class=\"elementor-heading-title elementor-size-default\">Power Bonus de 40%.<\/h4>\t\t\t\t<\/div>\n\t\t\t\t<div class=\"elementor-element elementor-element-dbcefb7 elementor-widget elementor-widget-heading\" data-id=\"dbcefb7\" data-element_type=\"widget\" data-e-type=\"widget\" data-widget_type=\"heading.default\">\n\t\t\t\t\t<div class=\"elementor-heading-title elementor-size-default\">Acc\u00e9l\u00e9rez votre trading avec le Power Bonus de 40%\n<\/div>\t\t\t\t<\/div>\n\t\t\t\t<div class=\"elementor-element elementor-element-f5788f0 elementor-widget elementor-widget-video\" data-id=\"f5788f0\" data-element_type=\"widget\" data-e-type=\"widget\" data-settings=\"{&quot;video_type&quot;:&quot;vimeo&quot;}\" data-widget_type=\"video.default\">\n\t\t\t\t\t\t\t<div class=\"elementor-wrapper elementor-open-inline\">\n\t\t\t<iframe class=\"elementor-video-iframe\" allowfullscreen allow=\"clipboard-write\" title=\"Tr\u00ecnh ph\u00e1t Video vimeo\" src=\"https:\/\/player.vimeo.com\/video\/568355760?color&amp;autopause=0&amp;loop=0&amp;muted=0&amp;title=1&amp;portrait=1&amp;byline=1#t=\" data-no-translation-title=\"\"><\/iframe>\t\t<\/div>\n\t\t\t\t\t\t<\/div>\n\t\t\t\t<div class=\"elementor-element elementor-element-700a0cb elementor-widget elementor-widget-heading\" data-id=\"700a0cb\" data-element_type=\"widget\" data-e-type=\"widget\" data-widget_type=\"heading.default\">\n\t\t\t\t\t<h2 class=\"elementor-heading-title elementor-size-default\"><a href=\"https:\/\/shared.gighl.com\/Fxcess_Bonuses-v2025_001.pdf\" target=\"_blank\" style=\"color: #5d74b6\">*Les conditions g\u00e9n\u00e9rales s'appliquent.<\/a> <br>Le bonus ne peut pas \u00eatre retir\u00e9.<\/h2>\t\t\t\t<\/div>\n\t\t\t\t\t<\/div>\n\t\t<\/div>\n\t\t\t\t\t<\/div>\n\t\t<\/section>\n\t\t\t\t<section class=\"elementor-section elementor-inner-section elementor-element elementor-element-6f01499 elementor-section-boxed elementor-section-height-default elementor-section-height-default\" data-id=\"6f01499\" data-element_type=\"section\" data-e-type=\"section\" data-settings=\"{&quot;background_background&quot;:&quot;classic&quot;}\">\n\t\t\t\t\t\t<div class=\"elementor-container elementor-column-gap-default\">\n\t\t\t\t\t<div class=\"elementor-column elementor-col-100 elementor-inner-column elementor-element elementor-element-19ac8b4\" data-id=\"19ac8b4\" data-element_type=\"column\" data-e-type=\"column\">\n\t\t\t<div class=\"elementor-widget-wrap elementor-element-populated\">\n\t\t\t\t\t\t<div class=\"elementor-element elementor-element-57f1804 elementor-widget elementor-widget-heading\" data-id=\"57f1804\" data-element_type=\"widget\" data-e-type=\"widget\" data-widget_type=\"heading.default\">\n\t\t\t\t\t<h4 class=\"elementor-heading-title elementor-size-default\">Bonus de cr\u00e9dit<\/h4>\t\t\t\t<\/div>\n\t\t\t\t<div class=\"elementor-element elementor-element-d0c4bd3 elementor-widget elementor-widget-heading\" data-id=\"d0c4bd3\" data-element_type=\"widget\" data-e-type=\"widget\" data-widget_type=\"heading.default\">\n\t\t\t\t\t<div class=\"elementor-heading-title elementor-size-default translation-block\">Recevez un bonus sur chacun de vos d\u00e9p\u00f4ts, <br>cr\u00e9dit\u00e9 directement sur votre compte.<\/div>\t\t\t\t<\/div>\n\t\t\t\t<div class=\"elementor-element elementor-element-7aa3b5f elementor-widget elementor-widget-video\" data-id=\"7aa3b5f\" data-element_type=\"widget\" data-e-type=\"widget\" data-settings=\"{&quot;video_type&quot;:&quot;vimeo&quot;}\" data-widget_type=\"video.default\">\n\t\t\t\t\t\t\t<div class=\"elementor-wrapper elementor-open-inline\">\n\t\t\t<iframe class=\"elementor-video-iframe\" allowfullscreen allow=\"clipboard-write\" title=\"Tr\u00ecnh ph\u00e1t Video vimeo\" src=\"https:\/\/player.vimeo.com\/video\/366943440?color&amp;autopause=0&amp;loop=0&amp;muted=0&amp;title=1&amp;portrait=1&amp;byline=1#t=\" data-no-translation-title=\"\"><\/iframe>\t\t<\/div>\n\t\t\t\t\t\t<\/div>\n\t\t\t\t<div class=\"elementor-element elementor-element-709c8bb elementor-widget elementor-widget-heading\" data-id=\"709c8bb\" data-element_type=\"widget\" data-e-type=\"widget\" data-widget_type=\"heading.default\">\n\t\t\t\t\t<h2 class=\"elementor-heading-title elementor-size-default\"><a href=\"https:\/\/shared.gighl.com\/Fxcess_Bonuses-v2025_001.pdf\" style=\"color: #5d74b6\" target=\"_blank\">*Les conditions g\u00e9n\u00e9rales s'appliquent.<\/a> <br>Le bonus ne peut pas \u00eatre retir\u00e9.<\/h2>\t\t\t\t<\/div>\n\t\t\t\t\t<\/div>\n\t\t<\/div>\n\t\t\t\t\t<\/div>\n\t\t<\/section>\n\t\t\t\t\t<\/div>\n\t\t<\/div>\n\t\t\t\t\t<\/div>\n\t\t<\/section>\n\t\t\t\t<section class=\"elementor-section elementor-top-section elementor-element elementor-element-92fad28 elementor-section-full_width elementor-section-height-default elementor-section-height-default\" data-id=\"92fad28\" data-element_type=\"section\" data-e-type=\"section\" data-settings=\"{&quot;background_background&quot;:&quot;classic&quot;}\">\n\t\t\t\t\t\t<div class=\"elementor-container elementor-column-gap-no\">\n\t\t\t\t\t<div class=\"elementor-column elementor-col-100 elementor-top-column elementor-element elementor-element-d2b854f\" data-id=\"d2b854f\" data-element_type=\"column\" data-e-type=\"column\">\n\t\t\t<div class=\"elementor-widget-wrap elementor-element-populated\">\n\t\t\t\t\t\t<section class=\"elementor-section elementor-inner-section elementor-element elementor-element-df9f0b3 elementor-section-boxed elementor-section-height-default elementor-section-height-default\" data-id=\"df9f0b3\" data-element_type=\"section\" data-e-type=\"section\" data-settings=\"{&quot;background_background&quot;:&quot;classic&quot;}\">\n\t\t\t\t\t\t<div class=\"elementor-container elementor-column-gap-no\">\n\t\t\t\t\t<div class=\"elementor-column elementor-col-100 elementor-inner-column elementor-element elementor-element-22e0845\" data-id=\"22e0845\" data-element_type=\"column\" data-e-type=\"column\">\n\t\t\t<div class=\"elementor-widget-wrap elementor-element-populated\">\n\t\t\t\t\t\t<div class=\"elementor-element elementor-element-8b01e4e elementor-widget elementor-widget-text-editor\" data-id=\"8b01e4e\" data-element_type=\"widget\" data-e-type=\"widget\" data-widget_type=\"text-editor.default\">\n\t\t\t\t\t\t\t\t\t<p>FXCess vous offre des prix comp\u00e9titifs et une ex\u00e9cution rapide du march\u00e9.<br \/>Commencez d\u00e8s maintenant \u00e0 trader avec un courtier puissant !<\/p>\t\t\t\t\t\t\t\t<\/div>\n\t\t\t\t<div class=\"elementor-element elementor-element-f07bd8b elementor-align-center elementor-widget elementor-widget-button\" data-id=\"f07bd8b\" data-element_type=\"widget\" data-e-type=\"widget\" data-settings=\"{&quot;_animation&quot;:&quot;none&quot;}\" data-widget_type=\"button.default\">\n\t\t\t\t\t\t\t\t\t\t<a class=\"elementor-button elementor-button-link elementor-size-sm\" href=\"https:\/\/my.fxcess.com\/registration?flowkey=trading\">\n\t\t\t\t\t\t<span class=\"elementor-button-content-wrapper\">\n\t\t\t\t\t\t\t\t\t<span class=\"elementor-button-text\">Ouvrir un compte<\/span>\n\t\t\t\t\t<\/span>\n\t\t\t\t\t<\/a>\n\t\t\t\t\t\t\t\t<\/div>\n\t\t\t\t<div class=\"elementor-element elementor-element-251b233 elementor-widget elementor-widget-heading\" data-id=\"251b233\" data-element_type=\"widget\" data-e-type=\"widget\" data-widget_type=\"heading.default\">\n\t\t\t\t\t<p class=\"elementor-heading-title elementor-size-default translation-block\">Tous trading implique des risques.<br> Il est possible de perdre tout votre capital.<\/p>\t\t\t\t<\/div>\n\t\t\t\t<div class=\"elementor-element elementor-element-3115f49 elementor-widget elementor-widget-text-editor\" data-id=\"3115f49\" data-element_type=\"widget\" data-e-type=\"widget\" data-widget_type=\"text-editor.default\">\n\t\t\t\t\t\t\t\t\tOu, essayez notre <a  href=\"https:\/\/my.fxcess.com\/registration?flowkey=trading\">compte d\u00e9mo<\/a>\n<img decoding=\"async\" class=\"arrowed-image\" src=\"\/wp-content\/uploads\/2021\/12\/link-arrow.svg\" \/>\t\t\t\t\t\t\t\t<\/div>\n\t\t\t\t\t<\/div>\n\t\t<\/div>\n\t\t\t\t\t<\/div>\n\t\t<\/section>\n\t\t\t\t\t<\/div>\n\t\t<\/div>\n\t\t\t\t\t<\/div>\n\t\t<\/section>\n\t\t\t\t<\/div>","protected":false},"excerpt":{"rendered":"<p>Promotions Deposit Bonuses 100% Sharing Bonus Get the most out of our special [&hellip;]<\/p>\n","protected":false},"author":1,"featured_media":0,"parent":0,"menu_order":0,"comment_status":"closed","ping_status":"closed","template":"","meta":{"_acf_changed":false,"footnotes":""},"class_list":["post-2634","page","type-page","status-publish","hentry"],"acf":[],"yoast_head":"<!-- This site is optimized with the Yoast SEO Premium plugin v26.9 (Yoast SEO v26.9) - https:\/\/yoast.com\/product\/yoast-seo-premium-wordpress\/ -->\n<title>Enjoy no deposit and deposit bonuses up to 100% with Fxcess \u2013 Fxcess<\/title>\n<meta name=\"description\" content=\"Verify your email and phone and credit your account with up to 15 USD. Also, enjoy up to 100% on your first deposit with our exclusive deposit bonuses\" \/>\n<meta name=\"robots\" content=\"index, follow, max-snippet:-1, max-image-preview:large, max-video-preview:-1\" \/>\n<link rel=\"canonical\" href=\"https:\/\/www.fxcess-id.com\/fr\/promotions\/\" \/>\n<meta property=\"og:locale\" content=\"fr_FR\" \/>\n<meta property=\"og:type\" content=\"article\" \/>\n<meta property=\"og:title\" content=\"Promotions\" \/>\n<meta property=\"og:description\" content=\"Verify your email and phone and credit your account with up to 15 USD. Also, enjoy up to 100% on your first deposit with our exclusive deposit bonuses\" \/>\n<meta property=\"og:url\" content=\"https:\/\/www.fxcess-id.com\/fr\/promotions\/\" \/>\n<meta property=\"og:site_name\" content=\"FXCess\" \/>\n<meta property=\"article:modified_time\" content=\"2025-10-15T07:02:43+00:00\" \/>\n<meta name=\"twitter:card\" content=\"summary_large_image\" \/>\n<meta name=\"twitter:label1\" content=\"Dur\u00e9e de lecture estim\u00e9e\" \/>\n\t<meta name=\"twitter:data1\" content=\"2 minutes\" \/>\n<script type=\"application\/ld+json\" class=\"yoast-schema-graph\">{\"@context\":\"https:\/\/schema.org\",\"@graph\":[{\"@type\":\"WebPage\",\"@id\":\"https:\/\/www.fxcess-id.com\/fr\/promotions\/\",\"url\":\"https:\/\/www.fxcess-id.com\/fr\/promotions\/\",\"name\":\"Enjoy no deposit and deposit bonuses up to 100% with Fxcess \u2013 Fxcess\",\"isPartOf\":{\"@id\":\"https:\/\/www.fxcess-id.com\/#website\"},\"datePublished\":\"2021-12-10T00:31:02+00:00\",\"dateModified\":\"2025-10-15T07:02:43+00:00\",\"description\":\"Verify your email and phone and credit your account with up to 15 USD. Also, enjoy up to 100% on your first deposit with our exclusive deposit bonuses\",\"breadcrumb\":{\"@id\":\"https:\/\/www.fxcess-id.com\/fr\/promotions\/#breadcrumb\"},\"inLanguage\":\"fr-FR\",\"potentialAction\":[{\"@type\":\"ReadAction\",\"target\":[\"https:\/\/www.fxcess-id.com\/fr\/promotions\/\"]}]},{\"@type\":\"BreadcrumbList\",\"@id\":\"https:\/\/www.fxcess-id.com\/fr\/promotions\/#breadcrumb\",\"itemListElement\":[{\"@type\":\"ListItem\",\"position\":1,\"name\":\"Home\",\"item\":\"https:\/\/www.fxcess-id.com\/\"},{\"@type\":\"ListItem\",\"position\":2,\"name\":\"Promotions\"}]},{\"@type\":\"WebSite\",\"@id\":\"https:\/\/www.fxcess-id.com\/#website\",\"url\":\"https:\/\/www.fxcess-id.com\/\",\"name\":\"FXCess\",\"description\":\"Trade Forex with FXCess in Less than a Minute\",\"publisher\":{\"@id\":\"https:\/\/www.fxcess-id.com\/#organization\"},\"potentialAction\":[{\"@type\":\"SearchAction\",\"target\":{\"@type\":\"EntryPoint\",\"urlTemplate\":\"https:\/\/www.fxcess-id.com\/?s={search_term_string}\"},\"query-input\":{\"@type\":\"PropertyValueSpecification\",\"valueRequired\":true,\"valueName\":\"search_term_string\"}}],\"inLanguage\":\"fr-FR\"},{\"@type\":\"Organization\",\"@id\":\"https:\/\/www.fxcess-id.com\/#organization\",\"name\":\"FXCess\",\"url\":\"https:\/\/www.fxcess-id.com\/\",\"logo\":{\"@type\":\"ImageObject\",\"inLanguage\":\"fr-FR\",\"@id\":\"https:\/\/www.fxcess-id.com\/#\/schema\/logo\/image\/\",\"url\":\"\/wp-content\/uploads\/2021\/11\/logo.svg\",\"contentUrl\":\"\/wp-content\/uploads\/2021\/11\/logo.svg\",\"width\":134,\"height\":25,\"caption\":\"FXCess\"},\"image\":{\"@id\":\"https:\/\/www.fxcess-id.com\/#\/schema\/logo\/image\/\"}}]}<\/script>\n<!-- \/ Yoast SEO Premium plugin. -->","yoast_head_json":{"title":"Fxcess | Profitez des bonus sans d&#233;p&#244;t ou avec le d&#233;p&#244;t jusqu&#039;&#224; 100% avec FXCess","description":"V&#233;rifiez votre adresse e-mail et votre t&#233;l&#233;phone et cr&#233;ditez votre compte jusqu\u2019&#224; 15 USD. Profitez &#233;galement de jusqu\u2019&#224; 100% sur votre premier d&#233;p&#244;t avec nos bonus de d&#233;p&#244;t exclusifs","robots":{"index":"index","follow":"follow","max-snippet":"max-snippet:-1","max-image-preview":"max-image-preview:large","max-video-preview":"max-video-preview:-1"},"canonical":"https:\/\/www.fxcess-id.com\/fr\/promotions\/","og_locale":"fr_FR","og_type":"article","og_title":"Promotions","og_description":"Verify your email and phone and credit your account with up to 15 USD. Also, enjoy up to 100% on your first deposit with our exclusive deposit bonuses","og_url":"https:\/\/www.fxcess-id.com\/fr\/promotions\/","og_site_name":"FXCess","article_modified_time":"2025-10-15T07:02:43+00:00","twitter_card":"summary_large_image","twitter_misc":{"Dur\u00e9e de lecture estim\u00e9e":"2 minutes"},"schema":{"@context":"https:\/\/schema.org","@graph":[{"@type":"WebPage","@id":"https:\/\/www.fxcess-id.com\/fr\/promotions\/","url":"https:\/\/www.fxcess-id.com\/fr\/promotions\/","name":"Fxcess | Profitez des bonus sans d&#233;p&#244;t ou avec le d&#233;p&#244;t jusqu&#039;&#224; 100% avec FXCess","isPartOf":{"@id":"https:\/\/www.fxcess-id.com\/#website"},"datePublished":"2021-12-10T00:31:02+00:00","dateModified":"2025-10-15T07:02:43+00:00","description":"V&#233;rifiez votre adresse e-mail et votre t&#233;l&#233;phone et cr&#233;ditez votre compte jusqu\u2019&#224; 15 USD. Profitez &#233;galement de jusqu\u2019&#224; 100% sur votre premier d&#233;p&#244;t avec nos bonus de d&#233;p&#244;t exclusifs","breadcrumb":{"@id":"https:\/\/www.fxcess-id.com\/fr\/promotions\/#breadcrumb"},"inLanguage":"fr-FR","potentialAction":[{"@type":"ReadAction","target":["https:\/\/www.fxcess-id.com\/fr\/promotions\/"]}]},{"@type":"BreadcrumbList","@id":"https:\/\/www.fxcess-id.com\/fr\/promotions\/#breadcrumb","itemListElement":[{"@type":"ListItem","position":1,"name":"Home","item":"https:\/\/www.fxcess-id.com\/"},{"@type":"ListItem","position":2,"name":"Promotions"}]},{"@type":"WebSite","@id":"https:\/\/www.fxcess-id.com\/#website","url":"https:\/\/www.fxcess-id.com\/","name":"FXCess","description":"Trade Forex with FXCess in Less than a Minute","publisher":{"@id":"https:\/\/www.fxcess-id.com\/#organization"},"potentialAction":[{"@type":"SearchAction","target":{"@type":"EntryPoint","urlTemplate":"https:\/\/www.fxcess-id.com\/?s={search_term_string}"},"query-input":{"@type":"PropertyValueSpecification","valueRequired":true,"valueName":"search_term_string"}}],"inLanguage":"fr-FR"},{"@type":"Organization","@id":"https:\/\/www.fxcess-id.com\/#organization","name":"FXCess","url":"https:\/\/www.fxcess-id.com\/","logo":{"@type":"ImageObject","inLanguage":"fr-FR","@id":"https:\/\/www.fxcess-id.com\/#\/schema\/logo\/image\/","url":"\/wp-content\/uploads\/2021\/11\/logo.svg","contentUrl":"\/wp-content\/uploads\/2021\/11\/logo.svg","width":134,"height":25,"caption":"FXCess"},"image":{"@id":"https:\/\/www.fxcess-id.com\/#\/schema\/logo\/image\/"}}]}},"_links":{"self":[{"href":"https:\/\/www.fxcess-id.com\/fr\/wp-json\/wp\/v2\/pages\/2634","targetHints":{"allow":["GET"]}}],"collection":[{"href":"https:\/\/www.fxcess-id.com\/fr\/wp-json\/wp\/v2\/pages"}],"about":[{"href":"https:\/\/www.fxcess-id.com\/fr\/wp-json\/wp\/v2\/types\/page"}],"author":[{"embeddable":true,"href":"https:\/\/www.fxcess-id.com\/fr\/wp-json\/wp\/v2\/users\/1"}],"replies":[{"embeddable":true,"href":"https:\/\/www.fxcess-id.com\/fr\/wp-json\/wp\/v2\/comments?post=2634"}],"version-history":[{"count":10,"href":"https:\/\/www.fxcess-id.com\/fr\/wp-json\/wp\/v2\/pages\/2634\/revisions"}],"predecessor-version":[{"id":16050,"href":"https:\/\/www.fxcess-id.com\/fr\/wp-json\/wp\/v2\/pages\/2634\/revisions\/16050"}],"wp:attachment":[{"href":"https:\/\/www.fxcess-id.com\/fr\/wp-json\/wp\/v2\/media?parent=2634"}],"curies":[{"name":"wp","href":"https:\/\/api.w.org\/{rel}","templated":true}]}}