{"id":1021,"date":"2021-11-30T19:01:45","date_gmt":"2021-11-30T19:01:45","guid":{"rendered":"https:\/\/fxcess-com.wp-dev.int.theitops.net\/?page_id=1021"},"modified":"2025-07-04T08:12:31","modified_gmt":"2025-07-04T08:12:31","slug":"funding","status":"publish","type":"page","link":"https:\/\/www.fxcess-id.com\/fr\/trading\/funding\/","title":{"rendered":"Financement"},"content":{"rendered":"<div data-elementor-type=\"wp-page\" data-elementor-id=\"1021\" class=\"elementor elementor-1021\" data-elementor-post-type=\"page\">\n\t\t\t\t\t\t<section class=\"elementor-section elementor-top-section elementor-element elementor-element-7097a1a elementor-section-boxed elementor-section-height-default elementor-section-height-default\" data-id=\"7097a1a\" data-element_type=\"section\" data-e-type=\"section\">\n\t\t\t\t\t\t<div class=\"elementor-container elementor-column-gap-no\">\n\t\t\t\t\t<div class=\"elementor-column elementor-col-100 elementor-top-column elementor-element elementor-element-fa1c6bf\" data-id=\"fa1c6bf\" data-element_type=\"column\" data-e-type=\"column\">\n\t\t\t<div class=\"elementor-widget-wrap elementor-element-populated\">\n\t\t\t\t\t\t<div class=\"elementor-element elementor-element-9f6f462 elementor-widget elementor-widget-heading\" data-id=\"9f6f462\" data-element_type=\"widget\" data-e-type=\"widget\" data-widget_type=\"heading.default\">\n\t\t\t\t\t<h1 class=\"elementor-heading-title elementor-size-default\">Financement du compte<\/h1>\t\t\t\t<\/div>\n\t\t\t\t<div class=\"elementor-element elementor-element-4248be4 elementor-widget elementor-widget-text-editor\" data-id=\"4248be4\" data-element_type=\"widget\" data-e-type=\"widget\" data-widget_type=\"text-editor.default\">\n\t\t\t\t\t\t\t\t\t<p>FXCess vous donne la possibilit\u00e9 de d\u00e9poser des fonds sur votre compte par diff\u00e9rentes m\u00e9thodes \u00e0 votre convenance. Une fois que vous avez effectu\u00e9 un d\u00e9p\u00f4t, vous obtiendrez l'acc\u00e8s au trading de plus de 300 instruments.<\/p>\t\t\t\t\t\t\t\t<\/div>\n\t\t\t\t\t<\/div>\n\t\t<\/div>\n\t\t\t\t\t<\/div>\n\t\t<\/section>\n\t\t\t\t<section class=\"elementor-section elementor-top-section elementor-element elementor-element-d225ae7 elementor-section-boxed elementor-section-height-default elementor-section-height-default\" data-id=\"d225ae7\" data-element_type=\"section\" data-e-type=\"section\">\n\t\t\t\t\t\t<div class=\"elementor-container elementor-column-gap-no\">\n\t\t\t\t\t<div class=\"elementor-column elementor-col-100 elementor-top-column elementor-element elementor-element-da5411e\" data-id=\"da5411e\" data-element_type=\"column\" data-e-type=\"column\">\n\t\t\t<div class=\"elementor-widget-wrap elementor-element-populated\">\n\t\t\t\t\t\t<section class=\"elementor-section elementor-inner-section elementor-element elementor-element-e30d3bd elementor-section-full_width elementor-section-height-default elementor-section-height-default\" data-id=\"e30d3bd\" data-element_type=\"section\" data-e-type=\"section\" data-settings=\"{&quot;background_background&quot;:&quot;classic&quot;}\">\n\t\t\t\t\t\t<div class=\"elementor-container elementor-column-gap-no\">\n\t\t\t\t\t<div class=\"elementor-column elementor-col-50 elementor-inner-column elementor-element elementor-element-4204f6f column-activate-trigger column-active\" data-id=\"4204f6f\" data-element_type=\"column\" data-e-type=\"column\" data-settings=\"{&quot;background_background&quot;:&quot;classic&quot;}\">\n\t\t\t<div class=\"elementor-widget-wrap elementor-element-populated\">\n\t\t\t\t\t\t<div class=\"elementor-element elementor-element-98f8ee7 elementor-widget elementor-widget-image\" data-id=\"98f8ee7\" data-element_type=\"widget\" data-e-type=\"widget\" data-widget_type=\"image.default\">\n\t\t\t\t\t\t\t\t\t\t\t\t\t\t\t<img decoding=\"async\" width=\"237\" height=\"51\" src=\"\/wp-content\/uploads\/2021\/11\/deposit-withdraw-methods-visa.svg\" class=\"attachment-large size-large wp-image-1027\" alt=\"visa symbol referring to deposit and withdrawal methods\" \/>\t\t\t\t\t\t\t\t\t\t\t\t\t\t\t<\/div>\n\t\t\t\t<div class=\"elementor-element elementor-element-f95df5a elementor-widget elementor-widget-text-editor\" data-id=\"f95df5a\" data-element_type=\"widget\" data-e-type=\"widget\" data-widget_type=\"text-editor.default\">\n\t\t\t\t\t\t\t\t\tDevises disponibles\t\t\t\t\t\t\t\t<\/div>\n\t\t\t\t<div class=\"elementor-element elementor-element-e8ddfcc elementor-widget elementor-widget-text-editor\" data-id=\"e8ddfcc\" data-element_type=\"widget\" data-e-type=\"widget\" data-widget_type=\"text-editor.default\">\n\t\t\t\t\t\t\t\t\t<p>JPY, EUR, USD, GBP<\/p>\t\t\t\t\t\t\t\t<\/div>\n\t\t\t\t<div class=\"elementor-element elementor-element-86eb932 elementor-widget elementor-widget-text-editor\" data-id=\"86eb932\" data-element_type=\"widget\" data-e-type=\"widget\" data-widget_type=\"text-editor.default\">\n\t\t\t\t\t\t\t\t\t<p>D\u00c9LAI DE TRAITEMENT<\/p><p><strong>Instantan\u00e9<\/strong><\/p>\t\t\t\t\t\t\t\t<\/div>\n\t\t\t\t<div class=\"elementor-element elementor-element-02a9775 elementor-align-center button-hoverer elementor-widget elementor-widget-button\" data-id=\"02a9775\" data-element_type=\"widget\" data-e-type=\"widget\" data-widget_type=\"button.default\">\n\t\t\t\t\t\t\t\t\t\t<a class=\"elementor-button elementor-button-link elementor-size-sm\" href=\"https:\/\/my.fxcess.com\/registration?flowkey=trading\">\n\t\t\t\t\t\t<span class=\"elementor-button-content-wrapper\">\n\t\t\t\t\t\t\t\t\t<span class=\"elementor-button-text\">Ouvrir un compte<\/span>\n\t\t\t\t\t<\/span>\n\t\t\t\t\t<\/a>\n\t\t\t\t\t\t\t\t<\/div>\n\t\t\t\t<div class=\"elementor-element elementor-element-490381e elementor-widget elementor-widget-heading\" data-id=\"490381e\" data-element_type=\"widget\" data-e-type=\"widget\" data-widget_type=\"heading.default\">\n\t\t\t\t\t<p class=\"elementor-heading-title elementor-size-default translation-block\">Tous trading implique des risques.<br> Il est possible de perdre tout votre capital.<\/p>\t\t\t\t<\/div>\n\t\t\t\t\t<\/div>\n\t\t<\/div>\n\t\t\t\t<div class=\"elementor-column elementor-col-50 elementor-inner-column elementor-element elementor-element-9caa4f5 column-activate-trigger\" data-id=\"9caa4f5\" data-element_type=\"column\" data-e-type=\"column\" data-settings=\"{&quot;background_background&quot;:&quot;classic&quot;}\">\n\t\t\t<div class=\"elementor-widget-wrap elementor-element-populated\">\n\t\t\t\t\t\t<div class=\"elementor-element elementor-element-709f383 elementor-widget elementor-widget-image\" data-id=\"709f383\" data-element_type=\"widget\" data-e-type=\"widget\" data-widget_type=\"image.default\">\n\t\t\t\t\t\t\t\t\t\t\t\t\t\t\t<img decoding=\"async\" width=\"222\" height=\"105\" src=\"\/wp-content\/uploads\/2021\/11\/deposit-withdraw-methods-wire-transfer.svg\" class=\"attachment-large size-large wp-image-1028\" alt=\"wire transfer symbol referring to deposit and withdrawal methods\" \/>\t\t\t\t\t\t\t\t\t\t\t\t\t\t\t<\/div>\n\t\t\t\t<div class=\"elementor-element elementor-element-086659c elementor-widget elementor-widget-text-editor\" data-id=\"086659c\" data-element_type=\"widget\" data-e-type=\"widget\" data-widget_type=\"text-editor.default\">\n\t\t\t\t\t\t\t\t\tDevises disponibles\t\t\t\t\t\t\t\t<\/div>\n\t\t\t\t<div class=\"elementor-element elementor-element-13f15ed elementor-widget elementor-widget-text-editor\" data-id=\"13f15ed\" data-element_type=\"widget\" data-e-type=\"widget\" data-widget_type=\"text-editor.default\">\n\t\t\t\t\t\t\t\t\t<p>JPY, EUR, USD, GBP<\/p>\t\t\t\t\t\t\t\t<\/div>\n\t\t\t\t<div class=\"elementor-element elementor-element-5c894e8 elementor-widget elementor-widget-text-editor\" data-id=\"5c894e8\" data-element_type=\"widget\" data-e-type=\"widget\" data-widget_type=\"text-editor.default\">\n\t\t\t\t\t\t\t\t\t<p>D\u00c9LAI DE TRAITEMENT<\/p><p><strong>2-5 jours ouvrables<\/strong><\/p>\t\t\t\t\t\t\t\t<\/div>\n\t\t\t\t<div class=\"elementor-element elementor-element-baf8a5e elementor-align-center button-hoverer elementor-widget elementor-widget-button\" data-id=\"baf8a5e\" data-element_type=\"widget\" data-e-type=\"widget\" data-widget_type=\"button.default\">\n\t\t\t\t\t\t\t\t\t\t<a class=\"elementor-button elementor-button-link elementor-size-sm\" href=\"https:\/\/my.fxcess.com\/registration?flowkey=trading\">\n\t\t\t\t\t\t<span class=\"elementor-button-content-wrapper\">\n\t\t\t\t\t\t\t\t\t<span class=\"elementor-button-text\">Ouvrir un compte<\/span>\n\t\t\t\t\t<\/span>\n\t\t\t\t\t<\/a>\n\t\t\t\t\t\t\t\t<\/div>\n\t\t\t\t<div class=\"elementor-element elementor-element-9c286f0 elementor-widget elementor-widget-heading\" data-id=\"9c286f0\" data-element_type=\"widget\" data-e-type=\"widget\" data-widget_type=\"heading.default\">\n\t\t\t\t\t<p class=\"elementor-heading-title elementor-size-default translation-block\">Tous trading implique des risques.<br> Il est possible de perdre tout votre capital.<\/p>\t\t\t\t<\/div>\n\t\t\t\t\t<\/div>\n\t\t<\/div>\n\t\t\t\t\t<\/div>\n\t\t<\/section>\n\t\t\t\t\t<\/div>\n\t\t<\/div>\n\t\t\t\t\t<\/div>\n\t\t<\/section>\n\t\t\t\t<section class=\"elementor-section elementor-top-section elementor-element elementor-element-cf3fb32 elementor-section-full_width elementor-section-height-default elementor-section-height-default\" data-id=\"cf3fb32\" data-element_type=\"section\" data-e-type=\"section\" data-settings=\"{&quot;background_background&quot;:&quot;classic&quot;}\">\n\t\t\t\t\t\t<div class=\"elementor-container elementor-column-gap-no\">\n\t\t\t\t\t<div class=\"elementor-column elementor-col-100 elementor-top-column elementor-element elementor-element-d864f59\" data-id=\"d864f59\" data-element_type=\"column\" data-e-type=\"column\">\n\t\t\t<div class=\"elementor-widget-wrap elementor-element-populated\">\n\t\t\t\t\t\t<section class=\"elementor-section elementor-inner-section elementor-element elementor-element-aecf6f7 elementor-section-boxed elementor-section-height-default elementor-section-height-default\" data-id=\"aecf6f7\" data-element_type=\"section\" data-e-type=\"section\" data-settings=\"{&quot;background_background&quot;:&quot;classic&quot;}\">\n\t\t\t\t\t\t<div class=\"elementor-container elementor-column-gap-no\">\n\t\t\t\t\t<div class=\"elementor-column elementor-col-100 elementor-inner-column elementor-element elementor-element-212bcaa\" data-id=\"212bcaa\" data-element_type=\"column\" data-e-type=\"column\">\n\t\t\t<div class=\"elementor-widget-wrap elementor-element-populated\">\n\t\t\t\t\t\t<div class=\"elementor-element elementor-element-40c3db9 elementor-widget elementor-widget-text-editor\" data-id=\"40c3db9\" data-element_type=\"widget\" data-e-type=\"widget\" data-widget_type=\"text-editor.default\">\n\t\t\t\t\t\t\t\t\t<p>FXCess vous offre des prix comp\u00e9titifs et une ex\u00e9cution rapide du march\u00e9.<\/p><p>Commencez d\u00e8s maintenant \u00e0 trader avec un courtier puissant !<\/p>\t\t\t\t\t\t\t\t<\/div>\n\t\t\t\t<div class=\"elementor-element elementor-element-dcdf3d7 elementor-align-center elementor-widget elementor-widget-button\" data-id=\"dcdf3d7\" data-element_type=\"widget\" data-e-type=\"widget\" data-settings=\"{&quot;_animation&quot;:&quot;none&quot;}\" data-widget_type=\"button.default\">\n\t\t\t\t\t\t\t\t\t\t<a class=\"elementor-button elementor-button-link elementor-size-sm\" href=\"https:\/\/my.fxcess.com\/registration?flowkey=trading\">\n\t\t\t\t\t\t<span class=\"elementor-button-content-wrapper\">\n\t\t\t\t\t\t\t\t\t<span class=\"elementor-button-text\">Ouvrir un compte<\/span>\n\t\t\t\t\t<\/span>\n\t\t\t\t\t<\/a>\n\t\t\t\t\t\t\t\t<\/div>\n\t\t\t\t<div class=\"elementor-element elementor-element-42487e2 elementor-widget elementor-widget-heading\" data-id=\"42487e2\" data-element_type=\"widget\" data-e-type=\"widget\" data-widget_type=\"heading.default\">\n\t\t\t\t\t<p class=\"elementor-heading-title elementor-size-default translation-block\">Tous trading implique des risques.<br> Il est possible de perdre tout votre capital.<\/p>\t\t\t\t<\/div>\n\t\t\t\t<div class=\"elementor-element elementor-element-06c81d3 elementor-widget elementor-widget-text-editor\" data-id=\"06c81d3\" data-element_type=\"widget\" data-e-type=\"widget\" data-widget_type=\"text-editor.default\">\n\t\t\t\t\t\t\t\t\t<p>Ou, essayez notre <a  href=\"https:\/\/my.fxcess.com\/registration?flowkey=trading\">compte d\u00e9mo<\/a> <img decoding=\"async\" class=\"arrowed-image\" src=\"\/wp-content\/uploads\/2021\/12\/link-arrow.svg\" alt=\"a blue arrow pointing to the right indicating a link\" \/><\/p>\t\t\t\t\t\t\t\t<\/div>\n\t\t\t\t\t<\/div>\n\t\t<\/div>\n\t\t\t\t\t<\/div>\n\t\t<\/section>\n\t\t\t\t\t<\/div>\n\t\t<\/div>\n\t\t\t\t\t<\/div>\n\t\t<\/section>\n\t\t\t\t<\/div>","protected":false},"excerpt":{"rendered":"<p>Account Funding FXCess gives you the opportunity to deposit funds to your account [&hellip;]<\/p>\n","protected":false},"author":1,"featured_media":0,"parent":946,"menu_order":0,"comment_status":"closed","ping_status":"closed","template":"","meta":{"_acf_changed":false,"footnotes":""},"class_list":["post-1021","page","type-page","status-publish","hentry"],"acf":[],"yoast_head":"<!-- This site is optimized with the Yoast SEO Premium plugin v26.9 (Yoast SEO v26.9) - https:\/\/yoast.com\/product\/yoast-seo-premium-wordpress\/ -->\n<title>Fund your account with various deposit methods for your ease \u2013 Fxcess<\/title>\n<meta name=\"description\" content=\"Get the opportunity to deposit funds into your trading account using one of the various methods provided by our team and gain access to 300+ trading instruments\" \/>\n<meta name=\"robots\" content=\"index, follow, max-snippet:-1, max-image-preview:large, max-video-preview:-1\" \/>\n<link rel=\"canonical\" href=\"https:\/\/www.fxcess-id.com\/fr\/trading\/funding\/\" \/>\n<meta property=\"og:locale\" content=\"fr_FR\" \/>\n<meta property=\"og:type\" content=\"article\" \/>\n<meta property=\"og:title\" content=\"Funding\" \/>\n<meta property=\"og:description\" content=\"Get the opportunity to deposit funds into your trading account using one of the various methods provided by our team and gain access to 300+ trading instruments\" \/>\n<meta property=\"og:url\" content=\"https:\/\/www.fxcess-id.com\/fr\/trading\/funding\/\" \/>\n<meta property=\"og:site_name\" content=\"FXCess\" \/>\n<meta property=\"article:modified_time\" content=\"2025-07-04T08:12:31+00:00\" \/>\n<meta name=\"twitter:card\" content=\"summary_large_image\" \/>\n<meta name=\"twitter:label1\" content=\"Dur\u00e9e de lecture estim\u00e9e\" \/>\n\t<meta name=\"twitter:data1\" content=\"2 minutes\" \/>\n<script type=\"application\/ld+json\" class=\"yoast-schema-graph\">{\"@context\":\"https:\/\/schema.org\",\"@graph\":[{\"@type\":\"WebPage\",\"@id\":\"https:\/\/www.fxcess-id.com\/ko\/trading\/funding\/\",\"url\":\"https:\/\/www.fxcess-id.com\/ko\/trading\/funding\/\",\"name\":\"Fund your account with various deposit methods for your ease \u2013 Fxcess\",\"isPartOf\":{\"@id\":\"https:\/\/www.fxcess-id.com\/#website\"},\"datePublished\":\"2021-11-30T19:01:45+00:00\",\"dateModified\":\"2025-07-04T08:12:31+00:00\",\"description\":\"Get the opportunity to deposit funds into your trading account using one of the various methods provided by our team and gain access to 300+ trading instruments\",\"breadcrumb\":{\"@id\":\"https:\/\/www.fxcess-id.com\/ko\/trading\/funding\/#breadcrumb\"},\"inLanguage\":\"fr-FR\",\"potentialAction\":[{\"@type\":\"ReadAction\",\"target\":[\"https:\/\/www.fxcess-id.com\/ko\/trading\/funding\/\"]}]},{\"@type\":\"BreadcrumbList\",\"@id\":\"https:\/\/www.fxcess-id.com\/ko\/trading\/funding\/#breadcrumb\",\"itemListElement\":[{\"@type\":\"ListItem\",\"position\":1,\"name\":\"Home\",\"item\":\"https:\/\/www.fxcess-id.com\/\"},{\"@type\":\"ListItem\",\"position\":2,\"name\":\"Trading\",\"item\":\"https:\/\/www.fxcess-id.com\/ko\/trading\/\"},{\"@type\":\"ListItem\",\"position\":3,\"name\":\"Funding\"}]},{\"@type\":\"WebSite\",\"@id\":\"https:\/\/www.fxcess-id.com\/#website\",\"url\":\"https:\/\/www.fxcess-id.com\/\",\"name\":\"FXCess\",\"description\":\"Trade Forex with FXCess in Less than a Minute\",\"publisher\":{\"@id\":\"https:\/\/www.fxcess-id.com\/#organization\"},\"potentialAction\":[{\"@type\":\"SearchAction\",\"target\":{\"@type\":\"EntryPoint\",\"urlTemplate\":\"https:\/\/www.fxcess-id.com\/?s={search_term_string}\"},\"query-input\":{\"@type\":\"PropertyValueSpecification\",\"valueRequired\":true,\"valueName\":\"search_term_string\"}}],\"inLanguage\":\"fr-FR\"},{\"@type\":\"Organization\",\"@id\":\"https:\/\/www.fxcess-id.com\/#organization\",\"name\":\"FXCess\",\"url\":\"https:\/\/www.fxcess-id.com\/\",\"logo\":{\"@type\":\"ImageObject\",\"inLanguage\":\"fr-FR\",\"@id\":\"https:\/\/www.fxcess-id.com\/#\/schema\/logo\/image\/\",\"url\":\"\/wp-content\/uploads\/2021\/11\/logo.svg\",\"contentUrl\":\"\/wp-content\/uploads\/2021\/11\/logo.svg\",\"width\":134,\"height\":25,\"caption\":\"FXCess\"},\"image\":{\"@id\":\"https:\/\/www.fxcess-id.com\/#\/schema\/logo\/image\/\"}}]}<\/script>\n<!-- \/ Yoast SEO Premium plugin. -->","yoast_head_json":{"title":"Fxcess | Approvisionnez votre compte avec les m&#233;thodes diverses &#224; l&#039;aise","description":"Obtenez la possibilit&#233; de d&#233;poser des fonds sur votre compte de trading en utilisant l\u2019une des diff&#233;rentes m&#233;thodes fournies par notre &#233;quipe et d\u2019acc&#233;der &#224; plus de 300 instruments de trading","robots":{"index":"index","follow":"follow","max-snippet":"max-snippet:-1","max-image-preview":"max-image-preview:large","max-video-preview":"max-video-preview:-1"},"canonical":"https:\/\/www.fxcess-id.com\/fr\/trading\/funding\/","og_locale":"fr_FR","og_type":"article","og_title":"Funding","og_description":"Get the opportunity to deposit funds into your trading account using one of the various methods provided by our team and gain access to 300+ trading instruments","og_url":"https:\/\/www.fxcess-id.com\/fr\/trading\/funding\/","og_site_name":"FXCess","article_modified_time":"2025-07-04T08:12:31+00:00","twitter_card":"summary_large_image","twitter_misc":{"Dur\u00e9e de lecture estim\u00e9e":"2 minutes"},"schema":{"@context":"https:\/\/schema.org","@graph":[{"@type":"WebPage","@id":"https:\/\/www.fxcess-id.com\/ko\/trading\/funding\/","url":"https:\/\/www.fxcess-id.com\/ko\/trading\/funding\/","name":"Fxcess | Approvisionnez votre compte avec les m&#233;thodes diverses &#224; l&#039;aise","isPartOf":{"@id":"https:\/\/www.fxcess-id.com\/#website"},"datePublished":"2021-11-30T19:01:45+00:00","dateModified":"2025-07-04T08:12:31+00:00","description":"Obtenez la possibilit&#233; de d&#233;poser des fonds sur votre compte de trading en utilisant l\u2019une des diff&#233;rentes m&#233;thodes fournies par notre &#233;quipe et d\u2019acc&#233;der &#224; plus de 300 instruments de trading","breadcrumb":{"@id":"https:\/\/www.fxcess-id.com\/ko\/trading\/funding\/#breadcrumb"},"inLanguage":"fr-FR","potentialAction":[{"@type":"ReadAction","target":["https:\/\/www.fxcess-id.com\/ko\/trading\/funding\/"]}]},{"@type":"BreadcrumbList","@id":"https:\/\/www.fxcess-id.com\/ko\/trading\/funding\/#breadcrumb","itemListElement":[{"@type":"ListItem","position":1,"name":"Home","item":"https:\/\/www.fxcess-id.com\/"},{"@type":"ListItem","position":2,"name":"Trading","item":"https:\/\/www.fxcess-id.com\/ko\/trading\/"},{"@type":"ListItem","position":3,"name":"Funding"}]},{"@type":"WebSite","@id":"https:\/\/www.fxcess-id.com\/#website","url":"https:\/\/www.fxcess-id.com\/","name":"FXCess","description":"Trade Forex with FXCess in Less than a Minute","publisher":{"@id":"https:\/\/www.fxcess-id.com\/#organization"},"potentialAction":[{"@type":"SearchAction","target":{"@type":"EntryPoint","urlTemplate":"https:\/\/www.fxcess-id.com\/?s={search_term_string}"},"query-input":{"@type":"PropertyValueSpecification","valueRequired":true,"valueName":"search_term_string"}}],"inLanguage":"fr-FR"},{"@type":"Organization","@id":"https:\/\/www.fxcess-id.com\/#organization","name":"FXCess","url":"https:\/\/www.fxcess-id.com\/","logo":{"@type":"ImageObject","inLanguage":"fr-FR","@id":"https:\/\/www.fxcess-id.com\/#\/schema\/logo\/image\/","url":"\/wp-content\/uploads\/2021\/11\/logo.svg","contentUrl":"\/wp-content\/uploads\/2021\/11\/logo.svg","width":134,"height":25,"caption":"FXCess"},"image":{"@id":"https:\/\/www.fxcess-id.com\/#\/schema\/logo\/image\/"}}]}},"_links":{"self":[{"href":"https:\/\/www.fxcess-id.com\/fr\/wp-json\/wp\/v2\/pages\/1021","targetHints":{"allow":["GET"]}}],"collection":[{"href":"https:\/\/www.fxcess-id.com\/fr\/wp-json\/wp\/v2\/pages"}],"about":[{"href":"https:\/\/www.fxcess-id.com\/fr\/wp-json\/wp\/v2\/types\/page"}],"author":[{"embeddable":true,"href":"https:\/\/www.fxcess-id.com\/fr\/wp-json\/wp\/v2\/users\/1"}],"replies":[{"embeddable":true,"href":"https:\/\/www.fxcess-id.com\/fr\/wp-json\/wp\/v2\/comments?post=1021"}],"version-history":[{"count":10,"href":"https:\/\/www.fxcess-id.com\/fr\/wp-json\/wp\/v2\/pages\/1021\/revisions"}],"predecessor-version":[{"id":14837,"href":"https:\/\/www.fxcess-id.com\/fr\/wp-json\/wp\/v2\/pages\/1021\/revisions\/14837"}],"up":[{"embeddable":true,"href":"https:\/\/www.fxcess-id.com\/fr\/wp-json\/wp\/v2\/pages\/946"}],"wp:attachment":[{"href":"https:\/\/www.fxcess-id.com\/fr\/wp-json\/wp\/v2\/media?parent=1021"}],"curies":[{"name":"wp","href":"https:\/\/api.w.org\/{rel}","templated":true}]}}