{"id":7389,"date":"2022-01-30T12:54:10","date_gmt":"2022-01-30T12:54:10","guid":{"rendered":"https:\/\/fxcess-com.wp-dev.int.theitops.net\/?page_id=7389"},"modified":"2025-11-19T08:43:38","modified_gmt":"2025-11-19T08:43:38","slug":"metals-spreads-classic","status":"publish","type":"page","link":"https:\/\/www.fxcess-id.com\/es\/markets\/metals-spreads-classic\/","title":{"rendered":"Metals Spreads Classic"},"content":{"rendered":"<div data-elementor-type=\"wp-page\" data-elementor-id=\"7389\" class=\"elementor elementor-7389\" data-elementor-post-type=\"page\">\n\t\t\t\t\t\t<section class=\"elementor-section elementor-top-section elementor-element elementor-element-d317521 elementor-section-boxed elementor-section-height-default elementor-section-height-default\" data-id=\"d317521\" data-element_type=\"section\" data-e-type=\"section\">\n\t\t\t\t\t\t<div class=\"elementor-container elementor-column-gap-no\">\n\t\t\t\t\t<div class=\"elementor-column elementor-col-100 elementor-top-column elementor-element elementor-element-1e588f2\" data-id=\"1e588f2\" data-element_type=\"column\" data-e-type=\"column\">\n\t\t\t<div class=\"elementor-widget-wrap elementor-element-populated\">\n\t\t\t\t\t\t<div class=\"elementor-element elementor-element-c5e0ce1 elementor-widget elementor-widget-heading\" data-id=\"c5e0ce1\" data-element_type=\"widget\" data-e-type=\"widget\" data-widget_type=\"heading.default\">\n\t\t\t\t\t<h1 class=\"elementor-heading-title elementor-size-default\">Spreads FXcess<\/h1>\t\t\t\t<\/div>\n\t\t\t\t<div class=\"elementor-element elementor-element-51fa7d1 elementor-widget elementor-widget-text-editor\" data-id=\"51fa7d1\" data-element_type=\"widget\" data-e-type=\"widget\" data-widget_type=\"text-editor.default\">\n\t\t\t\t\t\t\t\t\tCon nuestros spreads ajustados y ejecuci\u00f3n r\u00e1pida de mercado, podr\u00e1 controlar todas sus operaciones independientemente del instrumento que le interese.\u202fVaya siempre un paso por delante, con la comodidad de poner en pr\u00e1ctica su estrategia de trading favorita.\t\t\t\t\t\t\t\t<\/div>\n\t\t\t\t<div class=\"elementor-element elementor-element-71e415c elementor-align-center elementor-widget elementor-widget-button\" data-id=\"71e415c\" data-element_type=\"widget\" data-e-type=\"widget\" data-settings=\"{&quot;_animation&quot;:&quot;none&quot;}\" data-widget_type=\"button.default\">\n\t\t\t\t\t\t\t\t\t\t<a class=\"elementor-button elementor-button-link elementor-size-sm\" href=\"https:\/\/my.fxcess.com\/registration?flowkey=trading\" target=\"_blank\">\n\t\t\t\t\t\t<span class=\"elementor-button-content-wrapper\">\n\t\t\t\t\t\t\t\t\t<span class=\"elementor-button-text\">Abrir cuenta<\/span>\n\t\t\t\t\t<\/span>\n\t\t\t\t\t<\/a>\n\t\t\t\t\t\t\t\t<\/div>\n\t\t\t\t\t<\/div>\n\t\t<\/div>\n\t\t\t\t\t<\/div>\n\t\t<\/section>\n\t\t\t\t<section class=\"elementor-section elementor-top-section elementor-element elementor-element-d4b63d6 elementor-section-boxed elementor-section-height-default elementor-section-height-default\" data-id=\"d4b63d6\" data-element_type=\"section\" data-e-type=\"section\" id=\"instruments_table_container\" data-settings=\"{&quot;background_background&quot;:&quot;classic&quot;}\">\n\t\t\t\t\t\t<div class=\"elementor-container elementor-column-gap-no\">\n\t\t\t\t\t<div class=\"elementor-column elementor-col-100 elementor-top-column elementor-element elementor-element-b5e658e\" data-id=\"b5e658e\" data-element_type=\"column\" data-e-type=\"column\" data-settings=\"{&quot;background_background&quot;:&quot;classic&quot;}\">\n\t\t\t<div class=\"elementor-widget-wrap elementor-element-populated\">\n\t\t\t\t\t\t<section class=\"elementor-section elementor-inner-section elementor-element elementor-element-b2ad558 elementor-section-full_width elementor-section-height-default elementor-section-height-default\" data-id=\"b2ad558\" data-element_type=\"section\" data-e-type=\"section\">\n\t\t\t\t\t\t<div class=\"elementor-container elementor-column-gap-no\">\n\t\t\t\t\t<div class=\"elementor-column elementor-col-100 elementor-inner-column elementor-element elementor-element-7ea5086 elementor-hidden-tablet elementor-hidden-mobile\" data-id=\"7ea5086\" data-element_type=\"column\" data-e-type=\"column\">\n\t\t\t<div class=\"elementor-widget-wrap elementor-element-populated\">\n\t\t\t\t\t\t<div class=\"elementor-element elementor-element-159a53b elementor-widget__width-initial elementor-widget elementor-widget-text-editor\" data-id=\"159a53b\" data-element_type=\"widget\" data-e-type=\"widget\" data-widget_type=\"text-editor.default\">\n\t\t\t\t\t\t\t\t\t<a href=\"\/es\/markets\/forex-spreads-classic\/#instruments_table_container\">Forex<\/a>\t\t\t\t\t\t\t\t<\/div>\n\t\t\t\t<div class=\"elementor-element elementor-element-6f58ba0 elementor-widget__width-initial elementor-widget elementor-widget-text-editor\" data-id=\"6f58ba0\" data-element_type=\"widget\" data-e-type=\"widget\" data-widget_type=\"text-editor.default\">\n\t\t\t\t\t\t\t\t\t<a href=\"\/es\/markets\/metals-spreads-classic\/#instruments_table_container\">Metales<\/a>\t\t\t\t\t\t\t\t<\/div>\n\t\t\t\t<div class=\"elementor-element elementor-element-966d8fd elementor-widget__width-initial elementor-widget elementor-widget-text-editor\" data-id=\"966d8fd\" data-element_type=\"widget\" data-e-type=\"widget\" data-widget_type=\"text-editor.default\">\n\t\t\t\t\t\t\t\t\t<a href=\"\/es\/markets\/futures-spreads-classic\/#instruments_table_container\">Futuros<\/a>\t\t\t\t\t\t\t\t<\/div>\n\t\t\t\t<div class=\"elementor-element elementor-element-ca286c6 elementor-widget__width-initial elementor-widget elementor-widget-text-editor\" data-id=\"ca286c6\" data-element_type=\"widget\" data-e-type=\"widget\" data-widget_type=\"text-editor.default\">\n\t\t\t\t\t\t\t\t\t<a href=\"\/es\/markets\/indices-spreads-classic\/#instruments_table_container\">\u00cdndices<\/a>\t\t\t\t\t\t\t\t<\/div>\n\t\t\t\t<div class=\"elementor-element elementor-element-a4ead5f elementor-widget__width-initial elementor-widget elementor-widget-text-editor\" data-id=\"a4ead5f\" data-element_type=\"widget\" data-e-type=\"widget\" data-widget_type=\"text-editor.default\">\n\t\t\t\t\t\t\t\t\t<a href=\"\/es\/markets\/commodities-spreads-classic\/#instruments_table_container\">Materias Primas<\/a>\t\t\t\t\t\t\t\t<\/div>\n\t\t\t\t\t<\/div>\n\t\t<\/div>\n\t\t\t\t\t<\/div>\n\t\t<\/section>\n\t\t\t\t<section class=\"elementor-section elementor-inner-section elementor-element elementor-element-ae70aaa elementor-hidden-desktop elementor-section-boxed elementor-section-height-default elementor-section-height-default\" data-id=\"ae70aaa\" data-element_type=\"section\" data-e-type=\"section\">\n\t\t\t\t\t\t<div class=\"elementor-container elementor-column-gap-default\">\n\t\t\t\t\t<div class=\"elementor-column elementor-col-50 elementor-inner-column elementor-element elementor-element-b85250d\" data-id=\"b85250d\" data-element_type=\"column\" data-e-type=\"column\">\n\t\t\t<div class=\"elementor-widget-wrap elementor-element-populated\">\n\t\t\t\t\t\t<div class=\"elementor-element elementor-element-58214ab elementor-widget-mobile__width-initial elementor-widget elementor-widget-button\" data-id=\"58214ab\" data-element_type=\"widget\" data-e-type=\"widget\" data-widget_type=\"button.default\">\n\t\t\t\t\t\t\t\t\t\t<a class=\"elementor-button elementor-button-link elementor-size-sm\" href=\"#\/markets\/forex-spreads-classic\/#instruments_table_container\">\n\t\t\t\t\t\t<span class=\"elementor-button-content-wrapper\">\n\t\t\t\t\t\t\t\t\t<span class=\"elementor-button-text\">Forex<\/span>\n\t\t\t\t\t<\/span>\n\t\t\t\t\t<\/a>\n\t\t\t\t\t\t\t\t<\/div>\n\t\t\t\t\t<\/div>\n\t\t<\/div>\n\t\t\t\t<div class=\"elementor-column elementor-col-50 elementor-inner-column elementor-element elementor-element-939b3b5 elementor-hidden-desktop\" data-id=\"939b3b5\" data-element_type=\"column\" data-e-type=\"column\">\n\t\t\t<div class=\"elementor-widget-wrap elementor-element-populated\">\n\t\t\t\t\t\t<div class=\"elementor-element elementor-element-f27da59 elementor-tablet-align-center elementor-widget elementor-widget-button\" data-id=\"f27da59\" data-element_type=\"widget\" data-e-type=\"widget\" data-widget_type=\"button.default\">\n\t\t\t\t\t\t\t\t\t\t<a class=\"elementor-button elementor-button-link elementor-size-sm\" href=\"\/es\/markets\/metals-spreads-classic\/#instruments_table_container\">\n\t\t\t\t\t\t<span class=\"elementor-button-content-wrapper\">\n\t\t\t\t\t\t\t\t\t<span class=\"elementor-button-text\">Metales<\/span>\n\t\t\t\t\t<\/span>\n\t\t\t\t\t<\/a>\n\t\t\t\t\t\t\t\t<\/div>\n\t\t\t\t\t<\/div>\n\t\t<\/div>\n\t\t\t\t\t<\/div>\n\t\t<\/section>\n\t\t\t\t<section class=\"elementor-section elementor-inner-section elementor-element elementor-element-9866b5f elementor-section-full_width elementor-section-height-default elementor-section-height-default\" data-id=\"9866b5f\" data-element_type=\"section\" data-e-type=\"section\">\n\t\t\t\t\t\t<div class=\"elementor-container elementor-column-gap-no\">\n\t\t\t\t\t<div class=\"elementor-column elementor-col-100 elementor-inner-column elementor-element elementor-element-c3bb935\" data-id=\"c3bb935\" data-element_type=\"column\" data-e-type=\"column\">\n\t\t\t<div class=\"elementor-widget-wrap elementor-element-populated\">\n\t\t\t\t\t\t<div class=\"elementor-element elementor-element-e1b04b7 elementor-widget__width-auto elementor-widget elementor-widget-button\" data-id=\"e1b04b7\" data-element_type=\"widget\" data-e-type=\"widget\" data-widget_type=\"button.default\">\n\t\t\t\t\t\t\t\t\t\t<a class=\"elementor-button elementor-button-link elementor-size-sm\" href=\"\/es\/markets\/metals-spreads-classic\/#instruments_table_container\">\n\t\t\t\t\t\t<span class=\"elementor-button-content-wrapper\">\n\t\t\t\t\t\t\t\t\t<span class=\"elementor-button-text\">Classic<\/span>\n\t\t\t\t\t<\/span>\n\t\t\t\t\t<\/a>\n\t\t\t\t\t\t\t\t<\/div>\n\t\t\t\t<div class=\"elementor-element elementor-element-552af0e elementor-widget__width-auto elementor-widget elementor-widget-button\" data-id=\"552af0e\" data-element_type=\"widget\" data-e-type=\"widget\" data-widget_type=\"button.default\">\n\t\t\t\t\t\t\t\t\t\t<a class=\"elementor-button elementor-button-link elementor-size-sm\" href=\"\/es\/markets\/metals-spreads-ecn\/#instruments_table_container\">\n\t\t\t\t\t\t<span class=\"elementor-button-content-wrapper\">\n\t\t\t\t\t\t\t\t\t<span class=\"elementor-button-text\">ECN<\/span>\n\t\t\t\t\t<\/span>\n\t\t\t\t\t<\/a>\n\t\t\t\t\t\t\t\t<\/div>\n\t\t\t\t\t<\/div>\n\t\t<\/div>\n\t\t\t\t\t<\/div>\n\t\t<\/section>\n\t\t\t\t<section class=\"elementor-section elementor-inner-section elementor-element elementor-element-b940b32 elementor-section-full_width elementor-section-height-default elementor-section-height-default\" data-id=\"b940b32\" data-element_type=\"section\" data-e-type=\"section\">\n\t\t\t\t\t\t<div class=\"elementor-container elementor-column-gap-no\">\n\t\t\t\t\t<div class=\"elementor-column elementor-col-100 elementor-inner-column elementor-element elementor-element-408eb5e\" data-id=\"408eb5e\" data-element_type=\"column\" data-e-type=\"column\" data-settings=\"{&quot;background_background&quot;:&quot;classic&quot;}\">\n\t\t\t<div class=\"elementor-widget-wrap elementor-element-populated\">\n\t\t\t\t\t\t<div class=\"elementor-element elementor-element-81af6ef elementor-tabs-view-horizontal elementor-widget elementor-widget-tabs\" data-id=\"81af6ef\" data-element_type=\"widget\" data-e-type=\"widget\" data-widget_type=\"tabs.default\">\n\t\t\t\t\t\t\t<div class=\"elementor-tabs\">\n\t\t\t<div class=\"elementor-tabs-wrapper\" role=\"tablist\" >\n\t\t\t\t\t\t\t\t\t<div id=\"elementor-tab-title-1351\" class=\"elementor-tab-title elementor-tab-desktop-title\" aria-selected=\"true\" data-tab=\"1\" role=\"tab\" tabindex=\"0\" aria-controls=\"elementor-tab-content-1351\" aria-expanded=\"false\">Por defecto<\/div>\n\t\t\t\t\t\t\t\t\t<div id=\"elementor-tab-title-1352\" class=\"elementor-tab-title elementor-tab-desktop-title\" aria-selected=\"false\" data-tab=\"2\" role=\"tab\" tabindex=\"-1\" aria-controls=\"elementor-tab-content-1352\" aria-expanded=\"false\">Premium<\/div>\n\t\t\t\t\t\t\t<\/div>\n\t\t\t<div class=\"elementor-tabs-content-wrapper\" role=\"tablist\" aria-orientation=\"vertical\">\n\t\t\t\t\t\t\t\t\t<div class=\"elementor-tab-title elementor-tab-mobile-title\" aria-selected=\"true\" data-tab=\"1\" role=\"tab\" tabindex=\"0\" aria-controls=\"elementor-tab-content-1351\" aria-expanded=\"false\">Por defecto<\/div>\n\t\t\t\t\t<div id=\"elementor-tab-content-1351\" class=\"elementor-tab-content elementor-clearfix\" data-tab=\"1\" role=\"tabpanel\" aria-labelledby=\"elementor-tab-title-1351\" tabindex=\"0\" hidden=\"false\"><h2 class=\"table-title\">Metales<\/h2><div class=\"table-responsive\"><table><tbody><tr><td>Mercado<\/td><td>Spread m\u00ednimo<\/td><td>Spread medio<\/td><\/tr><tr><td>XAU\/EUR<\/td><td>0.26<\/td><td>0.30<\/td><\/tr><tr><td>XAU\/USD<\/td><td>0.24<\/td><td>0.28<\/td><\/tr><tr><td>XPD\/USD<\/td><td>5.0<\/td><td>5.5<\/td><\/tr><tr><td>XPT\/USD<\/td><td>1.0<\/td><td>1.2<\/td><\/tr><tr><td>XAG\/EUR<\/td><td>0.033<\/td><td>0.035<\/td><\/tr><tr><td>XAG\/USD<\/td><td>0.031<\/td><td>0.033<\/td><\/tr><\/tbody><\/table><\/div><\/div>\n\t\t\t\t\t\t\t\t\t<div class=\"elementor-tab-title elementor-tab-mobile-title\" aria-selected=\"false\" data-tab=\"2\" role=\"tab\" tabindex=\"-1\" aria-controls=\"elementor-tab-content-1352\" aria-expanded=\"false\">Premium<\/div>\n\t\t\t\t\t<div id=\"elementor-tab-content-1352\" class=\"elementor-tab-content elementor-clearfix\" data-tab=\"2\" role=\"tabpanel\" aria-labelledby=\"elementor-tab-title-1352\" tabindex=\"0\" hidden=\"hidden\"><h2 class=\"table-title\">Metales<\/h2>\n<div class=\"table-responsive\">\n  <table>\n    <tbody>\n      <tr>\n        <td>Mercado<\/td>\n        <td>Spread m\u00ednimo<\/td>\n        <td>Spread medio<\/td>\n      <\/tr>\n      <tr>\n        <td>XAU\/EUR<\/td>\n        <td>0.26<\/td>\n        <td>0.30<\/td>\n      <\/tr>\n      <tr>\n        <td>XAU\/USD<\/td>\n        <td>0.24<\/td>\n        <td>0.28<\/td>\n      <\/tr>\n      <tr>\n        <td>XPD\/USD<\/td>\n        <td>4.95<\/td>\n        <td>5.45<\/td>\n      <\/tr>\n      <tr>\n        <td>XPT\/USD<\/td>\n        <td>0.95<\/td>\n        <td>1.15<\/td>\n      <\/tr>\n      <tr>\n        <td>XAG\/EUR<\/td>\n        <td>0.028<\/td>\n        <td>0.03<\/td>\n      <\/tr>\n      <tr>\n        <td>XAG\/USD<\/td>\n        <td>0.026<\/td>\n        <td>0.028<\/td>\n      <\/tr>\n    <\/tbody>\n  <\/table>\n<\/div>\n<\/div>\n\t\t\t\t\t\t\t<\/div>\n\t\t<\/div>\n\t\t\t\t\t\t<\/div>\n\t\t\t\t\t<\/div>\n\t\t<\/div>\n\t\t\t\t\t<\/div>\n\t\t<\/section>\n\t\t\t\t<section class=\"elementor-section elementor-inner-section elementor-element elementor-element-6e32f54 elementor-hidden-desktop elementor-section-boxed elementor-section-height-default elementor-section-height-default\" data-id=\"6e32f54\" data-element_type=\"section\" data-e-type=\"section\">\n\t\t\t\t\t\t<div class=\"elementor-container elementor-column-gap-default\">\n\t\t\t\t\t<div class=\"elementor-column elementor-col-33 elementor-inner-column elementor-element elementor-element-d3d1221\" data-id=\"d3d1221\" data-element_type=\"column\" data-e-type=\"column\">\n\t\t\t<div class=\"elementor-widget-wrap elementor-element-populated\">\n\t\t\t\t\t\t<div class=\"elementor-element elementor-element-fb8cfd4 elementor-widget-mobile__width-initial elementor-widget elementor-widget-button\" data-id=\"fb8cfd4\" data-element_type=\"widget\" data-e-type=\"widget\" data-widget_type=\"button.default\">\n\t\t\t\t\t\t\t\t\t\t<a class=\"elementor-button elementor-button-link elementor-size-sm\" href=\"\/es\/markets\/futures-spreads-classic\/#instruments_table_container\">\n\t\t\t\t\t\t<span class=\"elementor-button-content-wrapper\">\n\t\t\t\t\t\t\t\t\t<span class=\"elementor-button-text\">Futuros<\/span>\n\t\t\t\t\t<\/span>\n\t\t\t\t\t<\/a>\n\t\t\t\t\t\t\t\t<\/div>\n\t\t\t\t\t<\/div>\n\t\t<\/div>\n\t\t\t\t<div class=\"elementor-column elementor-col-33 elementor-inner-column elementor-element elementor-element-ed694ca\" data-id=\"ed694ca\" data-element_type=\"column\" data-e-type=\"column\">\n\t\t\t<div class=\"elementor-widget-wrap elementor-element-populated\">\n\t\t\t\t\t\t<div class=\"elementor-element elementor-element-02cb2de elementor-widget-mobile__width-initial elementor-widget elementor-widget-button\" data-id=\"02cb2de\" data-element_type=\"widget\" data-e-type=\"widget\" data-widget_type=\"button.default\">\n\t\t\t\t\t\t\t\t\t\t<a class=\"elementor-button elementor-button-link elementor-size-sm\" href=\"\/es\/markets\/indices-spreads-classic\/#instruments_table_container\">\n\t\t\t\t\t\t<span class=\"elementor-button-content-wrapper\">\n\t\t\t\t\t\t\t\t\t<span class=\"elementor-button-text\">\u00cdndices<\/span>\n\t\t\t\t\t<\/span>\n\t\t\t\t\t<\/a>\n\t\t\t\t\t\t\t\t<\/div>\n\t\t\t\t\t<\/div>\n\t\t<\/div>\n\t\t\t\t<div class=\"elementor-column elementor-col-33 elementor-inner-column elementor-element elementor-element-f6a39fb\" data-id=\"f6a39fb\" data-element_type=\"column\" data-e-type=\"column\">\n\t\t\t<div class=\"elementor-widget-wrap elementor-element-populated\">\n\t\t\t\t\t\t<div class=\"elementor-element elementor-element-bb88ff6 elementor-widget-mobile__width-initial elementor-widget elementor-widget-button\" data-id=\"bb88ff6\" data-element_type=\"widget\" data-e-type=\"widget\" data-widget_type=\"button.default\">\n\t\t\t\t\t\t\t\t\t\t<a class=\"elementor-button elementor-button-link elementor-size-sm\" href=\"\/es\/markets\/commodities-spreads-classic\/#instruments_table_container\">\n\t\t\t\t\t\t<span class=\"elementor-button-content-wrapper\">\n\t\t\t\t\t\t\t\t\t<span class=\"elementor-button-text\">Materias Primas<\/span>\n\t\t\t\t\t<\/span>\n\t\t\t\t\t<\/a>\n\t\t\t\t\t\t\t\t<\/div>\n\t\t\t\t\t<\/div>\n\t\t<\/div>\n\t\t\t\t\t<\/div>\n\t\t<\/section>\n\t\t\t\t\t<\/div>\n\t\t<\/div>\n\t\t\t\t\t<\/div>\n\t\t<\/section>\n\t\t\t\t<\/div>","protected":false},"excerpt":{"rendered":"<p>Fxcess Spreads Our\u202ftight\u202fSpreads and fast Market Execution\u202foffers you the luxury to have\u202fcontrol over [&hellip;]<\/p>\n","protected":false},"author":1,"featured_media":0,"parent":534,"menu_order":0,"comment_status":"closed","ping_status":"closed","template":"","meta":{"_acf_changed":false,"footnotes":""},"class_list":["post-7389","page","type-page","status-publish","hentry"],"acf":[],"yoast_head":"<!-- This site is optimized with the Yoast SEO Premium plugin v26.9 (Yoast SEO v26.9) - https:\/\/yoast.com\/product\/yoast-seo-premium-wordpress\/ -->\n<title>Metals Spreads Classic \u2013 Fxcess<\/title>\n<meta name=\"robots\" content=\"index, follow, max-snippet:-1, max-image-preview:large, max-video-preview:-1\" \/>\n<link rel=\"canonical\" href=\"https:\/\/www.fxcess-id.com\/es\/markets\/metals-spreads-classic\/\" \/>\n<meta property=\"og:locale\" content=\"es_ES\" \/>\n<meta property=\"og:type\" content=\"article\" \/>\n<meta property=\"og:title\" content=\"Metals Spreads Classic\" \/>\n<meta property=\"og:description\" content=\"Fxcess Spreads Our\u202ftight\u202fSpreads and fast Market Execution\u202foffers you the luxury to have\u202fcontrol over [&hellip;]\" \/>\n<meta property=\"og:url\" content=\"https:\/\/www.fxcess-id.com\/es\/markets\/metals-spreads-classic\/\" \/>\n<meta property=\"og:site_name\" content=\"FXCess\" \/>\n<meta property=\"article:modified_time\" content=\"2025-11-19T08:43:38+00:00\" \/>\n<meta name=\"twitter:card\" content=\"summary_large_image\" \/>\n<meta name=\"twitter:label1\" content=\"Tiempo de lectura\" \/>\n\t<meta name=\"twitter:data1\" content=\"1 minuto\" \/>\n<script type=\"application\/ld+json\" class=\"yoast-schema-graph\">{\"@context\":\"https:\/\/schema.org\",\"@graph\":[{\"@type\":\"WebPage\",\"@id\":\"https:\/\/www.fxcess-id.com\/es\/markets\/metals-spreads-classic\/\",\"url\":\"https:\/\/www.fxcess-id.com\/es\/markets\/metals-spreads-classic\/\",\"name\":\"Metals Spreads Classic \u2013 Fxcess\",\"isPartOf\":{\"@id\":\"https:\/\/www.fxcess.com\/ko\/#website\"},\"datePublished\":\"2022-01-30T12:54:10+00:00\",\"dateModified\":\"2025-11-19T08:43:38+00:00\",\"breadcrumb\":{\"@id\":\"https:\/\/www.fxcess-id.com\/es\/markets\/metals-spreads-classic\/#breadcrumb\"},\"inLanguage\":\"es\",\"potentialAction\":[{\"@type\":\"ReadAction\",\"target\":[\"https:\/\/www.fxcess-id.com\/es\/markets\/metals-spreads-classic\/\"]}]},{\"@type\":\"BreadcrumbList\",\"@id\":\"https:\/\/www.fxcess-id.com\/es\/markets\/metals-spreads-classic\/#breadcrumb\",\"itemListElement\":[{\"@type\":\"ListItem\",\"position\":1,\"name\":\"Home\",\"item\":\"https:\/\/www.fxcess.com\/ko\/\"},{\"@type\":\"ListItem\",\"position\":2,\"name\":\"Markets\",\"item\":\"https:\/\/www.fxcess-id.com\/es\/markets\/\"},{\"@type\":\"ListItem\",\"position\":3,\"name\":\"Metals Spreads Classic\"}]},{\"@type\":\"WebSite\",\"@id\":\"https:\/\/www.fxcess.com\/ko\/#website\",\"url\":\"https:\/\/www.fxcess.com\/ko\/\",\"name\":\"FXCess\",\"description\":\"Trade Forex with FXCess in Less than a Minute\",\"publisher\":{\"@id\":\"https:\/\/www.fxcess.com\/ko\/#organization\"},\"potentialAction\":[{\"@type\":\"SearchAction\",\"target\":{\"@type\":\"EntryPoint\",\"urlTemplate\":\"https:\/\/www.fxcess.com\/ko\/?s={search_term_string}\"},\"query-input\":{\"@type\":\"PropertyValueSpecification\",\"valueRequired\":true,\"valueName\":\"search_term_string\"}}],\"inLanguage\":\"es\"},{\"@type\":\"Organization\",\"@id\":\"https:\/\/www.fxcess.com\/ko\/#organization\",\"name\":\"FXCess\",\"url\":\"https:\/\/www.fxcess.com\/ko\/\",\"logo\":{\"@type\":\"ImageObject\",\"inLanguage\":\"es\",\"@id\":\"https:\/\/www.fxcess.com\/ko\/#\/schema\/logo\/image\/\",\"url\":\"\/wp-content\/uploads\/2021\/11\/logo.svg\",\"contentUrl\":\"\/wp-content\/uploads\/2021\/11\/logo.svg\",\"width\":134,\"height\":25,\"caption\":\"FXCess\"},\"image\":{\"@id\":\"https:\/\/www.fxcess.com\/ko\/#\/schema\/logo\/image\/\"}}]}<\/script>\n<!-- \/ Yoast SEO Premium plugin. -->","yoast_head_json":{"title":"Metals Spreads Classic \u2013 Fxcess","robots":{"index":"index","follow":"follow","max-snippet":"max-snippet:-1","max-image-preview":"max-image-preview:large","max-video-preview":"max-video-preview:-1"},"canonical":"https:\/\/www.fxcess-id.com\/es\/markets\/metals-spreads-classic\/","og_locale":"es_ES","og_type":"article","og_title":"Metals Spreads Classic","og_description":"Fxcess Spreads Our\u202ftight\u202fSpreads and fast Market Execution\u202foffers you the luxury to have\u202fcontrol over [&hellip;]","og_url":"https:\/\/www.fxcess-id.com\/es\/markets\/metals-spreads-classic\/","og_site_name":"FXCess","article_modified_time":"2025-11-19T08:43:38+00:00","twitter_card":"summary_large_image","twitter_misc":{"Tiempo de lectura":"1 minuto"},"schema":{"@context":"https:\/\/schema.org","@graph":[{"@type":"WebPage","@id":"https:\/\/www.fxcess-id.com\/es\/markets\/metals-spreads-classic\/","url":"https:\/\/www.fxcess-id.com\/es\/markets\/metals-spreads-classic\/","name":"Metals Spreads Classic \u2013 Fxcess","isPartOf":{"@id":"https:\/\/www.fxcess.com\/ko\/#website"},"datePublished":"2022-01-30T12:54:10+00:00","dateModified":"2025-11-19T08:43:38+00:00","breadcrumb":{"@id":"https:\/\/www.fxcess-id.com\/es\/markets\/metals-spreads-classic\/#breadcrumb"},"inLanguage":"es","potentialAction":[{"@type":"ReadAction","target":["https:\/\/www.fxcess-id.com\/es\/markets\/metals-spreads-classic\/"]}]},{"@type":"BreadcrumbList","@id":"https:\/\/www.fxcess-id.com\/es\/markets\/metals-spreads-classic\/#breadcrumb","itemListElement":[{"@type":"ListItem","position":1,"name":"Home","item":"https:\/\/www.fxcess.com\/ko\/"},{"@type":"ListItem","position":2,"name":"Markets","item":"https:\/\/www.fxcess-id.com\/es\/markets\/"},{"@type":"ListItem","position":3,"name":"Metals Spreads Classic"}]},{"@type":"WebSite","@id":"https:\/\/www.fxcess.com\/ko\/#website","url":"https:\/\/www.fxcess.com\/ko\/","name":"FXCess","description":"Trade Forex with FXCess in Less than a Minute","publisher":{"@id":"https:\/\/www.fxcess.com\/ko\/#organization"},"potentialAction":[{"@type":"SearchAction","target":{"@type":"EntryPoint","urlTemplate":"https:\/\/www.fxcess.com\/ko\/?s={search_term_string}"},"query-input":{"@type":"PropertyValueSpecification","valueRequired":true,"valueName":"search_term_string"}}],"inLanguage":"es"},{"@type":"Organization","@id":"https:\/\/www.fxcess.com\/ko\/#organization","name":"FXCess","url":"https:\/\/www.fxcess.com\/ko\/","logo":{"@type":"ImageObject","inLanguage":"es","@id":"https:\/\/www.fxcess.com\/ko\/#\/schema\/logo\/image\/","url":"\/wp-content\/uploads\/2021\/11\/logo.svg","contentUrl":"\/wp-content\/uploads\/2021\/11\/logo.svg","width":134,"height":25,"caption":"FXCess"},"image":{"@id":"https:\/\/www.fxcess.com\/ko\/#\/schema\/logo\/image\/"}}]}},"_links":{"self":[{"href":"https:\/\/www.fxcess-id.com\/es\/wp-json\/wp\/v2\/pages\/7389","targetHints":{"allow":["GET"]}}],"collection":[{"href":"https:\/\/www.fxcess-id.com\/es\/wp-json\/wp\/v2\/pages"}],"about":[{"href":"https:\/\/www.fxcess-id.com\/es\/wp-json\/wp\/v2\/types\/page"}],"author":[{"embeddable":true,"href":"https:\/\/www.fxcess-id.com\/es\/wp-json\/wp\/v2\/users\/1"}],"replies":[{"embeddable":true,"href":"https:\/\/www.fxcess-id.com\/es\/wp-json\/wp\/v2\/comments?post=7389"}],"version-history":[{"count":10,"href":"https:\/\/www.fxcess-id.com\/es\/wp-json\/wp\/v2\/pages\/7389\/revisions"}],"predecessor-version":[{"id":16203,"href":"https:\/\/www.fxcess-id.com\/es\/wp-json\/wp\/v2\/pages\/7389\/revisions\/16203"}],"up":[{"embeddable":true,"href":"https:\/\/www.fxcess-id.com\/es\/wp-json\/wp\/v2\/pages\/534"}],"wp:attachment":[{"href":"https:\/\/www.fxcess-id.com\/es\/wp-json\/wp\/v2\/media?parent=7389"}],"curies":[{"name":"wp","href":"https:\/\/api.w.org\/{rel}","templated":true}]}}