{"id":15205,"date":"2025-09-04T06:12:02","date_gmt":"2025-09-04T06:12:02","guid":{"rendered":"https:\/\/fxcess-com.wp-dev.int.theitops.net\/?page_id=15205"},"modified":"2025-09-09T07:58:15","modified_gmt":"2025-09-09T07:58:15","slug":"economic-calendar","status":"publish","type":"page","link":"https:\/\/www.fxcess-id.com\/es\/economic-calendar\/","title":{"rendered":"Economic Calendar"},"content":{"rendered":"<div data-elementor-type=\"wp-page\" data-elementor-id=\"15205\" class=\"elementor elementor-15205\" data-elementor-post-type=\"page\">\n\t\t\t\t\t\t<section class=\"elementor-section elementor-top-section elementor-element elementor-element-deafe4d elementor-section-full_width elementor-section-height-default elementor-section-height-default\" data-id=\"deafe4d\" data-element_type=\"section\" data-e-type=\"section\" data-settings=\"{&quot;background_background&quot;:&quot;classic&quot;}\">\n\t\t\t\t\t\t<div class=\"elementor-container elementor-column-gap-no\">\n\t\t\t\t\t<div class=\"elementor-column elementor-col-100 elementor-top-column elementor-element elementor-element-6a97828\" data-id=\"6a97828\" data-element_type=\"column\" data-e-type=\"column\">\n\t\t\t<div class=\"elementor-widget-wrap elementor-element-populated\">\n\t\t\t\t\t\t<section class=\"elementor-section elementor-inner-section elementor-element elementor-element-272b554 elementor-section-full_width elementor-section-height-default elementor-section-height-default\" data-id=\"272b554\" data-element_type=\"section\" data-e-type=\"section\">\n\t\t\t\t\t\t<div class=\"elementor-container elementor-column-gap-default\">\n\t\t\t\t\t<div class=\"elementor-column elementor-col-50 elementor-inner-column elementor-element elementor-element-303cf7f\" data-id=\"303cf7f\" data-element_type=\"column\" data-e-type=\"column\">\n\t\t\t<div class=\"elementor-widget-wrap elementor-element-populated\">\n\t\t\t\t\t\t<div class=\"elementor-element elementor-element-19173c8 elementor-widget__width-initial elementor-widget-mobile__width-inherit elementor-widget-tablet__width-inherit elementor-widget elementor-widget-heading\" data-id=\"19173c8\" data-element_type=\"widget\" data-e-type=\"widget\" data-widget_type=\"heading.default\">\n\t\t\t\t\t<h2 class=\"elementor-heading-title elementor-size-default\">Siga los principales acontecimientos del mercado con <span>el Calendario Econ\u00f3mico TC<\/span>\n<\/h2>\t\t\t\t<\/div>\n\t\t\t\t<div class=\"elementor-element elementor-element-7c83a6b elementor-widget__width-initial elementor-widget-mobile__width-inherit elementor-widget-tablet__width-inherit elementor-widget elementor-widget-text-editor\" data-id=\"7c83a6b\" data-element_type=\"widget\" data-e-type=\"widget\" data-widget_type=\"text-editor.default\">\n\t\t\t\t\t\t\t\t\t<p>TC Economic Calendar le permite filtrar los acontecimientos econ\u00f3micos de los distintos pa\u00edses, ayud\u00e1ndole a anticiparse y responder a las noticias que podr\u00edan afectar a los mercados.<\/p>\t\t\t\t\t\t\t\t<\/div>\n\t\t\t\t\t<\/div>\n\t\t<\/div>\n\t\t\t\t<div class=\"elementor-column elementor-col-50 elementor-inner-column elementor-element elementor-element-23cb28f\" data-id=\"23cb28f\" data-element_type=\"column\" data-e-type=\"column\">\n\t\t\t<div class=\"elementor-widget-wrap elementor-element-populated\">\n\t\t\t\t\t\t<div class=\"elementor-element elementor-element-15b6b1b elementor-widget-mobile__width-inherit elementor-widget elementor-widget-image\" data-id=\"15b6b1b\" data-element_type=\"widget\" data-e-type=\"widget\" data-widget_type=\"image.default\">\n\t\t\t\t\t\t\t\t\t\t\t\t\t\t\t<img fetchpriority=\"high\" decoding=\"async\" width=\"764\" height=\"540\" src=\"\/wp-content\/uploads\/2025\/09\/Group-55.png\" class=\"attachment-full size-full wp-image-15207\" alt=\"\" srcset=\"\/wp-content\/uploads\/2025\/09\/Group-55.png 764w, \/wp-content\/uploads\/2025\/09\/Group-55-300x212.png 300w, \/wp-content\/uploads\/2025\/09\/Group-55-18x12.png 18w\" sizes=\"(max-width: 764px) 100vw, 764px\" \/>\t\t\t\t\t\t\t\t\t\t\t\t\t\t\t<\/div>\n\t\t\t\t\t<\/div>\n\t\t<\/div>\n\t\t\t\t\t<\/div>\n\t\t<\/section>\n\t\t\t\t\t<\/div>\n\t\t<\/div>\n\t\t\t\t\t<\/div>\n\t\t<\/section>\n\t\t\t\t<section class=\"elementor-section elementor-top-section elementor-element elementor-element-a6476ac elementor-section-full_width elementor-section-height-default elementor-section-height-default\" data-id=\"a6476ac\" data-element_type=\"section\" data-e-type=\"section\">\n\t\t\t\t\t\t<div class=\"elementor-container elementor-column-gap-default\">\n\t\t\t\t\t<div class=\"elementor-column elementor-col-100 elementor-top-column elementor-element elementor-element-831b1e4\" data-id=\"831b1e4\" data-element_type=\"column\" data-e-type=\"column\">\n\t\t\t<div class=\"elementor-widget-wrap elementor-element-populated\">\n\t\t\t\t\t\t<div class=\"elementor-element elementor-element-36e257a elementor-widget elementor-widget-heading\" data-id=\"36e257a\" data-element_type=\"widget\" data-e-type=\"widget\" data-widget_type=\"heading.default\">\n\t\t\t\t\t<h2 class=\"elementor-heading-title elementor-size-default\">Vista del Calendario\n<\/h2>\t\t\t\t<\/div>\n\t\t\t\t<div class=\"elementor-element elementor-element-cc89c86 elementor-widget elementor-widget-text-editor\" data-id=\"cc89c86\" data-element_type=\"widget\" data-e-type=\"widget\" data-widget_type=\"text-editor.default\">\n\t\t\t\t\t\t\t\t\t<p>Explorar el Calendario Econ\u00f3mico<\/p>\t\t\t\t\t\t\t\t<\/div>\n\t\t\t\t<section class=\"elementor-section elementor-inner-section elementor-element elementor-element-6b4bd47 elementor-section-boxed elementor-section-height-default elementor-section-height-default\" data-id=\"6b4bd47\" data-element_type=\"section\" data-e-type=\"section\" data-settings=\"{&quot;background_background&quot;:&quot;classic&quot;}\">\n\t\t\t\t\t\t<div class=\"elementor-container elementor-column-gap-no\">\n\t\t\t\t\t<div class=\"elementor-column elementor-col-50 elementor-inner-column elementor-element elementor-element-d7d5fce\" data-id=\"d7d5fce\" data-element_type=\"column\" data-e-type=\"column\">\n\t\t\t<div class=\"elementor-widget-wrap elementor-element-populated\">\n\t\t\t\t\t\t<div class=\"elementor-element elementor-element-9bed791 elementor-widget-mobile__width-inherit elementor-widget elementor-widget-image\" data-id=\"9bed791\" data-element_type=\"widget\" data-e-type=\"widget\" data-widget_type=\"image.default\">\n\t\t\t\t\t\t\t\t\t\t\t\t\t\t\t<img decoding=\"async\" width=\"635\" height=\"635\" src=\"\/wp-content\/uploads\/2025\/09\/Group-54.png\" class=\"attachment-full size-full wp-image-15252\" alt=\"\" srcset=\"\/wp-content\/uploads\/2025\/09\/Group-54.png 635w, \/wp-content\/uploads\/2025\/09\/Group-54-300x300.png 300w, \/wp-content\/uploads\/2025\/09\/Group-54-150x150.png 150w, \/wp-content\/uploads\/2025\/09\/Group-54-12x12.png 12w\" sizes=\"(max-width: 635px) 100vw, 635px\" \/>\t\t\t\t\t\t\t\t\t\t\t\t\t\t\t<\/div>\n\t\t\t\t\t<\/div>\n\t\t<\/div>\n\t\t\t\t<div class=\"elementor-column elementor-col-50 elementor-inner-column elementor-element elementor-element-e9e193f\" data-id=\"e9e193f\" data-element_type=\"column\" data-e-type=\"column\">\n\t\t\t<div class=\"elementor-widget-wrap elementor-element-populated\">\n\t\t\t\t\t\t<div class=\"elementor-element elementor-element-b041531 elementor-widget__width-initial elementor-widget-mobile__width-inherit elementor-widget elementor-widget-text-editor\" data-id=\"b041531\" data-element_type=\"widget\" data-e-type=\"widget\" data-widget_type=\"text-editor.default\">\n\t\t\t\t\t\t\t\t\t<p>Vea los acontecimientos econ\u00f3micos actuales y futuros ordenados cronol\u00f3gicamente, con una l\u00ednea roja que indica la hora actual.<\/p>\t\t\t\t\t\t\t\t<\/div>\n\t\t\t\t<div class=\"elementor-element elementor-element-04c65a2 elementor-widget__width-initial elementor-widget-mobile__width-inherit elementor-widget elementor-widget-text-editor\" data-id=\"04c65a2\" data-element_type=\"widget\" data-e-type=\"widget\" data-widget_type=\"text-editor.default\">\n\t\t\t\t\t\t\t\t\tTu zona horaria local se detecta autom\u00e1ticamente, pero puedes cambiarla en cualquier momento a la izquierda (justo debajo del calendario).\n\t\t\t\t\t\t\t\t<\/div>\n\t\t\t\t\t<\/div>\n\t\t<\/div>\n\t\t\t\t\t<\/div>\n\t\t<\/section>\n\t\t\t\t<section class=\"elementor-section elementor-inner-section elementor-element elementor-element-faa70dc elementor-section-boxed elementor-section-height-default elementor-section-height-default\" data-id=\"faa70dc\" data-element_type=\"section\" data-e-type=\"section\" data-settings=\"{&quot;background_background&quot;:&quot;classic&quot;}\">\n\t\t\t\t\t\t<div class=\"elementor-container elementor-column-gap-no\">\n\t\t\t\t\t<div class=\"elementor-column elementor-col-50 elementor-inner-column elementor-element elementor-element-f6553ca\" data-id=\"f6553ca\" data-element_type=\"column\" data-e-type=\"column\">\n\t\t\t<div class=\"elementor-widget-wrap elementor-element-populated\">\n\t\t\t\t\t\t<div class=\"elementor-element elementor-element-c3a1b5e elementor-widget__width-initial elementor-widget-mobile__width-inherit elementor-widget elementor-widget-text-editor\" data-id=\"c3a1b5e\" data-element_type=\"widget\" data-e-type=\"widget\" data-widget_type=\"text-editor.default\">\n\t\t\t\t\t\t\t\t\t<span>En el calendario, encontrar\u00e1 actualizaciones en tiempo real<\/span> para cada acontecimiento econ\u00f3mico, incluido el t\u00edtulo del acontecimiento, la hora, el pa\u00eds, el impacto previsto de la divisa, los valores previstos, los valores reales, las revisiones y los valores anteriores.\t\t\t\t\t\t\t\t<\/div>\n\t\t\t\t\t<\/div>\n\t\t<\/div>\n\t\t\t\t<div class=\"elementor-column elementor-col-50 elementor-inner-column elementor-element elementor-element-830b6f8\" data-id=\"830b6f8\" data-element_type=\"column\" data-e-type=\"column\">\n\t\t\t<div class=\"elementor-widget-wrap elementor-element-populated\">\n\t\t\t\t\t\t<div class=\"elementor-element elementor-element-b7ee417 elementor-widget elementor-widget-image\" data-id=\"b7ee417\" data-element_type=\"widget\" data-e-type=\"widget\" data-widget_type=\"image.default\">\n\t\t\t\t\t\t\t\t\t\t\t\t\t\t\t<img decoding=\"async\" width=\"635\" height=\"635\" src=\"\/wp-content\/uploads\/2025\/09\/Group-54-1.png\" class=\"attachment-full size-full wp-image-15261\" alt=\"\" srcset=\"\/wp-content\/uploads\/2025\/09\/Group-54-1.png 635w, \/wp-content\/uploads\/2025\/09\/Group-54-1-300x300.png 300w, \/wp-content\/uploads\/2025\/09\/Group-54-1-150x150.png 150w, \/wp-content\/uploads\/2025\/09\/Group-54-1-12x12.png 12w\" sizes=\"(max-width: 635px) 100vw, 635px\" \/>\t\t\t\t\t\t\t\t\t\t\t\t\t\t\t<\/div>\n\t\t\t\t\t<\/div>\n\t\t<\/div>\n\t\t\t\t\t<\/div>\n\t\t<\/section>\n\t\t\t\t<section class=\"elementor-section elementor-inner-section elementor-element elementor-element-b7b3d8f elementor-section-boxed elementor-section-height-default elementor-section-height-default\" data-id=\"b7b3d8f\" data-element_type=\"section\" data-e-type=\"section\" data-settings=\"{&quot;background_background&quot;:&quot;classic&quot;}\">\n\t\t\t\t\t\t<div class=\"elementor-container elementor-column-gap-no\">\n\t\t\t\t\t<div class=\"elementor-column elementor-col-50 elementor-inner-column elementor-element elementor-element-5005c29\" data-id=\"5005c29\" data-element_type=\"column\" data-e-type=\"column\">\n\t\t\t<div class=\"elementor-widget-wrap elementor-element-populated\">\n\t\t\t\t\t\t<div class=\"elementor-element elementor-element-c3f55c4 elementor-widget elementor-widget-image\" data-id=\"c3f55c4\" data-element_type=\"widget\" data-e-type=\"widget\" data-widget_type=\"image.default\">\n\t\t\t\t\t\t\t\t\t\t\t\t\t\t\t<img loading=\"lazy\" decoding=\"async\" width=\"635\" height=\"635\" src=\"\/wp-content\/uploads\/2025\/09\/Group-54-2.png\" class=\"attachment-large size-large wp-image-15266\" alt=\"\" srcset=\"\/wp-content\/uploads\/2025\/09\/Group-54-2.png 635w, \/wp-content\/uploads\/2025\/09\/Group-54-2-300x300.png 300w, \/wp-content\/uploads\/2025\/09\/Group-54-2-150x150.png 150w, \/wp-content\/uploads\/2025\/09\/Group-54-2-12x12.png 12w\" sizes=\"(max-width: 635px) 100vw, 635px\" \/>\t\t\t\t\t\t\t\t\t\t\t\t\t\t\t<\/div>\n\t\t\t\t\t<\/div>\n\t\t<\/div>\n\t\t\t\t<div class=\"elementor-column elementor-col-50 elementor-inner-column elementor-element elementor-element-a0dcee6\" data-id=\"a0dcee6\" data-element_type=\"column\" data-e-type=\"column\">\n\t\t\t<div class=\"elementor-widget-wrap elementor-element-populated\">\n\t\t\t\t\t\t<div class=\"elementor-element elementor-element-4041b64 elementor-widget__width-initial elementor-widget-mobile__width-inherit elementor-widget elementor-widget-text-editor\" data-id=\"4041b64\" data-element_type=\"widget\" data-e-type=\"widget\" data-widget_type=\"text-editor.default\">\n\t\t\t\t\t\t\t\t\t<p>On the left, you\u2019ll find the filter, which lets you easily customise the calendar to show events by country or importance.<\/p>\t\t\t\t\t\t\t\t<\/div>\n\t\t\t\t\t<\/div>\n\t\t<\/div>\n\t\t\t\t\t<\/div>\n\t\t<\/section>\n\t\t\t\t<section class=\"elementor-section elementor-inner-section elementor-element elementor-element-d8371c9 elementor-section-boxed elementor-section-height-default elementor-section-height-default\" data-id=\"d8371c9\" data-element_type=\"section\" data-e-type=\"section\" data-settings=\"{&quot;background_background&quot;:&quot;classic&quot;}\">\n\t\t\t\t\t\t<div class=\"elementor-container elementor-column-gap-no\">\n\t\t\t\t\t<div class=\"elementor-column elementor-col-50 elementor-inner-column elementor-element elementor-element-2525aa7\" data-id=\"2525aa7\" data-element_type=\"column\" data-e-type=\"column\">\n\t\t\t<div class=\"elementor-widget-wrap elementor-element-populated\">\n\t\t\t\t\t\t<div class=\"elementor-element elementor-element-b765749 elementor-widget__width-initial elementor-widget-mobile__width-inherit elementor-widget elementor-widget-text-editor\" data-id=\"b765749\" data-element_type=\"widget\" data-e-type=\"widget\" data-widget_type=\"text-editor.default\">\n\t\t\t\t\t\t\t\t\t<span>Haga clic en cualquier evento<\/span> para ver una descripci\u00f3n que explica el indicador econ\u00f3mico, junto con enlaces r\u00e1pidos para abrir gr\u00e1ficos de precios relacionados.\n\t\t\t\t\t\t\t\t<\/div>\n\t\t\t\t\t<\/div>\n\t\t<\/div>\n\t\t\t\t<div class=\"elementor-column elementor-col-50 elementor-inner-column elementor-element elementor-element-740539c\" data-id=\"740539c\" data-element_type=\"column\" data-e-type=\"column\">\n\t\t\t<div class=\"elementor-widget-wrap elementor-element-populated\">\n\t\t\t\t\t\t<div class=\"elementor-element elementor-element-e395644 elementor-widget elementor-widget-image\" data-id=\"e395644\" data-element_type=\"widget\" data-e-type=\"widget\" data-widget_type=\"image.default\">\n\t\t\t\t\t\t\t\t\t\t\t\t\t\t\t<img loading=\"lazy\" decoding=\"async\" width=\"635\" height=\"635\" src=\"\/wp-content\/uploads\/2025\/09\/Group-54-3.png\" class=\"attachment-large size-large wp-image-15267\" alt=\"\" srcset=\"\/wp-content\/uploads\/2025\/09\/Group-54-3.png 635w, \/wp-content\/uploads\/2025\/09\/Group-54-3-300x300.png 300w, \/wp-content\/uploads\/2025\/09\/Group-54-3-150x150.png 150w, \/wp-content\/uploads\/2025\/09\/Group-54-3-12x12.png 12w\" sizes=\"(max-width: 635px) 100vw, 635px\" \/>\t\t\t\t\t\t\t\t\t\t\t\t\t\t\t<\/div>\n\t\t\t\t\t<\/div>\n\t\t<\/div>\n\t\t\t\t\t<\/div>\n\t\t<\/section>\n\t\t\t\t\t<\/div>\n\t\t<\/div>\n\t\t\t\t\t<\/div>\n\t\t<\/section>\n\t\t\t\t<\/div>","protected":false},"excerpt":{"rendered":"<p>Track key market events with TC Economic Calendar TC Economic Calendar lets you [&hellip;]<\/p>\n","protected":false},"author":22,"featured_media":0,"parent":0,"menu_order":0,"comment_status":"closed","ping_status":"closed","template":"elementor_header_footer","meta":{"_acf_changed":false,"footnotes":""},"class_list":["post-15205","page","type-page","status-publish","hentry"],"acf":[],"yoast_head":"<!-- This site is optimized with the Yoast SEO Premium plugin v26.9 (Yoast SEO v26.9) - https:\/\/yoast.com\/product\/yoast-seo-premium-wordpress\/ -->\n<title>Economic Calendar by Trading Central<\/title>\n<meta name=\"description\" content=\"Track key market-moving events in real time with the TC Economic Calendar. Filter by country, view forecasts and access related charts via the FXCess Client Portal.\" \/>\n<meta name=\"robots\" content=\"index, follow, max-snippet:-1, max-image-preview:large, max-video-preview:-1\" \/>\n<link rel=\"canonical\" href=\"https:\/\/www.fxcess-id.com\/es\/economic-calendar\/\" \/>\n<meta property=\"og:locale\" content=\"es_ES\" \/>\n<meta property=\"og:type\" content=\"article\" \/>\n<meta property=\"og:title\" content=\"Economic Calendar\" \/>\n<meta property=\"og:description\" content=\"Track key market-moving events in real time with the TC Economic Calendar. Filter by country, view forecasts and access related charts via the FXCess Client Portal.\" \/>\n<meta property=\"og:url\" content=\"https:\/\/www.fxcess-id.com\/es\/economic-calendar\/\" \/>\n<meta property=\"og:site_name\" content=\"FXCess\" \/>\n<meta property=\"article:modified_time\" content=\"2025-09-09T07:58:15+00:00\" \/>\n<meta name=\"twitter:card\" content=\"summary_large_image\" \/>\n<meta name=\"twitter:label1\" content=\"Tiempo de lectura\" \/>\n\t<meta name=\"twitter:data1\" content=\"2 minutos\" \/>\n<script type=\"application\/ld+json\" class=\"yoast-schema-graph\">{\"@context\":\"https:\/\/schema.org\",\"@graph\":[{\"@type\":\"WebPage\",\"@id\":\"https:\/\/www.fxcess-id.com\/th\/economic-calendar\/\",\"url\":\"https:\/\/www.fxcess-id.com\/th\/economic-calendar\/\",\"name\":\"Economic Calendar by Trading Central\",\"isPartOf\":{\"@id\":\"https:\/\/www.fxcess-id.com\/#website\"},\"datePublished\":\"2025-09-04T06:12:02+00:00\",\"dateModified\":\"2025-09-09T07:58:15+00:00\",\"description\":\"Track key market-moving events in real time with the TC Economic Calendar. Filter by country, view forecasts and access related charts via the FXCess Client Portal.\",\"breadcrumb\":{\"@id\":\"https:\/\/www.fxcess-id.com\/th\/economic-calendar\/#breadcrumb\"},\"inLanguage\":\"es\",\"potentialAction\":[{\"@type\":\"ReadAction\",\"target\":[\"https:\/\/www.fxcess-id.com\/th\/economic-calendar\/\"]}]},{\"@type\":\"BreadcrumbList\",\"@id\":\"https:\/\/www.fxcess-id.com\/th\/economic-calendar\/#breadcrumb\",\"itemListElement\":[{\"@type\":\"ListItem\",\"position\":1,\"name\":\"Home\",\"item\":\"https:\/\/www.fxcess-id.com\/\"},{\"@type\":\"ListItem\",\"position\":2,\"name\":\"Economic Calendar\"}]},{\"@type\":\"WebSite\",\"@id\":\"https:\/\/www.fxcess-id.com\/#website\",\"url\":\"https:\/\/www.fxcess-id.com\/\",\"name\":\"FXCess\",\"description\":\"Trade Forex with FXCess in Less than a Minute\",\"publisher\":{\"@id\":\"https:\/\/www.fxcess-id.com\/#organization\"},\"potentialAction\":[{\"@type\":\"SearchAction\",\"target\":{\"@type\":\"EntryPoint\",\"urlTemplate\":\"https:\/\/www.fxcess-id.com\/?s={search_term_string}\"},\"query-input\":{\"@type\":\"PropertyValueSpecification\",\"valueRequired\":true,\"valueName\":\"search_term_string\"}}],\"inLanguage\":\"es\"},{\"@type\":\"Organization\",\"@id\":\"https:\/\/www.fxcess-id.com\/#organization\",\"name\":\"FXCess\",\"url\":\"https:\/\/www.fxcess-id.com\/\",\"logo\":{\"@type\":\"ImageObject\",\"inLanguage\":\"es\",\"@id\":\"https:\/\/www.fxcess-id.com\/#\/schema\/logo\/image\/\",\"url\":\"\/wp-content\/uploads\/2021\/11\/logo.svg\",\"contentUrl\":\"\/wp-content\/uploads\/2021\/11\/logo.svg\",\"width\":134,\"height\":25,\"caption\":\"FXCess\"},\"image\":{\"@id\":\"https:\/\/www.fxcess-id.com\/#\/schema\/logo\/image\/\"}}]}<\/script>\n<!-- \/ Yoast SEO Premium plugin. -->","yoast_head_json":{"title":"Calendario econ\u00f3mico de Trading Central","description":"Siga los acontecimientos clave del mercado en tiempo real con el Calendario Econ\u00f3mico de TC. Filtre por pa\u00eds, vea las previsiones y acceda a los gr\u00e1ficos relacionados a trav\u00e9s del Portal del Cliente FXCess.","robots":{"index":"index","follow":"follow","max-snippet":"max-snippet:-1","max-image-preview":"max-image-preview:large","max-video-preview":"max-video-preview:-1"},"canonical":"https:\/\/www.fxcess-id.com\/es\/economic-calendar\/","og_locale":"es_ES","og_type":"article","og_title":"Economic Calendar","og_description":"Track key market-moving events in real time with the TC Economic Calendar. Filter by country, view forecasts and access related charts via the FXCess Client Portal.","og_url":"https:\/\/www.fxcess-id.com\/es\/economic-calendar\/","og_site_name":"FXCess","article_modified_time":"2025-09-09T07:58:15+00:00","twitter_card":"summary_large_image","twitter_misc":{"Tiempo de lectura":"2 minutos"},"schema":{"@context":"https:\/\/schema.org","@graph":[{"@type":"WebPage","@id":"https:\/\/www.fxcess-id.com\/th\/economic-calendar\/","url":"https:\/\/www.fxcess-id.com\/th\/economic-calendar\/","name":"Calendario econ\u00f3mico de Trading Central","isPartOf":{"@id":"https:\/\/www.fxcess-id.com\/#website"},"datePublished":"2025-09-04T06:12:02+00:00","dateModified":"2025-09-09T07:58:15+00:00","description":"Siga los acontecimientos clave del mercado en tiempo real con el Calendario Econ\u00f3mico de TC. Filtre por pa\u00eds, vea las previsiones y acceda a los gr\u00e1ficos relacionados a trav\u00e9s del Portal del Cliente FXCess.","breadcrumb":{"@id":"https:\/\/www.fxcess-id.com\/th\/economic-calendar\/#breadcrumb"},"inLanguage":"es","potentialAction":[{"@type":"ReadAction","target":["https:\/\/www.fxcess-id.com\/th\/economic-calendar\/"]}]},{"@type":"BreadcrumbList","@id":"https:\/\/www.fxcess-id.com\/th\/economic-calendar\/#breadcrumb","itemListElement":[{"@type":"ListItem","position":1,"name":"Home","item":"https:\/\/www.fxcess-id.com\/"},{"@type":"ListItem","position":2,"name":"Economic Calendar"}]},{"@type":"WebSite","@id":"https:\/\/www.fxcess-id.com\/#website","url":"https:\/\/www.fxcess-id.com\/","name":"FXCess","description":"Trade Forex with FXCess in Less than a Minute","publisher":{"@id":"https:\/\/www.fxcess-id.com\/#organization"},"potentialAction":[{"@type":"SearchAction","target":{"@type":"EntryPoint","urlTemplate":"https:\/\/www.fxcess-id.com\/?s={search_term_string}"},"query-input":{"@type":"PropertyValueSpecification","valueRequired":true,"valueName":"search_term_string"}}],"inLanguage":"es"},{"@type":"Organization","@id":"https:\/\/www.fxcess-id.com\/#organization","name":"FXCess","url":"https:\/\/www.fxcess-id.com\/","logo":{"@type":"ImageObject","inLanguage":"es","@id":"https:\/\/www.fxcess-id.com\/#\/schema\/logo\/image\/","url":"\/wp-content\/uploads\/2021\/11\/logo.svg","contentUrl":"\/wp-content\/uploads\/2021\/11\/logo.svg","width":134,"height":25,"caption":"FXCess"},"image":{"@id":"https:\/\/www.fxcess-id.com\/#\/schema\/logo\/image\/"}}]}},"_links":{"self":[{"href":"https:\/\/www.fxcess-id.com\/es\/wp-json\/wp\/v2\/pages\/15205","targetHints":{"allow":["GET"]}}],"collection":[{"href":"https:\/\/www.fxcess-id.com\/es\/wp-json\/wp\/v2\/pages"}],"about":[{"href":"https:\/\/www.fxcess-id.com\/es\/wp-json\/wp\/v2\/types\/page"}],"author":[{"embeddable":true,"href":"https:\/\/www.fxcess-id.com\/es\/wp-json\/wp\/v2\/users\/22"}],"replies":[{"embeddable":true,"href":"https:\/\/www.fxcess-id.com\/es\/wp-json\/wp\/v2\/comments?post=15205"}],"version-history":[{"count":10,"href":"https:\/\/www.fxcess-id.com\/es\/wp-json\/wp\/v2\/pages\/15205\/revisions"}],"predecessor-version":[{"id":15874,"href":"https:\/\/www.fxcess-id.com\/es\/wp-json\/wp\/v2\/pages\/15205\/revisions\/15874"}],"wp:attachment":[{"href":"https:\/\/www.fxcess-id.com\/es\/wp-json\/wp\/v2\/media?parent=15205"}],"curies":[{"name":"wp","href":"https:\/\/api.w.org\/{rel}","templated":true}]}}